{"id":512,"date":"2025-09-03T08:43:01","date_gmt":"2025-09-03T11:43:01","guid":{"rendered":"https:\/\/www.unsta.edu.ar\/pastoral\/?page_id=512"},"modified":"2025-12-12T11:14:24","modified_gmt":"2025-12-12T14:14:24","slug":"home2025","status":"publish","type":"page","link":"https:\/\/www.unsta.edu.ar\/pastoral\/","title":{"rendered":"home2025"},"content":{"rendered":"<h2><a href=\"#sedecentral\">Sede Central<\/a><\/h2>\n<h2><a href=\"#sedeyerbabuena\">Sede Yerba Buena<\/a><\/h2>\n<h2><a href=\"#cuc\">Sede CUC<\/a><\/h2>\n<h3>Misi\u00f3n<\/h3>\n<p style=\"text-align: left;\"><strong>La Pastoral Universitaria<\/strong>\u00a0es aquella actividad de la Universidad que ofrece a los miembros de la Comunidad la ocasi\u00f3n de coordinar el estudio acad\u00e9mico y las actividades para-acad\u00e9micas con los principios religiosos y morales, integrando de esta manera la vida con la fe. Dicha pastoral concretiza la misi\u00f3n de la Iglesia en la Universidad y forma parte integrante de su actividad y de su estructura.<\/p>\n<p>\t\t\t\t<a href=\"http:\/\/wa.me\/5493816290909\" target=\"_blank\" tabindex=\"-1\" aria-label=\"Env\u00edanos tus consultas\"><br \/>\n\t\t\t\t<svg aria-hidden=\"true\" viewBox=\"0 0 448 512\" xmlns=\"http:\/\/www.w3.org\/2000\/svg\"><path d=\"M380.9 97.1C339 55.1 283.2 32 223.9 32c-122.4 0-222 99.6-222 222 0 39.1 10.2 77.3 29.6 111L0 480l117.7-30.9c32.4 17.7 68.9 27 106.1 27h.1c122.3 0 224.1-99.6 224.1-222 0-59.3-25.2-115-67.1-157zm-157 341.6c-33.2 0-65.7-8.9-94-25.7l-6.7-4-69.8 18.3L72 359.2l-4.4-7c-18.5-29.4-28.2-63.3-28.2-98.2 0-101.7 82.8-184.5 184.6-184.5 49.3 0 95.6 19.2 130.4 54.1 34.8 34.9 56.2 81.2 56.1 130.5 0 101.8-84.9 184.6-186.6 184.6zm101.2-138.2c-5.5-2.8-32.8-16.2-37.9-18-5.1-1.9-8.8-2.8-12.5 2.8-3.7 5.6-14.3 18-17.6 21.8-3.2 3.7-6.5 4.2-12 1.4-32.6-16.3-54-29.1-75.5-66-5.7-9.8 5.7-9.1 16.3-30.3 1.8-3.7.9-6.9-.5-9.7-1.4-2.8-12.5-30.1-17.1-41.2-4.5-10.8-9.1-9.3-12.5-9.5-3.2-.2-6.9-.2-10.6-.2-3.7 0-9.7 1.4-14.8 6.9-5.1 5.6-19.4 19-19.4 46.3 0 27.3 19.9 53.7 22.6 57.4 2.8 3.7 39.1 59.7 94.8 83.8 35.2 15.2 49 16.5 66.6 13.9 10.7-1.6 32.8-13.4 37.4-26.4 4.6-13 4.6-24.1 3.2-26.4-1.3-2.5-5-3.9-10.5-6.6z\"><\/path><\/svg>\t\t\t\t<\/a><\/p>\n<h3>\n\t\t\t\t\t\t<a href=\"http:\/\/wa.me\/5493816290909\" target=\"_blank\" ><br \/>\n\t\t\t\t\t\t\tEnv\u00edanos tus consultas\t\t\t\t\t\t<\/a><br \/>\n\t\t\t\t\t<\/h3>\n<p>\n\t\t\t\t\t\t+54 9 381 629-0909\t\t\t\t\t<\/p>\n<h2>Sede Central<\/h2>\n<h2>\n\t\t\t\t\t\tComunidad Misionera Santo Domingo\t\t\t\t\t<\/h2>\n<p>\t\t\t\t\t<a href=\"https:\/\/www.unsta.edu.ar\/pastoral\/2025\/09\/03\/comunidad-misionera-santo-domingo\/\"><br \/>\n\t\t\t\t\t\tVer m\u00e1s\t\t\t\t\t<\/a><\/p>\n<h2>\n\t\t\t\t\t\tNoche de <br \/>Caridad\t\t\t\t\t<\/h2>\n<p>\t\t\t\t\t<a href=\"https:\/\/www.unsta.edu.ar\/pastoral\/2025\/09\/03\/noche-de-caridad\/\"><br \/>\n\t\t\t\t\t\tVer m\u00e1s\t\t\t\t\t<\/a><\/p>\n<h2>\n\t\t\t\t\t\tActividades<br \/>Varias\t\t\t\t\t<\/h2>\n<p>\t\t\t\t\t<a href=\"https:\/\/www.unsta.edu.ar\/pastoral\/actividades-varias\/\"><br \/>\n\t\t\t\t\t\tVer m\u00e1s\t\t\t\t\t<\/a><\/p>\n<h2>Contactos sede central:<\/h2>\n<p style=\"text-align: center;\"><strong>Noche de Caridad<\/strong><br \/>Mateo Arnedo<br \/>3816393307<\/p>\n<p style=\"text-align: center;\"><strong>Grupo Juvenil<\/strong><br \/>Bernardita Diaz Agote<br \/>3813332069<\/p>\n<p style=\"text-align: center;\"><strong>Grupo Misionero<\/strong><br \/>Solana Malek Moyano<br \/>3816768448<\/p>\n<h2>Sede Yerba Buena<\/h2>\n<h2>Grupo Pastoral Juvenil<\/h2>\n<p>Somos un grupo de estudiantes que acompa\u00f1a a otros\u00a0j\u00f3venes en su vida de fe, ayud\u00e1ndolos a descubrir a Cristo vivo en lo cotidiano.<br \/>Nuestra misi\u00f3n es llevar el Evangelio y el carisma dominico a toda la comunidad\u00a0UNSTA, siendo un espacio de encuentro, oraci\u00f3n y fraternidad.<br \/>Adem\u00e1s de nuestras reuniones de formaci\u00f3n, compartimos experiencias como\u00a0caminatas, servicios solidarios, celebraciones eucar\u00edsticas y jornadas en las que\u00a0crecemos juntos y fortalecemos nuestra fe.<br \/>No buscamos ser solo un grupo de formaci\u00f3n, sino una comunidad de amigos que\u00a0comparten la vida y se animan mutuamente a seguir a Jes\u00fas.<\/p>\n<ul>\n<li>\n\t\t\t\t\t\t\t<svg aria-hidden=\"true\" viewBox=\"0 0 512 512\" xmlns=\"http:\/\/www.w3.org\/2000\/svg\"><path d=\"M256,8C119,8,8,119,8,256S119,504,256,504,504,393,504,256,393,8,256,8Zm92.49,313h0l-20,25a16,16,0,0,1-22.49,2.5h0l-67-49.72a40,40,0,0,1-15-31.23V112a16,16,0,0,1,16-16h32a16,16,0,0,1,16,16V256l58,42.5A16,16,0,0,1,348.49,321Z\"><\/path><\/svg><br \/>\n\t\t\t\t\t\t\t\t\t\tReuniones: viernes de por medio a las 18:00 hs en el Campus Universitario,<br \/> en nuestra sala ubicada en el primer piso del edificio de Ingenier\u00eda.\n\t\t\t\t\t\t\t\t\t<\/li>\n<\/ul>\n<p>\t\t\t\t\t\t\t\t\t\t\t\t\t\t\t<img loading=\"lazy\" decoding=\"async\" width=\"1024\" height=\"768\" src=\"https:\/\/www.unsta.edu.ar\/pastoral\/wp-content\/uploads\/sites\/23\/2025\/09\/Grupo-pastoral-juvenil-YB-1024x768.jpeg\" alt=\"\" srcset=\"https:\/\/www.unsta.edu.ar\/pastoral\/wp-content\/uploads\/sites\/23\/2025\/09\/Grupo-pastoral-juvenil-YB-1024x768.jpeg 1024w, https:\/\/www.unsta.edu.ar\/pastoral\/wp-content\/uploads\/sites\/23\/2025\/09\/Grupo-pastoral-juvenil-YB-300x225.jpeg 300w, https:\/\/www.unsta.edu.ar\/pastoral\/wp-content\/uploads\/sites\/23\/2025\/09\/Grupo-pastoral-juvenil-YB-768x576.jpeg 768w, https:\/\/www.unsta.edu.ar\/pastoral\/wp-content\/uploads\/sites\/23\/2025\/09\/Grupo-pastoral-juvenil-YB-1536x1152.jpeg 1536w, https:\/\/www.unsta.edu.ar\/pastoral\/wp-content\/uploads\/sites\/23\/2025\/09\/Grupo-pastoral-juvenil-YB-scaled.jpeg 2048w, https:\/\/www.unsta.edu.ar\/pastoral\/wp-content\/uploads\/sites\/23\/2025\/09\/Grupo-pastoral-juvenil-YB-350x263.jpeg 350w\" sizes=\"auto, (max-width: 1024px) 100vw, 1024px\" \/>\t\t\t\t\t\t\t\t\t\t\t\t\t\t\t<\/p>\n<h2>Sede CUC<br \/>\n<\/h2>\n<h2>\u00c1rea Oraci\u00f3n<\/h2>\n<p>Nos encargamos de organizar las misas mensuales, actividades referentes al a\u00f1o\u00a0lit\u00fargico.<br \/>Rosario mensual todos los 8 de cada mes. (se transmite de manera virtual para\u00a0quienes deseen unirse y no puedan en forma presencial)\u00a0<br \/>Adoraciones Eucar\u00edsticas (se invita a toda la comunidad a un momento de\u00a0reflexi\u00f3n, alabanza y adoraci\u00f3n al Sant\u00edsimo Sacramento)<\/p>\n<p>\t\t\t\t\t\t\t\t\t\t\t\t\t\t\t<img loading=\"lazy\" decoding=\"async\" width=\"720\" height=\"429\" src=\"https:\/\/www.unsta.edu.ar\/pastoral\/wp-content\/uploads\/sites\/23\/2025\/09\/Area-Oracion-CUC.jpeg\" alt=\"\" srcset=\"https:\/\/www.unsta.edu.ar\/pastoral\/wp-content\/uploads\/sites\/23\/2025\/09\/Area-Oracion-CUC.jpeg 720w, https:\/\/www.unsta.edu.ar\/pastoral\/wp-content\/uploads\/sites\/23\/2025\/09\/Area-Oracion-CUC-300x179.jpeg 300w, https:\/\/www.unsta.edu.ar\/pastoral\/wp-content\/uploads\/sites\/23\/2025\/09\/Area-Oracion-CUC-350x209.jpeg 350w\" sizes=\"auto, (max-width: 720px) 100vw, 720px\" \/>\t\t\t\t\t\t\t\t\t\t\t\t\t\t\t<\/p>\n<h2>\u00c1rea Apostolado<\/h2>\n<p><strong>Tenemos 3 actividades fijas en el a\u00f1o.<\/strong><br \/>1) Noche de la Caridad: nos reunimos todos los jueves de 20.30 a 22.30 aprox. en\u00a0la guardia del hospital Regional de Concepci\u00f3n. Despu\u00e9s de unos minutos de\u00a0oraci\u00f3n recorremos los pasillos del hospital visitando a los enfermos y sus\u00a0familiares. Llevamos caf\u00e9, t\u00e9 y tortillas donadas para poder compartir y\u00a0acompa\u00f1arlos<br \/>2) D\u00eda del ni\u00f1o: Festejamos el d\u00eda del ni\u00f1o en el comedor Santa Catalina de Siena\u00a0de nuestra ciudad. Realizamos actividades, juegos, llevamos regalos y compartimos\u00a0junto a los ni\u00f1os un hermoso momento<br \/>3) Visita al hogar de ancianos: esta actividad la hacemos una vez a\u00f1o, en la cual\u00a0compartimos con los adultos mayores actividades y regalos.<\/p>\n<p>\t\t\t\t\t\t\t\t\t\t\t\t\t\t\t<img loading=\"lazy\" decoding=\"async\" width=\"1024\" height=\"768\" src=\"https:\/\/www.unsta.edu.ar\/pastoral\/wp-content\/uploads\/sites\/23\/2025\/09\/Area-apostolado-Noche-de-caridad-CUC--1024x768.jpeg\" alt=\"\" srcset=\"https:\/\/www.unsta.edu.ar\/pastoral\/wp-content\/uploads\/sites\/23\/2025\/09\/Area-apostolado-Noche-de-caridad-CUC--1024x768.jpeg 1024w, https:\/\/www.unsta.edu.ar\/pastoral\/wp-content\/uploads\/sites\/23\/2025\/09\/Area-apostolado-Noche-de-caridad-CUC--300x225.jpeg 300w, https:\/\/www.unsta.edu.ar\/pastoral\/wp-content\/uploads\/sites\/23\/2025\/09\/Area-apostolado-Noche-de-caridad-CUC--768x576.jpeg 768w, https:\/\/www.unsta.edu.ar\/pastoral\/wp-content\/uploads\/sites\/23\/2025\/09\/Area-apostolado-Noche-de-caridad-CUC--1536x1152.jpeg 1536w, https:\/\/www.unsta.edu.ar\/pastoral\/wp-content\/uploads\/sites\/23\/2025\/09\/Area-apostolado-Noche-de-caridad-CUC--350x263.jpeg 350w, https:\/\/www.unsta.edu.ar\/pastoral\/wp-content\/uploads\/sites\/23\/2025\/09\/Area-apostolado-Noche-de-caridad-CUC-.jpeg 1600w\" sizes=\"auto, (max-width: 1024px) 100vw, 1024px\" \/>\t\t\t\t\t\t\t\t\t\t\t\t\t\t\t<\/p>\n<h2>\u00c1rea Comunidad<\/h2>\n<p>En esta \u00e1rea organizamos todos los a\u00f1os la bienvenida a\u00a0ingresantes, los retiros para docentes, alumnos y colaboradores del CUC<\/p>\n<p>\t\t\t\t\t\t\t\t\t\t\t\t\t\t\t<img loading=\"lazy\" decoding=\"async\" width=\"1024\" height=\"806\" src=\"https:\/\/www.unsta.edu.ar\/pastoral\/wp-content\/uploads\/sites\/23\/2025\/09\/Area-comunidad-CUC-1024x806.jpeg\" alt=\"\" srcset=\"https:\/\/www.unsta.edu.ar\/pastoral\/wp-content\/uploads\/sites\/23\/2025\/09\/Area-comunidad-CUC-1024x806.jpeg 1024w, https:\/\/www.unsta.edu.ar\/pastoral\/wp-content\/uploads\/sites\/23\/2025\/09\/Area-comunidad-CUC-300x236.jpeg 300w, https:\/\/www.unsta.edu.ar\/pastoral\/wp-content\/uploads\/sites\/23\/2025\/09\/Area-comunidad-CUC-768x604.jpeg 768w, https:\/\/www.unsta.edu.ar\/pastoral\/wp-content\/uploads\/sites\/23\/2025\/09\/Area-comunidad-CUC-350x275.jpeg 350w, https:\/\/www.unsta.edu.ar\/pastoral\/wp-content\/uploads\/sites\/23\/2025\/09\/Area-comunidad-CUC.jpeg 1080w\" sizes=\"auto, (max-width: 1024px) 100vw, 1024px\" \/>\t\t\t\t\t\t\t\t\t\t\t\t\t\t\t<\/p>\n<h2>\u00c1rea Comunicaci\u00f3n<\/h2>\n<p>En esta \u00e1rea organizamos todos los a\u00f1os la bienvenida a\u00a0ingresantes, los retiros para docentes, alumnos y colaboradores del CUC<\/p>\n<h2>Equipo de Pastoral Concepci\u00f3n<\/h2>\n<p style=\"text-align: center;\"><strong>CONTACTO CUC<\/strong><br \/>Fernanda Ju\u00e1rez (Coordinadora):<br \/>3865440790<\/p>\n","protected":false},"excerpt":{"rendered":"<p>Sede Central Sede Yerba Buena Sede CUC Misi\u00f3n La Pastoral Universitaria\u00a0es aquella actividad de la Universidad que ofrece a los miembros de la Comunidad la ocasi\u00f3n de coordinar el estudio acad\u00e9mico y las actividades para-acad\u00e9micas con los principios religiosos y morales, integrando de esta manera la vida con la fe. Dicha pastoral concretiza la misi\u00f3n &hellip; <\/p>\n<p class=\"link-more\"><a href=\"https:\/\/www.unsta.edu.ar\/pastoral\/\" class=\"more-link\">Segu\u00ed leyendo<span class=\"screen-reader-text\"> &#8220;home2025&#8221;<\/span><\/a><\/p>\n","protected":false},"author":1,"featured_media":0,"parent":0,"menu_order":0,"comment_status":"closed","ping_status":"closed","template":"elementor_header_footer","meta":{"_acf_changed":false,"footnotes":""},"class_list":["post-512","page","type-page","status-publish","hentry"],"acf":[],"_links":{"self":[{"href":"https:\/\/www.unsta.edu.ar\/pastoral\/wp-json\/wp\/v2\/pages\/512","targetHints":{"allow":["GET"]}}],"collection":[{"href":"https:\/\/www.unsta.edu.ar\/pastoral\/wp-json\/wp\/v2\/pages"}],"about":[{"href":"https:\/\/www.unsta.edu.ar\/pastoral\/wp-json\/wp\/v2\/types\/page"}],"author":[{"embeddable":true,"href":"https:\/\/www.unsta.edu.ar\/pastoral\/wp-json\/wp\/v2\/users\/1"}],"replies":[{"embeddable":true,"href":"https:\/\/www.unsta.edu.ar\/pastoral\/wp-json\/wp\/v2\/comments?post=512"}],"version-history":[{"count":64,"href":"https:\/\/www.unsta.edu.ar\/pastoral\/wp-json\/wp\/v2\/pages\/512\/revisions"}],"predecessor-version":[{"id":628,"href":"https:\/\/www.unsta.edu.ar\/pastoral\/wp-json\/wp\/v2\/pages\/512\/revisions\/628"}],"wp:attachment":[{"href":"https:\/\/www.unsta.edu.ar\/pastoral\/wp-json\/wp\/v2\/media?parent=512"}],"curies":[{"name":"wp","href":"https:\/\/api.w.org\/{rel}","templated":true}]}}