{"id":888,"date":"2024-08-01T13:59:02","date_gmt":"2024-08-01T16:59:02","guid":{"rendered":"https:\/\/www.unsta.edu.ar\/panoramaseclesiales\/?page_id=888"},"modified":"2024-08-01T14:35:10","modified_gmt":"2024-08-01T17:35:10","slug":"ficha-no-16","status":"publish","type":"page","link":"https:\/\/www.unsta.edu.ar\/panoramaseclesiales\/ficha-no-16\/","title":{"rendered":"Ficha N\u00ba: 16"},"content":{"rendered":"<h2>fichas<\/h2>\n<h2>Instituto de Investigaciones Hist\u00f3ricas UNSTA<\/h2>\n<h4>Ficha N\u00ba 16: Ruinas de Lules<\/h4>\n<p>\t\t\t\t\t\t\t<button id=\"e-n-tabs-title-1661\" aria-selected=\"true\" data-tab-index=\"1\" role=\"tab\" tabindex=\"0\" aria-controls=\"e-n-tab-content-1661\" aria-label=\"Open tab (Enter or Space) | Return (Escape)\" style=\"--n-tabs-title-order: 1;\"><br \/>\n\t\t\t\t\tIdentificaci\u00f3n<br \/>\n\t\t\t<\/button><br \/>\n\t\t\t\t\t<button id=\"e-n-tabs-title-1662\" aria-selected=\"false\" data-tab-index=\"2\" role=\"tab\" tabindex=\"-1\" aria-controls=\"e-n-tab-content-1662\" aria-label=\"Open tab (Enter or Space) | Return (Escape)\" style=\"--n-tabs-title-order: 2;\"><br \/>\n\t\t\t\t\tRese\u00f1a<br \/>\n\t\t\t<\/button><br \/>\n\t\t\t\t\t<button id=\"e-n-tabs-title-1663\" aria-selected=\"false\" data-tab-index=\"3\" role=\"tab\" tabindex=\"-1\" aria-controls=\"e-n-tab-content-1663\" aria-label=\"Open tab (Enter or Space) | Return (Escape)\" style=\"--n-tabs-title-order: 3;\"><br \/>\n\t\t\t\t\tEnlaces y bibliograf\u00eda<br \/>\n\t\t\t<\/button><br \/>\n\t\t\t\t\t<button id=\"e-n-tabs-title-1664\" aria-selected=\"false\" data-tab-index=\"4\" role=\"tab\" tabindex=\"-1\" aria-controls=\"e-n-tab-content-1664\" aria-label=\"Open tab (Enter or Space) | Return (Escape)\" style=\"--n-tabs-title-order: 4;\"><br \/>\n\t\t\t\t\tGaleria de fotos<br \/>\n\t\t\t<\/button><\/p>\n<p><b>Autor\/a: <\/b>Tamara Taddei<\/p>\n<p><b>Mail<\/b>:\u00a0 <a style=\"color: #ffffff;\" href=\"mailto:tamytaddei@gmail.com\">tamytaddei@gmail.com<\/a>\u00a0<\/p>\n<p><b>Nombre de la Ficha: <\/b>Revalorizaci\u00f3n de las ruinas de San Jos\u00e9 del Monte de los Lules<\/p>\n<p>(Tucum\u00e1n). Una aproximaci\u00f3n desde la bioarqueolog\u00eda, las pr\u00e1cticas funerarias y las<\/p>\n<p>fuentes hist\u00f3ricas.<\/p>\n<p><b>Datos cronol\u00f3gicos: <\/b>Siglo XIX<\/p>\n<p><b>Lugar (Ciudad, Pa\u00eds): <\/b>San Jos\u00e9 de Lules, Tucum\u00e1n<\/p>\n<p><b>Palabras clave<\/b>: bioarqueolog\u00eda, pr\u00e1cticas funerarias, antropolog\u00eda biol\u00f3gica, arqueolog\u00eda<\/p>\n<p>En los a\u00f1os 2021 y 2022 se realizaron excavaciones sistem\u00e1ticas en el sector cercano al ingreso del\u00a0 Monumento Hist\u00f3rico Nacional Capilla San Jos\u00e9 de Lules con el objetivo de caracterizar la composici\u00f3n y estructura de restos \u00f3seos y dentales humanos; analizar la diversidad de las condiciones de salud y actividades cotidianas realizadas por los individuos recuperados e identificar las caracter\u00edsticas principales del estado sanitario; analizar la diversidad de las condiciones de salud y actividades cotidianas realizadas por los individuos recuperados e identificar las caracter\u00edsticas principales del estado sanitario mediante el estudio de indicadores metab\u00f3licos y patol\u00f3gicos; estudiar la diversidad de los tipos de entierro identificados, de la evidencia cultural asociada y de la disposici\u00f3n espacial de cada uno de los entierros, para identificar patrones mortuorios y discutir las caracter\u00edsticas funerarias de los entierros a trav\u00e9s de la comparaci\u00f3n de la informaci\u00f3n contextual, bio arqueol\u00f3gica e hist\u00f3rica obtenida con los antecedentes disponibles para regiones vecinas durante el mismo rango cronol\u00f3gico.<\/p>\n<p>\t\t\t\t\t\t\t<a href=\"https:\/\/www.unsta.edu.ar\/panoramaseclesiales\/wp-content\/uploads\/sites\/33\/2024\/08\/Figura-2-.jpeg\" data-elementor-open-lightbox=\"yes\" data-elementor-lightbox-slideshow=\"all-f3cd9bb\" data-elementor-lightbox-title=\"Figura 2\" data-e-action-hash=\"#elementor-action%3Aaction%3Dlightbox%26settings%3DeyJpZCI6ODkzLCJ1cmwiOiJodHRwczpcL1wvd3d3LnVuc3RhLmVkdS5hclwvcGFub3JhbWFzZWNsZXNpYWxlc1wvd3AtY29udGVudFwvdXBsb2Fkc1wvc2l0ZXNcLzMzXC8yMDI0XC8wOFwvRmlndXJhLTItLmpwZWciLCJzbGlkZXNob3ciOiJhbGwtZjNjZDliYiJ9\"><br \/>\n\t\t\t\t\t\t\t\t\t\t\t\t\t\t<\/a><br \/>\n\t\t\t\t\t\t\t<a href=\"https:\/\/www.unsta.edu.ar\/panoramaseclesiales\/wp-content\/uploads\/sites\/33\/2024\/08\/Figura-3.jpg\" data-elementor-open-lightbox=\"yes\" data-elementor-lightbox-slideshow=\"all-f3cd9bb\" data-elementor-lightbox-title=\"Figura 3\" data-e-action-hash=\"#elementor-action%3Aaction%3Dlightbox%26settings%3DeyJpZCI6ODkxLCJ1cmwiOiJodHRwczpcL1wvd3d3LnVuc3RhLmVkdS5hclwvcGFub3JhbWFzZWNsZXNpYWxlc1wvd3AtY29udGVudFwvdXBsb2Fkc1wvc2l0ZXNcLzMzXC8yMDI0XC8wOFwvRmlndXJhLTMuanBnIiwic2xpZGVzaG93IjoiYWxsLWYzY2Q5YmIifQ%3D%3D\"><br \/>\n\t\t\t\t\t\t\t\t\t\t\t\t\t\t<\/a><br \/>\n\t\t\t\t\t\t\t<a href=\"https:\/\/www.unsta.edu.ar\/panoramaseclesiales\/wp-content\/uploads\/sites\/33\/2024\/08\/Figura-4-.jpg\" data-elementor-open-lightbox=\"yes\" data-elementor-lightbox-slideshow=\"all-f3cd9bb\" data-elementor-lightbox-title=\"Figura 4\" data-e-action-hash=\"#elementor-action%3Aaction%3Dlightbox%26settings%3DeyJpZCI6ODkwLCJ1cmwiOiJodHRwczpcL1wvd3d3LnVuc3RhLmVkdS5hclwvcGFub3JhbWFzZWNsZXNpYWxlc1wvd3AtY29udGVudFwvdXBsb2Fkc1wvc2l0ZXNcLzMzXC8yMDI0XC8wOFwvRmlndXJhLTQtLmpwZyIsInNsaWRlc2hvdyI6ImFsbC1mM2NkOWJiIn0%3D\"><br \/>\n\t\t\t\t\t\t\t\t\t\t\t\t\t\t<\/a><br \/>\n\t\t\t\t\t\t\t<a href=\"https:\/\/www.unsta.edu.ar\/panoramaseclesiales\/wp-content\/uploads\/sites\/33\/2024\/08\/Figura-5-.jpeg\" data-elementor-open-lightbox=\"yes\" data-elementor-lightbox-slideshow=\"all-f3cd9bb\" data-elementor-lightbox-title=\"Figura 5\" data-e-action-hash=\"#elementor-action%3Aaction%3Dlightbox%26settings%3DeyJpZCI6ODk0LCJ1cmwiOiJodHRwczpcL1wvd3d3LnVuc3RhLmVkdS5hclwvcGFub3JhbWFzZWNsZXNpYWxlc1wvd3AtY29udGVudFwvdXBsb2Fkc1wvc2l0ZXNcLzMzXC8yMDI0XC8wOFwvRmlndXJhLTUtLmpwZWciLCJzbGlkZXNob3ciOiJhbGwtZjNjZDliYiJ9\"><br \/>\n\t\t\t\t\t\t\t\t\t\t\t\t\t\t<\/a><\/p>\n<p><b>Autor\/a: <\/b>Tamara Taddei<\/p>\n<p><b>Mail<\/b>:\u00a0 <a style=\"color: #ffffff;\" href=\"mailto:tamytaddei@gmail.com\">tamytaddei@gmail.com<\/a>\u00a0<\/p>\n<p><b>Nombre de la Ficha: <\/b>Revalorizaci\u00f3n de las ruinas de San Jos\u00e9 del Monte de los Lules<\/p>\n<p>(Tucum\u00e1n). Una aproximaci\u00f3n desde la bioarqueolog\u00eda, las pr\u00e1cticas funerarias y las<\/p>\n<p>fuentes hist\u00f3ricas.<\/p>\n<p><b>Datos cronol\u00f3gicos: <\/b>Siglo XIX<\/p>\n<p><b>Lugar (Ciudad, Pa\u00eds): <\/b>San Jos\u00e9 de Lules, Tucum\u00e1n<\/p>\n<p><b>Palabras clave<\/b>: bioarqueolog\u00eda, pr\u00e1cticas funerarias, antropolog\u00eda biol\u00f3gica, arqueolog\u00eda<\/p>\n<p>En los a\u00f1os 2021 y 2022 se realizaron excavaciones sistem\u00e1ticas en el sector cercano al ingreso del\u00a0 Monumento Hist\u00f3rico Nacional Capilla San Jos\u00e9 de Lules con el objetivo de caracterizar la composici\u00f3n y estructura de restos \u00f3seos y dentales humanos; analizar la diversidad de las condiciones de salud y actividades cotidianas realizadas por los individuos recuperados e identificar las caracter\u00edsticas principales del estado sanitario; analizar la diversidad de las condiciones de salud y actividades cotidianas realizadas por los individuos recuperados e identificar las caracter\u00edsticas principales del estado sanitario mediante el estudio de indicadores metab\u00f3licos y patol\u00f3gicos; estudiar la diversidad de los tipos de entierro identificados, de la evidencia cultural asociada y de la disposici\u00f3n espacial de cada uno de los entierros, para identificar patrones mortuorios y discutir las caracter\u00edsticas funerarias de los entierros a trav\u00e9s de la comparaci\u00f3n de la informaci\u00f3n contextual, bio arqueol\u00f3gica e hist\u00f3rica obtenida con los antecedentes disponibles para regiones vecinas durante el mismo rango cronol\u00f3gico.<\/p>\n<p>\t\t\t\t\t\t\t<a href=\"https:\/\/www.unsta.edu.ar\/panoramaseclesiales\/wp-content\/uploads\/sites\/33\/2024\/08\/Figura-2-.jpeg\" data-elementor-open-lightbox=\"yes\" data-elementor-lightbox-slideshow=\"all-f3cd9bb\" data-elementor-lightbox-title=\"Figura 2\" data-e-action-hash=\"#elementor-action%3Aaction%3Dlightbox%26settings%3DeyJpZCI6ODkzLCJ1cmwiOiJodHRwczpcL1wvd3d3LnVuc3RhLmVkdS5hclwvcGFub3JhbWFzZWNsZXNpYWxlc1wvd3AtY29udGVudFwvdXBsb2Fkc1wvc2l0ZXNcLzMzXC8yMDI0XC8wOFwvRmlndXJhLTItLmpwZWciLCJzbGlkZXNob3ciOiJhbGwtZjNjZDliYiJ9\"><br \/>\n\t\t\t\t\t\t\t\t\t\t\t\t\t\t<\/a><br \/>\n\t\t\t\t\t\t\t<a href=\"https:\/\/www.unsta.edu.ar\/panoramaseclesiales\/wp-content\/uploads\/sites\/33\/2024\/08\/Figura-3.jpg\" data-elementor-open-lightbox=\"yes\" data-elementor-lightbox-slideshow=\"all-f3cd9bb\" data-elementor-lightbox-title=\"Figura 3\" data-e-action-hash=\"#elementor-action%3Aaction%3Dlightbox%26settings%3DeyJpZCI6ODkxLCJ1cmwiOiJodHRwczpcL1wvd3d3LnVuc3RhLmVkdS5hclwvcGFub3JhbWFzZWNsZXNpYWxlc1wvd3AtY29udGVudFwvdXBsb2Fkc1wvc2l0ZXNcLzMzXC8yMDI0XC8wOFwvRmlndXJhLTMuanBnIiwic2xpZGVzaG93IjoiYWxsLWYzY2Q5YmIifQ%3D%3D\"><br \/>\n\t\t\t\t\t\t\t\t\t\t\t\t\t\t<\/a><br \/>\n\t\t\t\t\t\t\t<a href=\"https:\/\/www.unsta.edu.ar\/panoramaseclesiales\/wp-content\/uploads\/sites\/33\/2024\/08\/Figura-4-.jpg\" data-elementor-open-lightbox=\"yes\" data-elementor-lightbox-slideshow=\"all-f3cd9bb\" data-elementor-lightbox-title=\"Figura 4\" data-e-action-hash=\"#elementor-action%3Aaction%3Dlightbox%26settings%3DeyJpZCI6ODkwLCJ1cmwiOiJodHRwczpcL1wvd3d3LnVuc3RhLmVkdS5hclwvcGFub3JhbWFzZWNsZXNpYWxlc1wvd3AtY29udGVudFwvdXBsb2Fkc1wvc2l0ZXNcLzMzXC8yMDI0XC8wOFwvRmlndXJhLTQtLmpwZyIsInNsaWRlc2hvdyI6ImFsbC1mM2NkOWJiIn0%3D\"><br \/>\n\t\t\t\t\t\t\t\t\t\t\t\t\t\t<\/a><br \/>\n\t\t\t\t\t\t\t<a href=\"https:\/\/www.unsta.edu.ar\/panoramaseclesiales\/wp-content\/uploads\/sites\/33\/2024\/08\/Figura-5-.jpeg\" data-elementor-open-lightbox=\"yes\" data-elementor-lightbox-slideshow=\"all-f3cd9bb\" data-elementor-lightbox-title=\"Figura 5\" data-e-action-hash=\"#elementor-action%3Aaction%3Dlightbox%26settings%3DeyJpZCI6ODk0LCJ1cmwiOiJodHRwczpcL1wvd3d3LnVuc3RhLmVkdS5hclwvcGFub3JhbWFzZWNsZXNpYWxlc1wvd3AtY29udGVudFwvdXBsb2Fkc1wvc2l0ZXNcLzMzXC8yMDI0XC8wOFwvRmlndXJhLTUtLmpwZWciLCJzbGlkZXNob3ciOiJhbGwtZjNjZDliYiJ9\"><br \/>\n\t\t\t\t\t\t\t\t\t\t\t\t\t\t<\/a><\/p>\n","protected":false},"excerpt":{"rendered":"<p>fichas Instituto de Investigaciones Hist\u00f3ricas UNSTA Ficha N\u00ba 16: Ruinas de Lules Identificaci\u00f3n Rese\u00f1a Enlaces y bibliograf\u00eda Galeria de fotos Autor\/a: Tamara Taddei Mail:\u00a0 tamytaddei@gmail.com\u00a0 Nombre de la Ficha: Revalorizaci\u00f3n de las ruinas de San Jos\u00e9 del Monte de los Lules (Tucum\u00e1n). Una aproximaci\u00f3n desde la bioarqueolog\u00eda, las pr\u00e1cticas funerarias y las fuentes hist\u00f3ricas. Datos [&hellip;]<\/p>\n","protected":false},"author":12,"featured_media":0,"parent":0,"menu_order":0,"comment_status":"closed","ping_status":"closed","template":"elementor_header_footer","meta":{"_acf_changed":false,"_angie_page":false,"site-sidebar-layout":"no-sidebar","site-content-layout":"page-builder","ast-site-content-layout":"full-width-container","site-content-style":"default","site-sidebar-style":"default","ast-global-header-display":"","ast-banner-title-visibility":"","ast-main-header-display":"","ast-hfb-above-header-display":"","ast-hfb-below-header-display":"","ast-hfb-mobile-header-display":"","site-post-title":"disabled","ast-breadcrumbs-content":"","ast-featured-img":"disabled","footer-sml-layout":"","ast-disable-related-posts":"","theme-transparent-header-meta":"","adv-header-id-meta":"","stick-header-meta":"","header-above-stick-meta":"","header-main-stick-meta":"","header-below-stick-meta":"","astra-migrate-meta-layouts":"set","ast-page-background-enabled":"default","ast-page-background-meta":{"desktop":{"background-color":"var(--ast-global-color-4)","background-image":"","background-repeat":"repeat","background-position":"center center","background-size":"auto","background-attachment":"scroll","background-type":"","background-media":"","overlay-type":"","overlay-color":"","overlay-opacity":"","overlay-gradient":""},"tablet":{"background-color":"","background-image":"","background-repeat":"repeat","background-position":"center center","background-size":"auto","background-attachment":"scroll","background-type":"","background-media":"","overlay-type":"","overlay-color":"","overlay-opacity":"","overlay-gradient":""},"mobile":{"background-color":"","background-image":"","background-repeat":"repeat","background-position":"center center","background-size":"auto","background-attachment":"scroll","background-type":"","background-media":"","overlay-type":"","overlay-color":"","overlay-opacity":"","overlay-gradient":""}},"ast-content-background-meta":{"desktop":{"background-color":"var(--ast-global-color-5)","background-image":"","background-repeat":"repeat","background-position":"center center","background-size":"auto","background-attachment":"scroll","background-type":"","background-media":"","overlay-type":"","overlay-color":"","overlay-opacity":"","overlay-gradient":""},"tablet":{"background-color":"var(--ast-global-color-5)","background-image":"","background-repeat":"repeat","background-position":"center center","background-size":"auto","background-attachment":"scroll","background-type":"","background-media":"","overlay-type":"","overlay-color":"","overlay-opacity":"","overlay-gradient":""},"mobile":{"background-color":"var(--ast-global-color-5)","background-image":"","background-repeat":"repeat","background-position":"center center","background-size":"auto","background-attachment":"scroll","background-type":"","background-media":"","overlay-type":"","overlay-color":"","overlay-opacity":"","overlay-gradient":""}},"footnotes":""},"class_list":["post-888","page","type-page","status-publish","hentry"],"acf":[],"_links":{"self":[{"href":"https:\/\/www.unsta.edu.ar\/panoramaseclesiales\/wp-json\/wp\/v2\/pages\/888","targetHints":{"allow":["GET"]}}],"collection":[{"href":"https:\/\/www.unsta.edu.ar\/panoramaseclesiales\/wp-json\/wp\/v2\/pages"}],"about":[{"href":"https:\/\/www.unsta.edu.ar\/panoramaseclesiales\/wp-json\/wp\/v2\/types\/page"}],"author":[{"embeddable":true,"href":"https:\/\/www.unsta.edu.ar\/panoramaseclesiales\/wp-json\/wp\/v2\/users\/12"}],"replies":[{"embeddable":true,"href":"https:\/\/www.unsta.edu.ar\/panoramaseclesiales\/wp-json\/wp\/v2\/comments?post=888"}],"version-history":[{"count":7,"href":"https:\/\/www.unsta.edu.ar\/panoramaseclesiales\/wp-json\/wp\/v2\/pages\/888\/revisions"}],"predecessor-version":[{"id":903,"href":"https:\/\/www.unsta.edu.ar\/panoramaseclesiales\/wp-json\/wp\/v2\/pages\/888\/revisions\/903"}],"wp:attachment":[{"href":"https:\/\/www.unsta.edu.ar\/panoramaseclesiales\/wp-json\/wp\/v2\/media?parent=888"}],"curies":[{"name":"wp","href":"https:\/\/api.w.org\/{rel}","templated":true}]}}