{"id":873,"date":"2024-08-01T13:34:23","date_gmt":"2024-08-01T16:34:23","guid":{"rendered":"https:\/\/www.unsta.edu.ar\/panoramaseclesiales\/?page_id=873"},"modified":"2024-08-01T13:57:28","modified_gmt":"2024-08-01T16:57:28","slug":"ficha-n18","status":"publish","type":"page","link":"https:\/\/www.unsta.edu.ar\/panoramaseclesiales\/ficha-n18\/","title":{"rendered":"Ficha N\u00b018"},"content":{"rendered":"<h2>fichas<\/h2>\n<h2>Instituto de Investigaciones Hist\u00f3ricas UNSTA<\/h2>\n<h4>Ficha N\u00b0 18: Evocaci\u00f3n hist\u00f3rica<\/h4>\n<p>\t\t\t\t\t\t\t<button id=\"e-n-tabs-title-8371\" aria-selected=\"true\" data-tab-index=\"1\" role=\"tab\" tabindex=\"0\" aria-controls=\"e-n-tab-content-8371\" aria-label=\"Open tab (Enter or Space) | Return (Escape)\" style=\"--n-tabs-title-order: 1;\"><br \/>\n\t\t\t\t\tIdentificaci\u00f3n<br \/>\n\t\t\t<\/button><br \/>\n\t\t\t\t\t<button id=\"e-n-tabs-title-8372\" aria-selected=\"false\" data-tab-index=\"2\" role=\"tab\" tabindex=\"-1\" aria-controls=\"e-n-tab-content-8372\" aria-label=\"Open tab (Enter or Space) | Return (Escape)\" style=\"--n-tabs-title-order: 2;\"><br \/>\n\t\t\t\t\tRese\u00f1a<br \/>\n\t\t\t<\/button><br \/>\n\t\t\t\t\t<button id=\"e-n-tabs-title-8373\" aria-selected=\"false\" data-tab-index=\"3\" role=\"tab\" tabindex=\"-1\" aria-controls=\"e-n-tab-content-8373\" aria-label=\"Open tab (Enter or Space) | Return (Escape)\" style=\"--n-tabs-title-order: 3;\"><br \/>\n\t\t\t\t\tEnlaces y bibliograf\u00eda<br \/>\n\t\t\t<\/button><br \/>\n\t\t\t\t\t<button id=\"e-n-tabs-title-8374\" aria-selected=\"false\" data-tab-index=\"4\" role=\"tab\" tabindex=\"-1\" aria-controls=\"e-n-tab-content-8374\" aria-label=\"Open tab (Enter or Space) | Return (Escape)\" style=\"--n-tabs-title-order: 4;\"><br \/>\n\t\t\t\t\tGaleria de fotos<br \/>\n\t\t\t<\/button><\/p>\n<p><b>\u00a0Autor: <\/b>Alejandro Esser<\/p>\n<p><b>Mail: <\/b><a style=\"color: #ffffff;\" href=\"mailto:alejandro.esser@unsta.edu.ar\"><b>Alejandro Esser<\/b><\/a><\/p>\n<p><b>Nombre: <\/b>\u201cEvocaci\u00f3n hist\u00f3rica\u201d, de Te\u00f3filo Castillo<\/p>\n<p><b>Datos cronol\u00f3gicos:\u00a0<\/b> 1921<\/p>\n<p><b>Lugar:<\/b> San Miguel de Tucum\u00e1n, Argentina<\/p>\n<p><b>Direcci\u00f3n: <\/b>Congreso 141<\/p>\n<p><b>Palabras clave: <\/b>Tucum\u00e1n, Arte, Pintura, Castillo<\/p>\n<p><i>Evocaci\u00f3n hist\u00f3rica<\/i> es probablemente la obra m\u00e1s conocida y referida de Castillo durante el \u00faltimo periodo de su vida. Este \u00f3leo, fechado en 1921, apareci\u00f3 publicado por primera vez aquel a\u00f1o a toda p\u00e1gina en la tapa de la edici\u00f3n extraordinaria de Navidad de La Gaceta. La obra nos presenta una escena donde con generoso colorido se representan los momentos posteriores a la Declaraci\u00f3n de la Independencia Argentina frente al hist\u00f3rico solar. Cabe destacar que, al momento de pintar esta obra, la fachada original ya no exist\u00eda. Por lo que, para la reconstrucci\u00f3n de esta escena, Castillo se vali\u00f3 de una copia de la famosa foto del italiano \u00c1ngel Paganelli (1838-1928) que llevaba consigo desde su primera visita a la ciudad.<\/p>\n<p>Numerosos personajes se concentran a las puertas de la antigua casona donde se realiz\u00f3 la jura vestidos con ropa propia de la \u00e9poca. En el centro, el General Manuel Belgrano sostiene triunfante en sus manos el pabell\u00f3n nacional present\u00e1ndolo al Congreso de Tucum\u00e1n. Un personaje ubicado bajo el umbral de la casa festeja con los brazos en alto el resultado de la hist\u00f3rica jornada. La Virgen de la Merced ingresa en procesi\u00f3n por la izquierda del cuadro para acompa\u00f1ar a la multitud en los festejos. Para acentuar el clima festivo y reforzar la idea del nacimiento de la nueva naci\u00f3n, Castillo se toma la libertad de pintar un lapacho en flor, adelant\u00e1ndose un poco al inicio de la primavera. Al fondo del paisaje, se advierte la c\u00fapula y el campanario de la Catedral tucumana, los cuales, cabe destacar, no exist\u00edan en 1816. Pero esto no se trat\u00f3 de un error pues, en otras obras del g\u00e9nero, Castillo ya se hab\u00eda tomado estas licencias. Indudablemente, eran gui\u00f1os hacia el espectador, donde el artista pon\u00eda de manifiesto la cuesti\u00f3n de la p\u00e9rdida de elementos b\u00e1sicos en la construcci\u00f3n de la identidad nacional: tanto la casa como la iglesia matriz de Tucum\u00e1n hab\u00edan sido demolidas y reemplazadas por construcciones modernas. Claramente, esta cuesti\u00f3n no le era para nada indiferente a Castillo.<\/p>\n<p>2023 \u201cLas huellas de Castillo en el bagaje art\u00edstico provincial\u201d. En: Diario \u201cLa Gaceta\u201d, Tucum\u00e1n:<\/p>\n<p><a href=\"https:\/\/www.lagaceta.com.ar\/nota\/992073\/politica\/huellas-castillo-bagaje-artisticoprovincial.html\">https:\/\/www.lagaceta.com.ar\/nota\/992073\/politica\/huellas-castillo-bagaje-artisticoprovincial.html<\/a><\/p>\n<p>\t\t\t\t\t\t\t<a href=\"https:\/\/www.unsta.edu.ar\/panoramaseclesiales\/wp-content\/uploads\/sites\/33\/2024\/08\/Figura-1.-Evocacion-historica-1921.-Coleccion-privada-.jpg\" data-elementor-open-lightbox=\"yes\" data-elementor-lightbox-slideshow=\"all-0f8921e\" data-elementor-lightbox-title=\"Figura 1. Evocaci\u00f3n hist\u00f3rica (1921). Colecci\u00f3n privada\" data-e-action-hash=\"#elementor-action%3Aaction%3Dlightbox%26settings%3DeyJpZCI6ODgxLCJ1cmwiOiJodHRwczpcL1wvd3d3LnVuc3RhLmVkdS5hclwvcGFub3JhbWFzZWNsZXNpYWxlc1wvd3AtY29udGVudFwvdXBsb2Fkc1wvc2l0ZXNcLzMzXC8yMDI0XC8wOFwvRmlndXJhLTEuLUV2b2NhY2lvbi1oaXN0b3JpY2EtMTkyMS4tQ29sZWNjaW9uLXByaXZhZGEtLmpwZyIsInNsaWRlc2hvdyI6ImFsbC0wZjg5MjFlIn0%3D\"><br \/>\n\t\t\t\t\t\t\t\t\t\t\t\t\t\t<\/a><\/p>\n<p><b>\u00a0Autor: <\/b>Alejandro Esser<\/p>\n<p><b>Mail: <\/b><a style=\"color: #ffffff;\" href=\"mailto:alejandro.esser@unsta.edu.ar\"><b>Alejandro Esser<\/b><\/a><\/p>\n<p><b>Nombre: <\/b>\u201cEvocaci\u00f3n hist\u00f3rica\u201d, de Te\u00f3filo Castillo<\/p>\n<p><b>Datos cronol\u00f3gicos:\u00a0<\/b> 1921<\/p>\n<p><b>Lugar:<\/b> San Miguel de Tucum\u00e1n, Argentina<\/p>\n<p><b>Direcci\u00f3n: <\/b>Congreso 141<\/p>\n<p><b>Palabras clave: <\/b>Tucum\u00e1n, Arte, Pintura, Castillo<\/p>\n<p><i>Evocaci\u00f3n hist\u00f3rica<\/i> es probablemente la obra m\u00e1s conocida y referida de Castillo durante el \u00faltimo periodo de su vida. Este \u00f3leo, fechado en 1921, apareci\u00f3 publicado por primera vez aquel a\u00f1o a toda p\u00e1gina en la tapa de la edici\u00f3n extraordinaria de Navidad de La Gaceta. La obra nos presenta una escena donde con generoso colorido se representan los momentos posteriores a la Declaraci\u00f3n de la Independencia Argentina frente al hist\u00f3rico solar. Cabe destacar que, al momento de pintar esta obra, la fachada original ya no exist\u00eda. Por lo que, para la reconstrucci\u00f3n de esta escena, Castillo se vali\u00f3 de una copia de la famosa foto del italiano \u00c1ngel Paganelli (1838-1928) que llevaba consigo desde su primera visita a la ciudad.<\/p>\n<p>Numerosos personajes se concentran a las puertas de la antigua casona donde se realiz\u00f3 la jura vestidos con ropa propia de la \u00e9poca. En el centro, el General Manuel Belgrano sostiene triunfante en sus manos el pabell\u00f3n nacional present\u00e1ndolo al Congreso de Tucum\u00e1n. Un personaje ubicado bajo el umbral de la casa festeja con los brazos en alto el resultado de la hist\u00f3rica jornada. La Virgen de la Merced ingresa en procesi\u00f3n por la izquierda del cuadro para acompa\u00f1ar a la multitud en los festejos. Para acentuar el clima festivo y reforzar la idea del nacimiento de la nueva naci\u00f3n, Castillo se toma la libertad de pintar un lapacho en flor, adelant\u00e1ndose un poco al inicio de la primavera. Al fondo del paisaje, se advierte la c\u00fapula y el campanario de la Catedral tucumana, los cuales, cabe destacar, no exist\u00edan en 1816. Pero esto no se trat\u00f3 de un error pues, en otras obras del g\u00e9nero, Castillo ya se hab\u00eda tomado estas licencias. Indudablemente, eran gui\u00f1os hacia el espectador, donde el artista pon\u00eda de manifiesto la cuesti\u00f3n de la p\u00e9rdida de elementos b\u00e1sicos en la construcci\u00f3n de la identidad nacional: tanto la casa como la iglesia matriz de Tucum\u00e1n hab\u00edan sido demolidas y reemplazadas por construcciones modernas. Claramente, esta cuesti\u00f3n no le era para nada indiferente a Castillo.<\/p>\n<p>2023 \u201cLas huellas de Castillo en el bagaje art\u00edstico provincial\u201d. En: Diario \u201cLa Gaceta\u201d, Tucum\u00e1n:<\/p>\n<p><a href=\"https:\/\/www.lagaceta.com.ar\/nota\/992073\/politica\/huellas-castillo-bagaje-artisticoprovincial.html\">https:\/\/www.lagaceta.com.ar\/nota\/992073\/politica\/huellas-castillo-bagaje-artisticoprovincial.html<\/a><\/p>\n<p>\t\t\t\t\t\t\t<a href=\"https:\/\/www.unsta.edu.ar\/panoramaseclesiales\/wp-content\/uploads\/sites\/33\/2024\/08\/Figura-1.-Evocacion-historica-1921.-Coleccion-privada-.jpg\" data-elementor-open-lightbox=\"yes\" data-elementor-lightbox-slideshow=\"all-0f8921e\" data-elementor-lightbox-title=\"Figura 1. Evocaci\u00f3n hist\u00f3rica (1921). Colecci\u00f3n privada\" data-e-action-hash=\"#elementor-action%3Aaction%3Dlightbox%26settings%3DeyJpZCI6ODgxLCJ1cmwiOiJodHRwczpcL1wvd3d3LnVuc3RhLmVkdS5hclwvcGFub3JhbWFzZWNsZXNpYWxlc1wvd3AtY29udGVudFwvdXBsb2Fkc1wvc2l0ZXNcLzMzXC8yMDI0XC8wOFwvRmlndXJhLTEuLUV2b2NhY2lvbi1oaXN0b3JpY2EtMTkyMS4tQ29sZWNjaW9uLXByaXZhZGEtLmpwZyIsInNsaWRlc2hvdyI6ImFsbC0wZjg5MjFlIn0%3D\"><br \/>\n\t\t\t\t\t\t\t\t\t\t\t\t\t\t<\/a><\/p>\n","protected":false},"excerpt":{"rendered":"<p>fichas Instituto de Investigaciones Hist\u00f3ricas UNSTA Ficha N\u00b0 18: Evocaci\u00f3n hist\u00f3rica Identificaci\u00f3n Rese\u00f1a Enlaces y bibliograf\u00eda Galeria de fotos \u00a0Autor: Alejandro Esser Mail: Alejandro Esser Nombre: \u201cEvocaci\u00f3n hist\u00f3rica\u201d, de Te\u00f3filo Castillo Datos cronol\u00f3gicos:\u00a0 1921 Lugar: San Miguel de Tucum\u00e1n, Argentina Direcci\u00f3n: Congreso 141 Palabras clave: Tucum\u00e1n, Arte, Pintura, Castillo Evocaci\u00f3n hist\u00f3rica es probablemente la obra [&hellip;]<\/p>\n","protected":false},"author":12,"featured_media":0,"parent":0,"menu_order":0,"comment_status":"closed","ping_status":"closed","template":"","meta":{"_acf_changed":false,"_angie_page":false,"site-sidebar-layout":"no-sidebar","site-content-layout":"page-builder","ast-site-content-layout":"full-width-container","site-content-style":"default","site-sidebar-style":"default","ast-global-header-display":"","ast-banner-title-visibility":"","ast-main-header-display":"","ast-hfb-above-header-display":"","ast-hfb-below-header-display":"","ast-hfb-mobile-header-display":"","site-post-title":"disabled","ast-breadcrumbs-content":"","ast-featured-img":"disabled","footer-sml-layout":"","ast-disable-related-posts":"","theme-transparent-header-meta":"","adv-header-id-meta":"","stick-header-meta":"","header-above-stick-meta":"","header-main-stick-meta":"","header-below-stick-meta":"","astra-migrate-meta-layouts":"set","ast-page-background-enabled":"default","ast-page-background-meta":{"desktop":{"background-color":"var(--ast-global-color-4)","background-image":"","background-repeat":"repeat","background-position":"center center","background-size":"auto","background-attachment":"scroll","background-type":"","background-media":"","overlay-type":"","overlay-color":"","overlay-opacity":"","overlay-gradient":""},"tablet":{"background-color":"","background-image":"","background-repeat":"repeat","background-position":"center center","background-size":"auto","background-attachment":"scroll","background-type":"","background-media":"","overlay-type":"","overlay-color":"","overlay-opacity":"","overlay-gradient":""},"mobile":{"background-color":"","background-image":"","background-repeat":"repeat","background-position":"center center","background-size":"auto","background-attachment":"scroll","background-type":"","background-media":"","overlay-type":"","overlay-color":"","overlay-opacity":"","overlay-gradient":""}},"ast-content-background-meta":{"desktop":{"background-color":"var(--ast-global-color-5)","background-image":"","background-repeat":"repeat","background-position":"center center","background-size":"auto","background-attachment":"scroll","background-type":"","background-media":"","overlay-type":"","overlay-color":"","overlay-opacity":"","overlay-gradient":""},"tablet":{"background-color":"var(--ast-global-color-5)","background-image":"","background-repeat":"repeat","background-position":"center center","background-size":"auto","background-attachment":"scroll","background-type":"","background-media":"","overlay-type":"","overlay-color":"","overlay-opacity":"","overlay-gradient":""},"mobile":{"background-color":"var(--ast-global-color-5)","background-image":"","background-repeat":"repeat","background-position":"center center","background-size":"auto","background-attachment":"scroll","background-type":"","background-media":"","overlay-type":"","overlay-color":"","overlay-opacity":"","overlay-gradient":""}},"footnotes":""},"class_list":["post-873","page","type-page","status-publish","hentry"],"acf":[],"_links":{"self":[{"href":"https:\/\/www.unsta.edu.ar\/panoramaseclesiales\/wp-json\/wp\/v2\/pages\/873","targetHints":{"allow":["GET"]}}],"collection":[{"href":"https:\/\/www.unsta.edu.ar\/panoramaseclesiales\/wp-json\/wp\/v2\/pages"}],"about":[{"href":"https:\/\/www.unsta.edu.ar\/panoramaseclesiales\/wp-json\/wp\/v2\/types\/page"}],"author":[{"embeddable":true,"href":"https:\/\/www.unsta.edu.ar\/panoramaseclesiales\/wp-json\/wp\/v2\/users\/12"}],"replies":[{"embeddable":true,"href":"https:\/\/www.unsta.edu.ar\/panoramaseclesiales\/wp-json\/wp\/v2\/comments?post=873"}],"version-history":[{"count":7,"href":"https:\/\/www.unsta.edu.ar\/panoramaseclesiales\/wp-json\/wp\/v2\/pages\/873\/revisions"}],"predecessor-version":[{"id":887,"href":"https:\/\/www.unsta.edu.ar\/panoramaseclesiales\/wp-json\/wp\/v2\/pages\/873\/revisions\/887"}],"wp:attachment":[{"href":"https:\/\/www.unsta.edu.ar\/panoramaseclesiales\/wp-json\/wp\/v2\/media?parent=873"}],"curies":[{"name":"wp","href":"https:\/\/api.w.org\/{rel}","templated":true}]}}