{"id":819,"date":"2024-06-06T17:10:34","date_gmt":"2024-06-06T20:10:34","guid":{"rendered":"https:\/\/www.unsta.edu.ar\/panoramaseclesiales\/?page_id=819"},"modified":"2024-08-01T14:27:50","modified_gmt":"2024-08-01T17:27:50","slug":"ana-maria-silvestrin","status":"publish","type":"page","link":"https:\/\/www.unsta.edu.ar\/panoramaseclesiales\/ana-maria-silvestrin\/","title":{"rendered":"Ana Maria Silvestrin"},"content":{"rendered":"<h3>Ana Maria Silvestrin<\/h3>\n<p>\t\t\t\t\t\t\t\t\t\t\t\t\t\t\t<img decoding=\"async\" src=\"https:\/\/www.unsta.edu.ar\/panoramaseclesiales\/wp-content\/uploads\/sites\/33\/elementor\/thumbs\/Ana-Maria-Silvestrin-foto-qo7eeljmhafo54e9i96w4en9gr5pd7249xntiurzzc.jpeg\" title=\"Ana Maria Silvestrin foto\" alt=\"Ana Maria Silvestrin foto\" loading=\"lazy\" \/>\t\t\t\t\t\t\t\t\t\t\t\t\t\t\t<\/p>\n<p>Ana Mar\u00eda Silvestrin es Profesora y Licenciada en Historia, egresada de la Universidad Nacional de Luj\u00e1n. Se ha desempe\u00f1ado en el \u00e1mbito de la docencia y en el \u00e1rea de la investigaci\u00f3n ha efectuado estudios sobre las instituciones dedicadas a la caridad y a la beneficencia. Es miembro de la Junta de Historia Eclesi\u00e1stica de la Rep\u00fablica Argentina. Integr\u00f3 la Comisi\u00f3n para la Recuperaci\u00f3n Hist\u00f3rica de la Sociedad de San Vicente de Paul de la Rep\u00fablica Argentina. Form\u00f3 parte y act\u00faa en procesos de Causas de Beatificaci\u00f3n y Canonizaci\u00f3n como Perito Hist\u00f3rico, tanto en la organizaci\u00f3n y procesamiento de los archivos como en la investigaci\u00f3n para la presentaci\u00f3n en las fases diocesana y romana. Investiga la acci\u00f3n de las Congregaciones religiosas femeninas de vida apost\u00f3lica, a partir del siglo XIX, la vida y epistolario de sus fundadores, la obra en el \u00e1rea de la educaci\u00f3n y la asistencia de la salud.<\/p>\n<p>\t\t\t<a href=\"https:\/\/independent.academia.edu\/AnaSilvestrin\"><br \/>\n\t\t\t\t\t\tProducci\u00f3n acad\u00e9mica<br \/>\n\t\t\t\t\t<\/a><\/p>\n","protected":false},"excerpt":{"rendered":"<p>Ana Maria Silvestrin Ana Mar\u00eda Silvestrin es Profesora y Licenciada en Historia, egresada de la Universidad Nacional de Luj\u00e1n. Se ha desempe\u00f1ado en el \u00e1mbito de la docencia y en el \u00e1rea de la investigaci\u00f3n ha efectuado estudios sobre las instituciones dedicadas a la caridad y a la beneficencia. Es miembro de la Junta de [&hellip;]<\/p>\n","protected":false},"author":12,"featured_media":0,"parent":0,"menu_order":0,"comment_status":"closed","ping_status":"closed","template":"","meta":{"_acf_changed":false,"_angie_page":false,"site-sidebar-layout":"no-sidebar","site-content-layout":"page-builder","ast-site-content-layout":"full-width-container","site-content-style":"default","site-sidebar-style":"default","ast-global-header-display":"","ast-banner-title-visibility":"","ast-main-header-display":"","ast-hfb-above-header-display":"","ast-hfb-below-header-display":"","ast-hfb-mobile-header-display":"","site-post-title":"disabled","ast-breadcrumbs-content":"","ast-featured-img":"disabled","footer-sml-layout":"","ast-disable-related-posts":"","theme-transparent-header-meta":"","adv-header-id-meta":"","stick-header-meta":"","header-above-stick-meta":"","header-main-stick-meta":"","header-below-stick-meta":"","astra-migrate-meta-layouts":"set","ast-page-background-enabled":"default","ast-page-background-meta":{"desktop":{"background-color":"var(--ast-global-color-4)","background-image":"","background-repeat":"repeat","background-position":"center center","background-size":"auto","background-attachment":"scroll","background-type":"","background-media":"","overlay-type":"","overlay-color":"","overlay-opacity":"","overlay-gradient":""},"tablet":{"background-color":"","background-image":"","background-repeat":"repeat","background-position":"center center","background-size":"auto","background-attachment":"scroll","background-type":"","background-media":"","overlay-type":"","overlay-color":"","overlay-opacity":"","overlay-gradient":""},"mobile":{"background-color":"","background-image":"","background-repeat":"repeat","background-position":"center center","background-size":"auto","background-attachment":"scroll","background-type":"","background-media":"","overlay-type":"","overlay-color":"","overlay-opacity":"","overlay-gradient":""}},"ast-content-background-meta":{"desktop":{"background-color":"var(--ast-global-color-5)","background-image":"","background-repeat":"repeat","background-position":"center center","background-size":"auto","background-attachment":"scroll","background-type":"","background-media":"","overlay-type":"","overlay-color":"","overlay-opacity":"","overlay-gradient":""},"tablet":{"background-color":"var(--ast-global-color-5)","background-image":"","background-repeat":"repeat","background-position":"center center","background-size":"auto","background-attachment":"scroll","background-type":"","background-media":"","overlay-type":"","overlay-color":"","overlay-opacity":"","overlay-gradient":""},"mobile":{"background-color":"var(--ast-global-color-5)","background-image":"","background-repeat":"repeat","background-position":"center center","background-size":"auto","background-attachment":"scroll","background-type":"","background-media":"","overlay-type":"","overlay-color":"","overlay-opacity":"","overlay-gradient":""}},"footnotes":""},"class_list":["post-819","page","type-page","status-publish","hentry"],"acf":[],"_links":{"self":[{"href":"https:\/\/www.unsta.edu.ar\/panoramaseclesiales\/wp-json\/wp\/v2\/pages\/819","targetHints":{"allow":["GET"]}}],"collection":[{"href":"https:\/\/www.unsta.edu.ar\/panoramaseclesiales\/wp-json\/wp\/v2\/pages"}],"about":[{"href":"https:\/\/www.unsta.edu.ar\/panoramaseclesiales\/wp-json\/wp\/v2\/types\/page"}],"author":[{"embeddable":true,"href":"https:\/\/www.unsta.edu.ar\/panoramaseclesiales\/wp-json\/wp\/v2\/users\/12"}],"replies":[{"embeddable":true,"href":"https:\/\/www.unsta.edu.ar\/panoramaseclesiales\/wp-json\/wp\/v2\/comments?post=819"}],"version-history":[{"count":10,"href":"https:\/\/www.unsta.edu.ar\/panoramaseclesiales\/wp-json\/wp\/v2\/pages\/819\/revisions"}],"predecessor-version":[{"id":900,"href":"https:\/\/www.unsta.edu.ar\/panoramaseclesiales\/wp-json\/wp\/v2\/pages\/819\/revisions\/900"}],"wp:attachment":[{"href":"https:\/\/www.unsta.edu.ar\/panoramaseclesiales\/wp-json\/wp\/v2\/media?parent=819"}],"curies":[{"name":"wp","href":"https:\/\/api.w.org\/{rel}","templated":true}]}}