{"id":810,"date":"2024-06-06T17:06:06","date_gmt":"2024-06-06T20:06:06","guid":{"rendered":"https:\/\/www.unsta.edu.ar\/panoramaseclesiales\/?page_id=810"},"modified":"2024-06-06T17:10:08","modified_gmt":"2024-06-06T20:10:08","slug":"alejandro-esser","status":"publish","type":"page","link":"https:\/\/www.unsta.edu.ar\/panoramaseclesiales\/alejandro-esser\/","title":{"rendered":"Alejandro Esser"},"content":{"rendered":"<h3>Alejandro Esser<\/h3>\n<p>\t\t\t\t\t\t\t\t\t\t\t\t\t\t\t<img decoding=\"async\" src=\"https:\/\/www.unsta.edu.ar\/panoramaseclesiales\/wp-content\/uploads\/sites\/33\/elementor\/thumbs\/foto-Esser-qkfehxli6htnsh85a2k575i9ca3zww7148khgid0bs.jpg\" title=\"foto-Esser.jpg\" alt=\"Alejandro Esser\" loading=\"lazy\" \/>\t\t\t\t\t\t\t\t\t\t\t\t\t\t\t<\/p>\n<p>Licenciado en Artes Pl\u00e1sticas por la Facultad de Artes de la Universidad Nacional de Tucum\u00e1n. Diplomado en Pensamiento Tomista por la Universidad Fasta y Diplomado en Preservaci\u00f3n del Patrimonio Hist\u00f3rico Cultural por la Universidad Nacional de Cuyo. Doctorando en el Doctorado en Humanidades de la Facultad de Filosof\u00eda y Letras de la UNT, y cursando la Especialidad en Historia Cultural de Tucum\u00e1n de la Facultad de Ares de la UNT. Docente de Historia del Arte Argentino en la Universidad del Norte Santo Tom\u00e1s de Aquino e Investigador del Instituto de Investigaciones Hist\u00f3ricas \u201cManuel Garc\u00eda Soriano\u201d de la UNSTA. Sus l\u00edneas de investigaci\u00f3n giran torno a la historia de las artes pl\u00e1sticas de Tucum\u00e1n, fundamentalmente entre los siglos XIX y XX.<\/p>\n<p>Jefe del Patrimonio Art\u00edstico del Museo Provincial de Bellas Artes \u201cTimoteo E. Navarro\u201d hasta 2022. Miembro de la Direcci\u00f3n de Patrimonio Cultural del Ente Cultural de Tucum\u00e1n. Asesor de Artes Pl\u00e1sticas y coordinador de la sala de exposiciones del Teatro San Mart\u00edn. Asesor art\u00edstico y cultural de la Universidad Tecnol\u00f3gica Nacional Facultar Regional Tucum\u00e1n.<\/p>\n<p>Curador y jurado en diversas exposiciones y cert\u00e1menes de \u00edndole provincial, regional e internacional. Se desempe\u00f1\u00f3 como miembro del Jurado Internacional del Sal\u00f3n de Bellas Artes de Par\u00eds (2018).<\/p>\n<p>\t\t\t<a href=\"https:\/\/unsta.academia.edu\/AlejandroEsser\"><br \/>\n\t\t\t\t\t\tProducci\u00f3n acad\u00e9mica<br \/>\n\t\t\t\t\t<\/a><\/p>\n","protected":false},"excerpt":{"rendered":"<p>Alejandro Esser Licenciado en Artes Pl\u00e1sticas por la Facultad de Artes de la Universidad Nacional de Tucum\u00e1n. Diplomado en Pensamiento Tomista por la Universidad Fasta y Diplomado en Preservaci\u00f3n del Patrimonio Hist\u00f3rico Cultural por la Universidad Nacional de Cuyo. Doctorando en el Doctorado en Humanidades de la Facultad de Filosof\u00eda y Letras de la UNT, [&hellip;]<\/p>\n","protected":false},"author":12,"featured_media":0,"parent":0,"menu_order":0,"comment_status":"closed","ping_status":"closed","template":"","meta":{"_acf_changed":false,"_angie_page":false,"site-sidebar-layout":"no-sidebar","site-content-layout":"page-builder","ast-site-content-layout":"full-width-container","site-content-style":"default","site-sidebar-style":"default","ast-global-header-display":"","ast-banner-title-visibility":"","ast-main-header-display":"","ast-hfb-above-header-display":"","ast-hfb-below-header-display":"","ast-hfb-mobile-header-display":"","site-post-title":"disabled","ast-breadcrumbs-content":"","ast-featured-img":"disabled","footer-sml-layout":"","ast-disable-related-posts":"","theme-transparent-header-meta":"","adv-header-id-meta":"","stick-header-meta":"","header-above-stick-meta":"","header-main-stick-meta":"","header-below-stick-meta":"","astra-migrate-meta-layouts":"set","ast-page-background-enabled":"default","ast-page-background-meta":{"desktop":{"background-color":"var(--ast-global-color-4)","background-image":"","background-repeat":"repeat","background-position":"center center","background-size":"auto","background-attachment":"scroll","background-type":"","background-media":"","overlay-type":"","overlay-color":"","overlay-opacity":"","overlay-gradient":""},"tablet":{"background-color":"","background-image":"","background-repeat":"repeat","background-position":"center center","background-size":"auto","background-attachment":"scroll","background-type":"","background-media":"","overlay-type":"","overlay-color":"","overlay-opacity":"","overlay-gradient":""},"mobile":{"background-color":"","background-image":"","background-repeat":"repeat","background-position":"center center","background-size":"auto","background-attachment":"scroll","background-type":"","background-media":"","overlay-type":"","overlay-color":"","overlay-opacity":"","overlay-gradient":""}},"ast-content-background-meta":{"desktop":{"background-color":"var(--ast-global-color-5)","background-image":"","background-repeat":"repeat","background-position":"center center","background-size":"auto","background-attachment":"scroll","background-type":"","background-media":"","overlay-type":"","overlay-color":"","overlay-opacity":"","overlay-gradient":""},"tablet":{"background-color":"var(--ast-global-color-5)","background-image":"","background-repeat":"repeat","background-position":"center center","background-size":"auto","background-attachment":"scroll","background-type":"","background-media":"","overlay-type":"","overlay-color":"","overlay-opacity":"","overlay-gradient":""},"mobile":{"background-color":"var(--ast-global-color-5)","background-image":"","background-repeat":"repeat","background-position":"center center","background-size":"auto","background-attachment":"scroll","background-type":"","background-media":"","overlay-type":"","overlay-color":"","overlay-opacity":"","overlay-gradient":""}},"footnotes":""},"class_list":["post-810","page","type-page","status-publish","hentry"],"acf":[],"_links":{"self":[{"href":"https:\/\/www.unsta.edu.ar\/panoramaseclesiales\/wp-json\/wp\/v2\/pages\/810","targetHints":{"allow":["GET"]}}],"collection":[{"href":"https:\/\/www.unsta.edu.ar\/panoramaseclesiales\/wp-json\/wp\/v2\/pages"}],"about":[{"href":"https:\/\/www.unsta.edu.ar\/panoramaseclesiales\/wp-json\/wp\/v2\/types\/page"}],"author":[{"embeddable":true,"href":"https:\/\/www.unsta.edu.ar\/panoramaseclesiales\/wp-json\/wp\/v2\/users\/12"}],"replies":[{"embeddable":true,"href":"https:\/\/www.unsta.edu.ar\/panoramaseclesiales\/wp-json\/wp\/v2\/comments?post=810"}],"version-history":[{"count":7,"href":"https:\/\/www.unsta.edu.ar\/panoramaseclesiales\/wp-json\/wp\/v2\/pages\/810\/revisions"}],"predecessor-version":[{"id":818,"href":"https:\/\/www.unsta.edu.ar\/panoramaseclesiales\/wp-json\/wp\/v2\/pages\/810\/revisions\/818"}],"wp:attachment":[{"href":"https:\/\/www.unsta.edu.ar\/panoramaseclesiales\/wp-json\/wp\/v2\/media?parent=810"}],"curies":[{"name":"wp","href":"https:\/\/api.w.org\/{rel}","templated":true}]}}