{"id":798,"date":"2024-06-06T14:08:57","date_gmt":"2024-06-06T17:08:57","guid":{"rendered":"https:\/\/www.unsta.edu.ar\/panoramaseclesiales\/?page_id=798"},"modified":"2024-06-06T14:11:33","modified_gmt":"2024-06-06T17:11:33","slug":"esteban-abalo","status":"publish","type":"page","link":"https:\/\/www.unsta.edu.ar\/panoramaseclesiales\/esteban-abalo\/","title":{"rendered":"Esteban \u00c1balo"},"content":{"rendered":"<h3>Esteban \u00c1balo<\/h3>\n<p>\t\t\t\t\t\t\t\t\t\t\t\t\t\t\t<img decoding=\"async\" width=\"100\" height=\"100\" src=\"https:\/\/www.unsta.edu.ar\/panoramaseclesiales\/wp-content\/uploads\/sites\/33\/2024\/02\/abalo_inst_historia.jpg\" alt=\"\" loading=\"lazy\" srcset=\"https:\/\/www.unsta.edu.ar\/panoramaseclesiales\/wp-content\/uploads\/sites\/33\/2024\/02\/abalo_inst_historia.jpg 100w, https:\/\/www.unsta.edu.ar\/panoramaseclesiales\/wp-content\/uploads\/sites\/33\/2024\/02\/abalo_inst_historia-45x45.jpg 45w\" sizes=\"auto, (max-width: 100px) 100vw, 100px\" \/>\t\t\t\t\t\t\t\t\t\t\t\t\t\t\t<\/p>\n<p>Licenciado en Historia por la Universidad Nacional de Tucum\u00e1n y Doctorando en la Maestr\u00eda y Doctorado en Ciencias Sociales por la misma universidad. Docente de nivel secundario en colegios en San Miguel de Tucum\u00e1n. Investigador asistente en el Instituto de Investigaciones Hist\u00f3ricas \u201cProf. Manuel Garc\u00eda Soriano\u201d de la Universidad del Norte Santo Tom\u00e1s de Aquino. Miembro del Consejo Editorial de\u00a0<i style=\"font-size: 17.4px; letter-spacing: -0.02px;\">Itinerantes. Revista de Historia y Religi\u00f3n<\/i>\u00a0editada por la UNSTA. Sus l\u00edneas de investigaci\u00f3n giran en torno a la Historia de la Iglesia y el catolicismo y la Historia social y pol\u00edtica de Tucum\u00e1n en la segunda mitad del siglo XIX. Ha publicado art\u00edculos en revistas especializadas del pa\u00eds y del exterior as\u00ed como cap\u00edtulos de libros sobre las tem\u00e1ticas mencionadas.<\/p>\n<p>\t\t\t<a href=\"https:\/\/unsta.academia.edu\/EstebanAbalo\"><br \/>\n\t\t\t\t\t\tProducci\u00f3n acad\u00e9mica<br \/>\n\t\t\t\t\t<\/a><\/p>\n","protected":false},"excerpt":{"rendered":"<p>Esteban \u00c1balo Licenciado en Historia por la Universidad Nacional de Tucum\u00e1n y Doctorando en la Maestr\u00eda y Doctorado en Ciencias Sociales por la misma universidad. Docente de nivel secundario en colegios en San Miguel de Tucum\u00e1n. Investigador asistente en el Instituto de Investigaciones Hist\u00f3ricas \u201cProf. Manuel Garc\u00eda Soriano\u201d de la Universidad del Norte Santo Tom\u00e1s [&hellip;]<\/p>\n","protected":false},"author":12,"featured_media":0,"parent":0,"menu_order":0,"comment_status":"closed","ping_status":"closed","template":"","meta":{"_acf_changed":false,"_angie_page":false,"site-sidebar-layout":"no-sidebar","site-content-layout":"page-builder","ast-site-content-layout":"full-width-container","site-content-style":"default","site-sidebar-style":"default","ast-global-header-display":"","ast-banner-title-visibility":"","ast-main-header-display":"","ast-hfb-above-header-display":"","ast-hfb-below-header-display":"","ast-hfb-mobile-header-display":"","site-post-title":"disabled","ast-breadcrumbs-content":"","ast-featured-img":"disabled","footer-sml-layout":"","ast-disable-related-posts":"","theme-transparent-header-meta":"","adv-header-id-meta":"","stick-header-meta":"","header-above-stick-meta":"","header-main-stick-meta":"","header-below-stick-meta":"","astra-migrate-meta-layouts":"set","ast-page-background-enabled":"default","ast-page-background-meta":{"desktop":{"background-color":"var(--ast-global-color-4)","background-image":"","background-repeat":"repeat","background-position":"center center","background-size":"auto","background-attachment":"scroll","background-type":"","background-media":"","overlay-type":"","overlay-color":"","overlay-opacity":"","overlay-gradient":""},"tablet":{"background-color":"","background-image":"","background-repeat":"repeat","background-position":"center center","background-size":"auto","background-attachment":"scroll","background-type":"","background-media":"","overlay-type":"","overlay-color":"","overlay-opacity":"","overlay-gradient":""},"mobile":{"background-color":"","background-image":"","background-repeat":"repeat","background-position":"center center","background-size":"auto","background-attachment":"scroll","background-type":"","background-media":"","overlay-type":"","overlay-color":"","overlay-opacity":"","overlay-gradient":""}},"ast-content-background-meta":{"desktop":{"background-color":"var(--ast-global-color-5)","background-image":"","background-repeat":"repeat","background-position":"center center","background-size":"auto","background-attachment":"scroll","background-type":"","background-media":"","overlay-type":"","overlay-color":"","overlay-opacity":"","overlay-gradient":""},"tablet":{"background-color":"var(--ast-global-color-5)","background-image":"","background-repeat":"repeat","background-position":"center center","background-size":"auto","background-attachment":"scroll","background-type":"","background-media":"","overlay-type":"","overlay-color":"","overlay-opacity":"","overlay-gradient":""},"mobile":{"background-color":"var(--ast-global-color-5)","background-image":"","background-repeat":"repeat","background-position":"center center","background-size":"auto","background-attachment":"scroll","background-type":"","background-media":"","overlay-type":"","overlay-color":"","overlay-opacity":"","overlay-gradient":""}},"footnotes":""},"class_list":["post-798","page","type-page","status-publish","hentry"],"acf":[],"_links":{"self":[{"href":"https:\/\/www.unsta.edu.ar\/panoramaseclesiales\/wp-json\/wp\/v2\/pages\/798","targetHints":{"allow":["GET"]}}],"collection":[{"href":"https:\/\/www.unsta.edu.ar\/panoramaseclesiales\/wp-json\/wp\/v2\/pages"}],"about":[{"href":"https:\/\/www.unsta.edu.ar\/panoramaseclesiales\/wp-json\/wp\/v2\/types\/page"}],"author":[{"embeddable":true,"href":"https:\/\/www.unsta.edu.ar\/panoramaseclesiales\/wp-json\/wp\/v2\/users\/12"}],"replies":[{"embeddable":true,"href":"https:\/\/www.unsta.edu.ar\/panoramaseclesiales\/wp-json\/wp\/v2\/comments?post=798"}],"version-history":[{"count":10,"href":"https:\/\/www.unsta.edu.ar\/panoramaseclesiales\/wp-json\/wp\/v2\/pages\/798\/revisions"}],"predecessor-version":[{"id":809,"href":"https:\/\/www.unsta.edu.ar\/panoramaseclesiales\/wp-json\/wp\/v2\/pages\/798\/revisions\/809"}],"wp:attachment":[{"href":"https:\/\/www.unsta.edu.ar\/panoramaseclesiales\/wp-json\/wp\/v2\/media?parent=798"}],"curies":[{"name":"wp","href":"https:\/\/api.w.org\/{rel}","templated":true}]}}