{"id":786,"date":"2024-06-06T14:06:03","date_gmt":"2024-06-06T17:06:03","guid":{"rendered":"https:\/\/www.unsta.edu.ar\/panoramaseclesiales\/?page_id=786"},"modified":"2024-06-06T14:08:04","modified_gmt":"2024-06-06T17:08:04","slug":"estela-calvente","status":"publish","type":"page","link":"https:\/\/www.unsta.edu.ar\/panoramaseclesiales\/estela-calvente\/","title":{"rendered":"Estela Calvente"},"content":{"rendered":"<h3>Estela del Valle Calvente<\/h3>\n<p>\t\t\t\t\t\t\t\t\t\t\t\t\t\t\t<img decoding=\"async\" width=\"100\" height=\"100\" src=\"https:\/\/www.unsta.edu.ar\/panoramaseclesiales\/wp-content\/uploads\/sites\/33\/2024\/02\/calvente_inst_historia.jpg\" alt=\"\" loading=\"lazy\" srcset=\"https:\/\/www.unsta.edu.ar\/panoramaseclesiales\/wp-content\/uploads\/sites\/33\/2024\/02\/calvente_inst_historia.jpg 100w, https:\/\/www.unsta.edu.ar\/panoramaseclesiales\/wp-content\/uploads\/sites\/33\/2024\/02\/calvente_inst_historia-45x45.jpg 45w\" sizes=\"auto, (max-width: 100px) 100vw, 100px\" \/>\t\t\t\t\t\t\t\t\t\t\t\t\t\t\t<\/p>\n<p>Licenciada en\u00a0 Historia\u00a0 por\u00a0 la Facultad\u00a0 de Filosof\u00eda y Letras\u00a0 (FFyL)\u00a0 de la Universidad Nacional de Tucum\u00e1n (UNT), doctoranda en Ciencias Sociales (UNT) y diplomada universitaria en Historia Argentina y Latinoamericana\u00a0 (PUHAL-UNT). Miembro del Instituto de Investigaciones Hist\u00f3ricas \u201cProf. Manuel Garc\u00eda Soriano\u201d de la Facultad de Humanidades de la UNSTA. Participa en calidad de investigadora en proyectos del Instituto de\u00a0 Investigaciones\u00a0 Hist\u00f3ricas \u201cDr. Ram\u00f3n Leoni Pinto\u201d\u00a0 de la\u00a0 FFyL.<\/p>\n<p>Se ha desempe\u00f1ado como auxiliar docente en la c\u00e1tedra de Historia de Am\u00e9rica (per\u00edodo independiente) de la Facultad de Filosof\u00eda y Letras de la UNT y\u00a0 actualmente ejerce la docencia en el nivel secundario. Miembro del Consejo Editorial de la revista\u00a0<i style=\"font-size: 17.4px; letter-spacing: -0.02px;\">Itinerantes. Revista de Historia y Religi\u00f3n<\/i>\u00a0y\u00a0 de la Red de Historia de la Orden de Predicadores en la Argentina. Sus l\u00edneas investigativas prioritarias son la configuraci\u00f3n eclesi\u00e1stica del territorio tucumano, la religiosidad local y la historia de la orden dominica durante\u00a0 el per\u00edodo\u00a0 colonial.<\/p>\n<p>\u00a0<\/p>\n<p>\t\t\t<a href=\"http:\/\/unt-argentina.academia.edu\/EstelaCalventeBohorquez\"><br \/>\n\t\t\t\t\t\tProducci\u00f3n acad\u00e9mica<br \/>\n\t\t\t\t\t<\/a><\/p>\n","protected":false},"excerpt":{"rendered":"<p>Estela del Valle Calvente Licenciada en\u00a0 Historia\u00a0 por\u00a0 la Facultad\u00a0 de Filosof\u00eda y Letras\u00a0 (FFyL)\u00a0 de la Universidad Nacional de Tucum\u00e1n (UNT), doctoranda en Ciencias Sociales (UNT) y diplomada universitaria en Historia Argentina y Latinoamericana\u00a0 (PUHAL-UNT). Miembro del Instituto de Investigaciones Hist\u00f3ricas \u201cProf. Manuel Garc\u00eda Soriano\u201d de la Facultad de Humanidades de la UNSTA. Participa [&hellip;]<\/p>\n","protected":false},"author":12,"featured_media":0,"parent":0,"menu_order":0,"comment_status":"closed","ping_status":"closed","template":"","meta":{"_acf_changed":false,"_angie_page":false,"site-sidebar-layout":"no-sidebar","site-content-layout":"page-builder","ast-site-content-layout":"full-width-container","site-content-style":"default","site-sidebar-style":"default","ast-global-header-display":"","ast-banner-title-visibility":"","ast-main-header-display":"","ast-hfb-above-header-display":"","ast-hfb-below-header-display":"","ast-hfb-mobile-header-display":"","site-post-title":"disabled","ast-breadcrumbs-content":"","ast-featured-img":"disabled","footer-sml-layout":"","ast-disable-related-posts":"","theme-transparent-header-meta":"","adv-header-id-meta":"","stick-header-meta":"","header-above-stick-meta":"","header-main-stick-meta":"","header-below-stick-meta":"","astra-migrate-meta-layouts":"set","ast-page-background-enabled":"default","ast-page-background-meta":{"desktop":{"background-color":"var(--ast-global-color-4)","background-image":"","background-repeat":"repeat","background-position":"center center","background-size":"auto","background-attachment":"scroll","background-type":"","background-media":"","overlay-type":"","overlay-color":"","overlay-opacity":"","overlay-gradient":""},"tablet":{"background-color":"","background-image":"","background-repeat":"repeat","background-position":"center center","background-size":"auto","background-attachment":"scroll","background-type":"","background-media":"","overlay-type":"","overlay-color":"","overlay-opacity":"","overlay-gradient":""},"mobile":{"background-color":"","background-image":"","background-repeat":"repeat","background-position":"center center","background-size":"auto","background-attachment":"scroll","background-type":"","background-media":"","overlay-type":"","overlay-color":"","overlay-opacity":"","overlay-gradient":""}},"ast-content-background-meta":{"desktop":{"background-color":"var(--ast-global-color-5)","background-image":"","background-repeat":"repeat","background-position":"center center","background-size":"auto","background-attachment":"scroll","background-type":"","background-media":"","overlay-type":"","overlay-color":"","overlay-opacity":"","overlay-gradient":""},"tablet":{"background-color":"var(--ast-global-color-5)","background-image":"","background-repeat":"repeat","background-position":"center center","background-size":"auto","background-attachment":"scroll","background-type":"","background-media":"","overlay-type":"","overlay-color":"","overlay-opacity":"","overlay-gradient":""},"mobile":{"background-color":"var(--ast-global-color-5)","background-image":"","background-repeat":"repeat","background-position":"center center","background-size":"auto","background-attachment":"scroll","background-type":"","background-media":"","overlay-type":"","overlay-color":"","overlay-opacity":"","overlay-gradient":""}},"footnotes":""},"class_list":["post-786","page","type-page","status-publish","hentry"],"acf":[],"_links":{"self":[{"href":"https:\/\/www.unsta.edu.ar\/panoramaseclesiales\/wp-json\/wp\/v2\/pages\/786","targetHints":{"allow":["GET"]}}],"collection":[{"href":"https:\/\/www.unsta.edu.ar\/panoramaseclesiales\/wp-json\/wp\/v2\/pages"}],"about":[{"href":"https:\/\/www.unsta.edu.ar\/panoramaseclesiales\/wp-json\/wp\/v2\/types\/page"}],"author":[{"embeddable":true,"href":"https:\/\/www.unsta.edu.ar\/panoramaseclesiales\/wp-json\/wp\/v2\/users\/12"}],"replies":[{"embeddable":true,"href":"https:\/\/www.unsta.edu.ar\/panoramaseclesiales\/wp-json\/wp\/v2\/comments?post=786"}],"version-history":[{"count":7,"href":"https:\/\/www.unsta.edu.ar\/panoramaseclesiales\/wp-json\/wp\/v2\/pages\/786\/revisions"}],"predecessor-version":[{"id":794,"href":"https:\/\/www.unsta.edu.ar\/panoramaseclesiales\/wp-json\/wp\/v2\/pages\/786\/revisions\/794"}],"wp:attachment":[{"href":"https:\/\/www.unsta.edu.ar\/panoramaseclesiales\/wp-json\/wp\/v2\/media?parent=786"}],"curies":[{"name":"wp","href":"https:\/\/api.w.org\/{rel}","templated":true}]}}