{"id":749,"date":"2024-06-03T14:34:54","date_gmt":"2024-06-03T17:34:54","guid":{"rendered":"https:\/\/www.unsta.edu.ar\/panoramaseclesiales\/?page_id=749"},"modified":"2024-06-03T14:40:46","modified_gmt":"2024-06-03T17:40:46","slug":"ana-cecilia-aguirre","status":"publish","type":"page","link":"https:\/\/www.unsta.edu.ar\/panoramaseclesiales\/ana-cecilia-aguirre\/","title":{"rendered":"Ana Cecilia Aguirre"},"content":{"rendered":"<h3>Ana Cecilia Aguirre<\/h3>\n<p>\t\t\t\t\t\t\t\t\t\t\t\t\t\t\t<img decoding=\"async\" width=\"150\" height=\"150\" src=\"https:\/\/www.unsta.edu.ar\/panoramaseclesiales\/wp-content\/uploads\/sites\/33\/2024\/02\/Cecilia-Aguirre-150x150.jpg\" alt=\"\" loading=\"lazy\" srcset=\"https:\/\/www.unsta.edu.ar\/panoramaseclesiales\/wp-content\/uploads\/sites\/33\/2024\/02\/Cecilia-Aguirre-150x150.jpg 150w, https:\/\/www.unsta.edu.ar\/panoramaseclesiales\/wp-content\/uploads\/sites\/33\/2024\/02\/Cecilia-Aguirre-45x45.jpg 45w\" sizes=\"auto, (max-width: 150px) 100vw, 150px\" \/>\t\t\t\t\t\t\t\t\t\t\t\t\t\t\t<\/p>\n<p>Doctora y Licenciada en Artes de la Universidad Nacional de Tucum\u00e1n. Miembro del Comit\u00e9 Acad\u00e9mico y docente de la Maestr\u00eda en Museolog\u00eda de la Facultad de Artes y la de Ciencias Naturales e Instituto Miguel Lillo de la UNT. Directora del Museo Archivo Elmina Paz Gallo. Miembro Fundador de la Red de Museos de Tucum\u00e1n. Directora del proyecto de investigaci\u00f3n del Consejo de Investigaciones de la Universidad Nacional de Tucum\u00e1n (PIUNT): \u201cEl Patrimonio Cultural de Tucum\u00e1n. Artes visuales, historia y museos\u201d.<\/p>\n<p>Profesora adjunta de Historia del Arte Americano y Argentino de la Facultad de Artes de la Universidad Nacional de Tucum\u00e1n y Profesora Asociada de Principios de Est\u00e9tica e Historia del Arte de la Universidad del Norte Santo Tom\u00e1s de Aquino. Miembro Titular del Instituto de Arte Americano y Regional de la Facultad de Artes de la UNT y del Instituto de Investigaciones Hist\u00f3ricas &#8220;Prof. Manuel Garc\u00eda Soriano&#8221; de la Facultad de Humanidades de la UNSTA. Integrante de Redes de Investigaci\u00f3n Nacionales e Internacionales. Entre las l\u00edneas prioritarias de estudio se encuentran: temas de Historia del Arte Argentino, Artes Visuales, Arte Colonial, Documentaci\u00f3n Museol\u00f3gica, entre otros. Asesora en cuestiones referidas al Patrimonio Art\u00edstico Cultural de Tucum\u00e1n y el NOA en organismos p\u00fablicos y privados.<\/p>\n<p>\t\t\t<a href=\"https:\/\/unsta.academia.edu\/CeciliaAguirre\"><br \/>\n\t\t\t\t\t\tProducci\u00f3n acad\u00e9mica<br \/>\n\t\t\t\t\t<\/a><\/p>\n","protected":false},"excerpt":{"rendered":"<p>Ana Cecilia Aguirre Doctora y Licenciada en Artes de la Universidad Nacional de Tucum\u00e1n. Miembro del Comit\u00e9 Acad\u00e9mico y docente de la Maestr\u00eda en Museolog\u00eda de la Facultad de Artes y la de Ciencias Naturales e Instituto Miguel Lillo de la UNT. Directora del Museo Archivo Elmina Paz Gallo. Miembro Fundador de la Red de [&hellip;]<\/p>\n","protected":false},"author":12,"featured_media":0,"parent":0,"menu_order":0,"comment_status":"closed","ping_status":"closed","template":"","meta":{"_acf_changed":false,"_angie_page":false,"site-sidebar-layout":"no-sidebar","site-content-layout":"page-builder","ast-site-content-layout":"full-width-container","site-content-style":"default","site-sidebar-style":"default","ast-global-header-display":"","ast-banner-title-visibility":"","ast-main-header-display":"","ast-hfb-above-header-display":"","ast-hfb-below-header-display":"","ast-hfb-mobile-header-display":"","site-post-title":"disabled","ast-breadcrumbs-content":"","ast-featured-img":"disabled","footer-sml-layout":"","ast-disable-related-posts":"","theme-transparent-header-meta":"","adv-header-id-meta":"","stick-header-meta":"","header-above-stick-meta":"","header-main-stick-meta":"","header-below-stick-meta":"","astra-migrate-meta-layouts":"set","ast-page-background-enabled":"default","ast-page-background-meta":{"desktop":{"background-color":"var(--ast-global-color-4)","background-image":"","background-repeat":"repeat","background-position":"center center","background-size":"auto","background-attachment":"scroll","background-type":"","background-media":"","overlay-type":"","overlay-color":"","overlay-opacity":"","overlay-gradient":""},"tablet":{"background-color":"","background-image":"","background-repeat":"repeat","background-position":"center center","background-size":"auto","background-attachment":"scroll","background-type":"","background-media":"","overlay-type":"","overlay-color":"","overlay-opacity":"","overlay-gradient":""},"mobile":{"background-color":"","background-image":"","background-repeat":"repeat","background-position":"center center","background-size":"auto","background-attachment":"scroll","background-type":"","background-media":"","overlay-type":"","overlay-color":"","overlay-opacity":"","overlay-gradient":""}},"ast-content-background-meta":{"desktop":{"background-color":"var(--ast-global-color-5)","background-image":"","background-repeat":"repeat","background-position":"center center","background-size":"auto","background-attachment":"scroll","background-type":"","background-media":"","overlay-type":"","overlay-color":"","overlay-opacity":"","overlay-gradient":""},"tablet":{"background-color":"var(--ast-global-color-5)","background-image":"","background-repeat":"repeat","background-position":"center center","background-size":"auto","background-attachment":"scroll","background-type":"","background-media":"","overlay-type":"","overlay-color":"","overlay-opacity":"","overlay-gradient":""},"mobile":{"background-color":"var(--ast-global-color-5)","background-image":"","background-repeat":"repeat","background-position":"center center","background-size":"auto","background-attachment":"scroll","background-type":"","background-media":"","overlay-type":"","overlay-color":"","overlay-opacity":"","overlay-gradient":""}},"footnotes":""},"class_list":["post-749","page","type-page","status-publish","hentry"],"acf":[],"_links":{"self":[{"href":"https:\/\/www.unsta.edu.ar\/panoramaseclesiales\/wp-json\/wp\/v2\/pages\/749","targetHints":{"allow":["GET"]}}],"collection":[{"href":"https:\/\/www.unsta.edu.ar\/panoramaseclesiales\/wp-json\/wp\/v2\/pages"}],"about":[{"href":"https:\/\/www.unsta.edu.ar\/panoramaseclesiales\/wp-json\/wp\/v2\/types\/page"}],"author":[{"embeddable":true,"href":"https:\/\/www.unsta.edu.ar\/panoramaseclesiales\/wp-json\/wp\/v2\/users\/12"}],"replies":[{"embeddable":true,"href":"https:\/\/www.unsta.edu.ar\/panoramaseclesiales\/wp-json\/wp\/v2\/comments?post=749"}],"version-history":[{"count":7,"href":"https:\/\/www.unsta.edu.ar\/panoramaseclesiales\/wp-json\/wp\/v2\/pages\/749\/revisions"}],"predecessor-version":[{"id":757,"href":"https:\/\/www.unsta.edu.ar\/panoramaseclesiales\/wp-json\/wp\/v2\/pages\/749\/revisions\/757"}],"wp:attachment":[{"href":"https:\/\/www.unsta.edu.ar\/panoramaseclesiales\/wp-json\/wp\/v2\/media?parent=749"}],"curies":[{"name":"wp","href":"https:\/\/api.w.org\/{rel}","templated":true}]}}