{"id":721,"date":"2024-06-03T14:06:31","date_gmt":"2024-06-03T17:06:31","guid":{"rendered":"https:\/\/www.unsta.edu.ar\/panoramaseclesiales\/?page_id=721"},"modified":"2024-06-03T14:41:18","modified_gmt":"2024-06-03T17:41:18","slug":"sara-graciela-amenta","status":"publish","type":"page","link":"https:\/\/www.unsta.edu.ar\/panoramaseclesiales\/sara-graciela-amenta\/","title":{"rendered":"Sara Graciela Amenta"},"content":{"rendered":"<h3>Sara Graciela Amenta<\/h3>\n<p>\t\t\t\t\t\t\t\t\t\t\t\t\t\t\t<img decoding=\"async\" width=\"100\" height=\"100\" src=\"https:\/\/www.unsta.edu.ar\/panoramaseclesiales\/wp-content\/uploads\/sites\/33\/2024\/02\/sara_amenta_inst_historia.jpg\" alt=\"\" loading=\"lazy\" srcset=\"https:\/\/www.unsta.edu.ar\/panoramaseclesiales\/wp-content\/uploads\/sites\/33\/2024\/02\/sara_amenta_inst_historia.jpg 100w, https:\/\/www.unsta.edu.ar\/panoramaseclesiales\/wp-content\/uploads\/sites\/33\/2024\/02\/sara_amenta_inst_historia-45x45.jpg 45w\" sizes=\"auto, (max-width: 100px) 100vw, 100px\" \/>\t\t\t\t\t\t\t\t\t\t\t\t\t\t\t<\/p>\n<p>Profesora y Licenciada en Historia por la Universidad del Norte Santo Tom\u00e1s de Aquino (UNSTA). Doctora en Historia por la Universidad del Salvador, Buenos Aires. Actualmente Directora del Instituto de Investigaciones Hist\u00f3ricas \u201cProf. Manuel Garc\u00eda Soriano\u201d de la UNSTA. Miembro de N\u00famero de la Junta de Historia Eclesi\u00e1stica Argentina y de la Junta de Estudios Hist\u00f3ricos de Tucum\u00e1n. Directora del Proyecto de Investigaci\u00f3n <i>Representaciones sobre iglesia y religiosidad en Argentina. Desde la colonia a la actualidad.<\/i> (2020-2022). Integrante del Proyecto de Investigaci\u00f3n: \u201cGeneraci\u00f3n del Centenario y su proyecci\u00f3n en el NOA (1900-1950)\u201d del Centro Cultural Alberto Roug\u00e9s de la Fundaci\u00f3n Miguel Lillo \u2013 Tucum\u00e1n.\u00a0<\/p>\n<p>Autora y coordinadora de numerosos libros, cap\u00edtulos de libros y revistas. Integrante de Redes de Investigaci\u00f3n Nacionales e Internacionales sobre temas de Historia de la Orden Dominicana, Historia de la Iglesia y religiosidad e Historia de Tucum\u00e1n.<\/p>\n<p>\t\t\t<a href=\"https:\/\/unsta.academia.edu\/SaraGAmenta?nbs=user\"><br \/>\n\t\t\t\t\t\tProducci\u00f3n acad\u00e9mica<br \/>\n\t\t\t\t\t<\/a><\/p>\n","protected":false},"excerpt":{"rendered":"<p>Sara Graciela Amenta Profesora y Licenciada en Historia por la Universidad del Norte Santo Tom\u00e1s de Aquino (UNSTA). Doctora en Historia por la Universidad del Salvador, Buenos Aires. Actualmente Directora del Instituto de Investigaciones Hist\u00f3ricas \u201cProf. Manuel Garc\u00eda Soriano\u201d de la UNSTA. Miembro de N\u00famero de la Junta de Historia Eclesi\u00e1stica Argentina y de la [&hellip;]<\/p>\n","protected":false},"author":12,"featured_media":0,"parent":0,"menu_order":0,"comment_status":"closed","ping_status":"closed","template":"","meta":{"_acf_changed":false,"_angie_page":false,"site-sidebar-layout":"no-sidebar","site-content-layout":"page-builder","ast-site-content-layout":"full-width-container","site-content-style":"default","site-sidebar-style":"default","ast-global-header-display":"","ast-banner-title-visibility":"","ast-main-header-display":"","ast-hfb-above-header-display":"","ast-hfb-below-header-display":"","ast-hfb-mobile-header-display":"","site-post-title":"disabled","ast-breadcrumbs-content":"","ast-featured-img":"disabled","footer-sml-layout":"","ast-disable-related-posts":"","theme-transparent-header-meta":"","adv-header-id-meta":"","stick-header-meta":"","header-above-stick-meta":"","header-main-stick-meta":"","header-below-stick-meta":"","astra-migrate-meta-layouts":"set","ast-page-background-enabled":"default","ast-page-background-meta":{"desktop":{"background-color":"var(--ast-global-color-4)","background-image":"","background-repeat":"repeat","background-position":"center center","background-size":"auto","background-attachment":"scroll","background-type":"","background-media":"","overlay-type":"","overlay-color":"","overlay-opacity":"","overlay-gradient":""},"tablet":{"background-color":"","background-image":"","background-repeat":"repeat","background-position":"center center","background-size":"auto","background-attachment":"scroll","background-type":"","background-media":"","overlay-type":"","overlay-color":"","overlay-opacity":"","overlay-gradient":""},"mobile":{"background-color":"","background-image":"","background-repeat":"repeat","background-position":"center center","background-size":"auto","background-attachment":"scroll","background-type":"","background-media":"","overlay-type":"","overlay-color":"","overlay-opacity":"","overlay-gradient":""}},"ast-content-background-meta":{"desktop":{"background-color":"var(--ast-global-color-5)","background-image":"","background-repeat":"repeat","background-position":"center center","background-size":"auto","background-attachment":"scroll","background-type":"","background-media":"","overlay-type":"","overlay-color":"","overlay-opacity":"","overlay-gradient":""},"tablet":{"background-color":"var(--ast-global-color-5)","background-image":"","background-repeat":"repeat","background-position":"center center","background-size":"auto","background-attachment":"scroll","background-type":"","background-media":"","overlay-type":"","overlay-color":"","overlay-opacity":"","overlay-gradient":""},"mobile":{"background-color":"var(--ast-global-color-5)","background-image":"","background-repeat":"repeat","background-position":"center center","background-size":"auto","background-attachment":"scroll","background-type":"","background-media":"","overlay-type":"","overlay-color":"","overlay-opacity":"","overlay-gradient":""}},"footnotes":""},"class_list":["post-721","page","type-page","status-publish","hentry"],"acf":[],"_links":{"self":[{"href":"https:\/\/www.unsta.edu.ar\/panoramaseclesiales\/wp-json\/wp\/v2\/pages\/721","targetHints":{"allow":["GET"]}}],"collection":[{"href":"https:\/\/www.unsta.edu.ar\/panoramaseclesiales\/wp-json\/wp\/v2\/pages"}],"about":[{"href":"https:\/\/www.unsta.edu.ar\/panoramaseclesiales\/wp-json\/wp\/v2\/types\/page"}],"author":[{"embeddable":true,"href":"https:\/\/www.unsta.edu.ar\/panoramaseclesiales\/wp-json\/wp\/v2\/users\/12"}],"replies":[{"embeddable":true,"href":"https:\/\/www.unsta.edu.ar\/panoramaseclesiales\/wp-json\/wp\/v2\/comments?post=721"}],"version-history":[{"count":10,"href":"https:\/\/www.unsta.edu.ar\/panoramaseclesiales\/wp-json\/wp\/v2\/pages\/721\/revisions"}],"predecessor-version":[{"id":763,"href":"https:\/\/www.unsta.edu.ar\/panoramaseclesiales\/wp-json\/wp\/v2\/pages\/721\/revisions\/763"}],"wp:attachment":[{"href":"https:\/\/www.unsta.edu.ar\/panoramaseclesiales\/wp-json\/wp\/v2\/media?parent=721"}],"curies":[{"name":"wp","href":"https:\/\/api.w.org\/{rel}","templated":true}]}}