{"id":674,"date":"2024-05-30T14:32:21","date_gmt":"2024-05-30T17:32:21","guid":{"rendered":"https:\/\/www.unsta.edu.ar\/panoramaseclesiales\/?page_id=674"},"modified":"2024-05-30T15:23:39","modified_gmt":"2024-05-30T18:23:39","slug":"ficha-11","status":"publish","type":"page","link":"https:\/\/www.unsta.edu.ar\/panoramaseclesiales\/ficha-11\/","title":{"rendered":"Ficha 11"},"content":{"rendered":"<h2>fichas<\/h2>\n<h2>Instituto de Investigaciones Hist\u00f3ricas UNSTA<\/h2>\n<h4>Arturo Ponsati. Intelectual cat\u00f3lico tucumano.<br \/>\n<\/h4>\n<p>\t\t\t\t\t\t\t<button id=\"e-n-tabs-title-4851\" aria-selected=\"true\" data-tab-index=\"1\" role=\"tab\" tabindex=\"0\" aria-controls=\"e-n-tab-content-4851\" aria-label=\"Open tab (Enter or Space) | Return (Escape)\" style=\"--n-tabs-title-order: 1;\"><br \/>\n\t\t\t\t\tIdentificaci\u00f3n<br \/>\n\t\t\t<\/button><br \/>\n\t\t\t\t\t<button id=\"e-n-tabs-title-4852\" aria-selected=\"false\" data-tab-index=\"2\" role=\"tab\" tabindex=\"-1\" aria-controls=\"e-n-tab-content-4852\" aria-label=\"Open tab (Enter or Space) | Return (Escape)\" style=\"--n-tabs-title-order: 2;\"><br \/>\n\t\t\t\t\tDescripci\u00f3n<br \/>\n\t\t\t<\/button><br \/>\n\t\t\t\t\t<button id=\"e-n-tabs-title-4853\" aria-selected=\"false\" data-tab-index=\"3\" role=\"tab\" tabindex=\"-1\" aria-controls=\"e-n-tab-content-4853\" aria-label=\"Open tab (Enter or Space) | Return (Escape)\" style=\"--n-tabs-title-order: 3;\"><br \/>\n\t\t\t\t\tBibliograf\u00eda y enlaces<br \/>\n\t\t\t<\/button><br \/>\n\t\t\t\t\t<button id=\"e-n-tabs-title-4854\" aria-selected=\"false\" data-tab-index=\"4\" role=\"tab\" tabindex=\"-1\" aria-controls=\"e-n-tab-content-4854\" aria-label=\"Open tab (Enter or Space) | Return (Escape)\" style=\"--n-tabs-title-order: 4;\"><br \/>\n\t\t\t\t\tIm\u00e1genes<br \/>\n\t\t\t<\/button><\/p>\n<p>Ficha N\u00ba 3: Autora: <a href=\"mailto:ana.juarez@unsta.edu.ar\">Ana Lucia Ju\u00e1rez<\/a><br \/>Nombre: Arturo Ponsati. Intelectual cat\u00f3lico tucumano.\u00a0<br \/>Datos cronol\u00f3gicos:\u00a0 1937<br \/>Lugar: San Miguel de Tucum\u00e1n, Argentina<br \/>Direcci\u00f3n: 9 de Julio 191<br \/>Palabras clave: Tucuman, Ponsati, Laico, Pol\u00edtica, Archivos.<\/p>\n<p>Nacido en el a\u00f1o 1937 Arturo Domingo Ponsati fue abogado, profesor, escritor y pol\u00edtico tucumano, precursor del partido dem\u00f3crata cristiano en la provincia. Se presenta como un referente intelectual para la sociedad tucumana que busc\u00f3, con vocaci\u00f3n cristiana, crear un espacio de participaci\u00f3n para el laicado cat\u00f3lico. Su formaci\u00f3n intelectual sobre pol\u00edtica, filosof\u00eda, sociolog\u00eda y derecho lo convierten al d\u00eda de hoy en una personalidad destacada dentro del espectro cultural de la provincia.<\/p>\n<p>Su archivo privado nos introduce al estudio de su figura. <\/p>\n<ol>\n<li><b> Folquer, Cynthia; \u00c1balo, Esteban; Amenta, Sara (2015: 176-180). Una universidad <\/b><b style=\"font-style: inherit;\">tomista para el Noroeste argentino. Los tiempos fundacionales de la UNSTA (1948-1970). Tucum\u00e1n: Universidad del Norte Santo Tom\u00e1s de Aquino.<\/b><\/li>\n<\/ol>\n<p>\t\t\t\t\t\t\t<a href=\"https:\/\/www.unsta.edu.ar\/panoramaseclesiales\/wp-content\/uploads\/sites\/33\/2024\/05\/Figura-1.-Arturo-Ponsati.jpg\" data-elementor-open-lightbox=\"yes\" data-elementor-lightbox-slideshow=\"all-1ec39db3\" data-elementor-lightbox-title=\"Figura 1\" data-elementor-lightbox-description=\"Arturo Domingo Ponsati\" data-e-action-hash=\"#elementor-action%3Aaction%3Dlightbox%26settings%3DeyJpZCI6Njc5LCJ1cmwiOiJodHRwczpcL1wvd3d3LnVuc3RhLmVkdS5hclwvcGFub3JhbWFzZWNsZXNpYWxlc1wvd3AtY29udGVudFwvdXBsb2Fkc1wvc2l0ZXNcLzMzXC8yMDI0XC8wNVwvRmlndXJhLTEuLUFydHVyby1Qb25zYXRpLmpwZyIsInNsaWRlc2hvdyI6ImFsbC0xZWMzOWRiMyJ9\"><br \/>\n\t\t\t\t\t\t\t\t\t\t\t\t\t\t<\/a><br \/>\n\t\t\t\t\t\t\t<a href=\"https:\/\/www.unsta.edu.ar\/panoramaseclesiales\/wp-content\/uploads\/sites\/33\/2024\/05\/Figura-2.-Biblioteca-UNSTA.-Ubicacion-del-archivo-.jpg\" data-elementor-open-lightbox=\"yes\" data-elementor-lightbox-slideshow=\"all-1ec39db3\" data-elementor-lightbox-title=\"Figura 2\" data-elementor-lightbox-description=\"Ubicaci\u00f3n del archivo. UNSTA. Biblioteca. Sede Central. San Miguel de Tucum\u00e1n. Provincia de Tucum\u00e1n. \n\" data-e-action-hash=\"#elementor-action%3Aaction%3Dlightbox%26settings%3DeyJpZCI6NjgwLCJ1cmwiOiJodHRwczpcL1wvd3d3LnVuc3RhLmVkdS5hclwvcGFub3JhbWFzZWNsZXNpYWxlc1wvd3AtY29udGVudFwvdXBsb2Fkc1wvc2l0ZXNcLzMzXC8yMDI0XC8wNVwvRmlndXJhLTIuLUJpYmxpb3RlY2EtVU5TVEEuLVViaWNhY2lvbi1kZWwtYXJjaGl2by0uanBnIiwic2xpZGVzaG93IjoiYWxsLTFlYzM5ZGIzIn0%3D\"><br \/>\n\t\t\t\t\t\t\t\t\t\t\t\t\t\t<\/a><br \/>\n\t\t\t\t\t\t\t<a href=\"https:\/\/www.unsta.edu.ar\/panoramaseclesiales\/wp-content\/uploads\/sites\/33\/2024\/05\/Figura-3_-Cajas-catalogadas.-Archivo-Ponsati.-.png\" data-elementor-open-lightbox=\"yes\" data-elementor-lightbox-slideshow=\"all-1ec39db3\" data-elementor-lightbox-title=\"Figura 3\" data-elementor-lightbox-description=\"Cajas catalogadas. Archivo Ponsati. \" data-e-action-hash=\"#elementor-action%3Aaction%3Dlightbox%26settings%3DeyJpZCI6NjgxLCJ1cmwiOiJodHRwczpcL1wvd3d3LnVuc3RhLmVkdS5hclwvcGFub3JhbWFzZWNsZXNpYWxlc1wvd3AtY29udGVudFwvdXBsb2Fkc1wvc2l0ZXNcLzMzXC8yMDI0XC8wNVwvRmlndXJhLTNfLUNhamFzLWNhdGFsb2dhZGFzLi1BcmNoaXZvLVBvbnNhdGkuLS5wbmciLCJzbGlkZXNob3ciOiJhbGwtMWVjMzlkYjMifQ%3D%3D\"><br \/>\n\t\t\t\t\t\t\t\t\t\t\t\t\t\t<\/a><br \/>\n\t\t\t\t\t\t\t<a href=\"https:\/\/www.unsta.edu.ar\/panoramaseclesiales\/wp-content\/uploads\/sites\/33\/2024\/05\/Figura-4.-Boleta-elecotal.-Ponsati-candidato-vicepresidente.jpg\" data-elementor-open-lightbox=\"yes\" data-elementor-lightbox-slideshow=\"all-1ec39db3\" data-elementor-lightbox-title=\"Figura 4\" data-elementor-lightbox-description=\"Boleta elecotal. Ponsati candidato vicepresidente\" data-e-action-hash=\"#elementor-action%3Aaction%3Dlightbox%26settings%3DeyJpZCI6Njg1LCJ1cmwiOiJodHRwczpcL1wvd3d3LnVuc3RhLmVkdS5hclwvcGFub3JhbWFzZWNsZXNpYWxlc1wvd3AtY29udGVudFwvdXBsb2Fkc1wvc2l0ZXNcLzMzXC8yMDI0XC8wNVwvRmlndXJhLTQuLUJvbGV0YS1lbGVjb3RhbC4tUG9uc2F0aS1jYW5kaWRhdG8tdmljZXByZXNpZGVudGUuanBnIiwic2xpZGVzaG93IjoiYWxsLTFlYzM5ZGIzIn0%3D\"><br \/>\n\t\t\t\t\t\t\t\t\t\t\t\t\t\t<\/a><\/p>\n<p>Ficha N\u00ba 3: Autora: <a href=\"mailto:ana.juarez@unsta.edu.ar\">Ana Lucia Ju\u00e1rez<\/a><br \/>Nombre: Arturo Ponsati. Intelectual cat\u00f3lico tucumano.\u00a0<br \/>Datos cronol\u00f3gicos:\u00a0 1937<br \/>Lugar: San Miguel de Tucum\u00e1n, Argentina<br \/>Direcci\u00f3n: 9 de Julio 191<br \/>Palabras clave: Tucuman, Ponsati, Laico, Pol\u00edtica, Archivos.<\/p>\n<p>Nacido en el a\u00f1o 1937 Arturo Domingo Ponsati fue abogado, profesor, escritor y pol\u00edtico tucumano, precursor del partido dem\u00f3crata cristiano en la provincia. Se presenta como un referente intelectual para la sociedad tucumana que busc\u00f3, con vocaci\u00f3n cristiana, crear un espacio de participaci\u00f3n para el laicado cat\u00f3lico. Su formaci\u00f3n intelectual sobre pol\u00edtica, filosof\u00eda, sociolog\u00eda y derecho lo convierten al d\u00eda de hoy en una personalidad destacada dentro del espectro cultural de la provincia.<\/p>\n<p>Su archivo privado nos introduce al estudio de su figura. <\/p>\n<ol>\n<li><b> Folquer, Cynthia; \u00c1balo, Esteban; Amenta, Sara (2015: 176-180). Una universidad <\/b><b style=\"font-style: inherit;\">tomista para el Noroeste argentino. Los tiempos fundacionales de la UNSTA (1948-1970). Tucum\u00e1n: Universidad del Norte Santo Tom\u00e1s de Aquino.<\/b><\/li>\n<\/ol>\n<p>\t\t\t\t\t\t\t<a href=\"https:\/\/www.unsta.edu.ar\/panoramaseclesiales\/wp-content\/uploads\/sites\/33\/2024\/05\/Figura-1.-Arturo-Ponsati.jpg\" data-elementor-open-lightbox=\"yes\" data-elementor-lightbox-slideshow=\"all-1ec39db3\" data-elementor-lightbox-title=\"Figura 1\" data-elementor-lightbox-description=\"Arturo Domingo Ponsati\" data-e-action-hash=\"#elementor-action%3Aaction%3Dlightbox%26settings%3DeyJpZCI6Njc5LCJ1cmwiOiJodHRwczpcL1wvd3d3LnVuc3RhLmVkdS5hclwvcGFub3JhbWFzZWNsZXNpYWxlc1wvd3AtY29udGVudFwvdXBsb2Fkc1wvc2l0ZXNcLzMzXC8yMDI0XC8wNVwvRmlndXJhLTEuLUFydHVyby1Qb25zYXRpLmpwZyIsInNsaWRlc2hvdyI6ImFsbC0xZWMzOWRiMyJ9\"><br \/>\n\t\t\t\t\t\t\t\t\t\t\t\t\t\t<\/a><br \/>\n\t\t\t\t\t\t\t<a href=\"https:\/\/www.unsta.edu.ar\/panoramaseclesiales\/wp-content\/uploads\/sites\/33\/2024\/05\/Figura-2.-Biblioteca-UNSTA.-Ubicacion-del-archivo-.jpg\" data-elementor-open-lightbox=\"yes\" data-elementor-lightbox-slideshow=\"all-1ec39db3\" data-elementor-lightbox-title=\"Figura 2\" data-elementor-lightbox-description=\"Ubicaci\u00f3n del archivo. UNSTA. Biblioteca. Sede Central. San Miguel de Tucum\u00e1n. Provincia de Tucum\u00e1n. \n\" data-e-action-hash=\"#elementor-action%3Aaction%3Dlightbox%26settings%3DeyJpZCI6NjgwLCJ1cmwiOiJodHRwczpcL1wvd3d3LnVuc3RhLmVkdS5hclwvcGFub3JhbWFzZWNsZXNpYWxlc1wvd3AtY29udGVudFwvdXBsb2Fkc1wvc2l0ZXNcLzMzXC8yMDI0XC8wNVwvRmlndXJhLTIuLUJpYmxpb3RlY2EtVU5TVEEuLVViaWNhY2lvbi1kZWwtYXJjaGl2by0uanBnIiwic2xpZGVzaG93IjoiYWxsLTFlYzM5ZGIzIn0%3D\"><br \/>\n\t\t\t\t\t\t\t\t\t\t\t\t\t\t<\/a><br \/>\n\t\t\t\t\t\t\t<a href=\"https:\/\/www.unsta.edu.ar\/panoramaseclesiales\/wp-content\/uploads\/sites\/33\/2024\/05\/Figura-3_-Cajas-catalogadas.-Archivo-Ponsati.-.png\" data-elementor-open-lightbox=\"yes\" data-elementor-lightbox-slideshow=\"all-1ec39db3\" data-elementor-lightbox-title=\"Figura 3\" data-elementor-lightbox-description=\"Cajas catalogadas. Archivo Ponsati. \" data-e-action-hash=\"#elementor-action%3Aaction%3Dlightbox%26settings%3DeyJpZCI6NjgxLCJ1cmwiOiJodHRwczpcL1wvd3d3LnVuc3RhLmVkdS5hclwvcGFub3JhbWFzZWNsZXNpYWxlc1wvd3AtY29udGVudFwvdXBsb2Fkc1wvc2l0ZXNcLzMzXC8yMDI0XC8wNVwvRmlndXJhLTNfLUNhamFzLWNhdGFsb2dhZGFzLi1BcmNoaXZvLVBvbnNhdGkuLS5wbmciLCJzbGlkZXNob3ciOiJhbGwtMWVjMzlkYjMifQ%3D%3D\"><br \/>\n\t\t\t\t\t\t\t\t\t\t\t\t\t\t<\/a><br \/>\n\t\t\t\t\t\t\t<a href=\"https:\/\/www.unsta.edu.ar\/panoramaseclesiales\/wp-content\/uploads\/sites\/33\/2024\/05\/Figura-4.-Boleta-elecotal.-Ponsati-candidato-vicepresidente.jpg\" data-elementor-open-lightbox=\"yes\" data-elementor-lightbox-slideshow=\"all-1ec39db3\" data-elementor-lightbox-title=\"Figura 4\" data-elementor-lightbox-description=\"Boleta elecotal. Ponsati candidato vicepresidente\" data-e-action-hash=\"#elementor-action%3Aaction%3Dlightbox%26settings%3DeyJpZCI6Njg1LCJ1cmwiOiJodHRwczpcL1wvd3d3LnVuc3RhLmVkdS5hclwvcGFub3JhbWFzZWNsZXNpYWxlc1wvd3AtY29udGVudFwvdXBsb2Fkc1wvc2l0ZXNcLzMzXC8yMDI0XC8wNVwvRmlndXJhLTQuLUJvbGV0YS1lbGVjb3RhbC4tUG9uc2F0aS1jYW5kaWRhdG8tdmljZXByZXNpZGVudGUuanBnIiwic2xpZGVzaG93IjoiYWxsLTFlYzM5ZGIzIn0%3D\"><br \/>\n\t\t\t\t\t\t\t\t\t\t\t\t\t\t<\/a><\/p>\n","protected":false},"excerpt":{"rendered":"<p>fichas Instituto de Investigaciones Hist\u00f3ricas UNSTA Arturo Ponsati. Intelectual cat\u00f3lico tucumano. Identificaci\u00f3n Descripci\u00f3n Bibliograf\u00eda y enlaces Im\u00e1genes Ficha N\u00ba 3: Autora: Ana Lucia Ju\u00e1rezNombre: Arturo Ponsati. Intelectual cat\u00f3lico tucumano.\u00a0Datos cronol\u00f3gicos:\u00a0 1937Lugar: San Miguel de Tucum\u00e1n, ArgentinaDirecci\u00f3n: 9 de Julio 191Palabras clave: Tucuman, Ponsati, Laico, Pol\u00edtica, Archivos. Nacido en el a\u00f1o 1937 Arturo Domingo Ponsati fue [&hellip;]<\/p>\n","protected":false},"author":31,"featured_media":0,"parent":0,"menu_order":0,"comment_status":"closed","ping_status":"closed","template":"elementor_header_footer","meta":{"_acf_changed":false,"_angie_page":false,"site-sidebar-layout":"no-sidebar","site-content-layout":"page-builder","ast-site-content-layout":"full-width-container","site-content-style":"default","site-sidebar-style":"default","ast-global-header-display":"","ast-banner-title-visibility":"","ast-main-header-display":"","ast-hfb-above-header-display":"","ast-hfb-below-header-display":"","ast-hfb-mobile-header-display":"","site-post-title":"disabled","ast-breadcrumbs-content":"","ast-featured-img":"disabled","footer-sml-layout":"","ast-disable-related-posts":"","theme-transparent-header-meta":"","adv-header-id-meta":"","stick-header-meta":"","header-above-stick-meta":"","header-main-stick-meta":"","header-below-stick-meta":"","astra-migrate-meta-layouts":"set","ast-page-background-enabled":"default","ast-page-background-meta":{"desktop":{"background-color":"var(--ast-global-color-4)","background-image":"","background-repeat":"repeat","background-position":"center center","background-size":"auto","background-attachment":"scroll","background-type":"","background-media":"","overlay-type":"","overlay-color":"","overlay-opacity":"","overlay-gradient":""},"tablet":{"background-color":"","background-image":"","background-repeat":"repeat","background-position":"center center","background-size":"auto","background-attachment":"scroll","background-type":"","background-media":"","overlay-type":"","overlay-color":"","overlay-opacity":"","overlay-gradient":""},"mobile":{"background-color":"","background-image":"","background-repeat":"repeat","background-position":"center center","background-size":"auto","background-attachment":"scroll","background-type":"","background-media":"","overlay-type":"","overlay-color":"","overlay-opacity":"","overlay-gradient":""}},"ast-content-background-meta":{"desktop":{"background-color":"var(--ast-global-color-5)","background-image":"","background-repeat":"repeat","background-position":"center center","background-size":"auto","background-attachment":"scroll","background-type":"","background-media":"","overlay-type":"","overlay-color":"","overlay-opacity":"","overlay-gradient":""},"tablet":{"background-color":"var(--ast-global-color-5)","background-image":"","background-repeat":"repeat","background-position":"center center","background-size":"auto","background-attachment":"scroll","background-type":"","background-media":"","overlay-type":"","overlay-color":"","overlay-opacity":"","overlay-gradient":""},"mobile":{"background-color":"var(--ast-global-color-5)","background-image":"","background-repeat":"repeat","background-position":"center center","background-size":"auto","background-attachment":"scroll","background-type":"","background-media":"","overlay-type":"","overlay-color":"","overlay-opacity":"","overlay-gradient":""}},"footnotes":""},"class_list":["post-674","page","type-page","status-publish","hentry"],"acf":[],"_links":{"self":[{"href":"https:\/\/www.unsta.edu.ar\/panoramaseclesiales\/wp-json\/wp\/v2\/pages\/674","targetHints":{"allow":["GET"]}}],"collection":[{"href":"https:\/\/www.unsta.edu.ar\/panoramaseclesiales\/wp-json\/wp\/v2\/pages"}],"about":[{"href":"https:\/\/www.unsta.edu.ar\/panoramaseclesiales\/wp-json\/wp\/v2\/types\/page"}],"author":[{"embeddable":true,"href":"https:\/\/www.unsta.edu.ar\/panoramaseclesiales\/wp-json\/wp\/v2\/users\/31"}],"replies":[{"embeddable":true,"href":"https:\/\/www.unsta.edu.ar\/panoramaseclesiales\/wp-json\/wp\/v2\/comments?post=674"}],"version-history":[{"count":13,"href":"https:\/\/www.unsta.edu.ar\/panoramaseclesiales\/wp-json\/wp\/v2\/pages\/674\/revisions"}],"predecessor-version":[{"id":698,"href":"https:\/\/www.unsta.edu.ar\/panoramaseclesiales\/wp-json\/wp\/v2\/pages\/674\/revisions\/698"}],"wp:attachment":[{"href":"https:\/\/www.unsta.edu.ar\/panoramaseclesiales\/wp-json\/wp\/v2\/media?parent=674"}],"curies":[{"name":"wp","href":"https:\/\/api.w.org\/{rel}","templated":true}]}}