{"id":317,"date":"2024-02-29T12:14:35","date_gmt":"2024-02-29T15:14:35","guid":{"rendered":"https:\/\/www.unsta.edu.ar\/investigaciones\/?page_id=317"},"modified":"2024-05-22T15:18:29","modified_gmt":"2024-05-22T18:18:29","slug":"ficha07","status":"publish","type":"page","link":"https:\/\/www.unsta.edu.ar\/panoramaseclesiales\/ficha07\/","title":{"rendered":"Ficha 07"},"content":{"rendered":"<h2>fichas<\/h2>\n<h2>Instituto de Investigaciones Hist\u00f3ricas UNSTA<\/h2>\n<h4>Ficha N\u00ba7:  Elmina Paz Gallo<\/h4>\n<p>\t\t\t\t\t\t\t<button id=\"e-n-tabs-title-1741\" aria-selected=\"true\" data-tab-index=\"1\" role=\"tab\" tabindex=\"0\" aria-controls=\"e-n-tab-content-1741\" aria-label=\"Open tab (Enter or Space) | Return (Escape)\" style=\"--n-tabs-title-order: 1;\"><br \/>\n\t\t\t\t\tIdentificaci\u00f3n<br \/>\n\t\t\t<\/button><br \/>\n\t\t\t\t\t<button id=\"e-n-tabs-title-1742\" aria-selected=\"false\" data-tab-index=\"2\" role=\"tab\" tabindex=\"-1\" aria-controls=\"e-n-tab-content-1742\" aria-label=\"Open tab (Enter or Space) | Return (Escape)\" style=\"--n-tabs-title-order: 2;\"><br \/>\n\t\t\t\t\tRese\u00f1a<br \/>\n\t\t\t<\/button><br \/>\n\t\t\t\t\t<button id=\"e-n-tabs-title-1743\" aria-selected=\"false\" data-tab-index=\"3\" role=\"tab\" tabindex=\"-1\" aria-controls=\"e-n-tab-content-1743\" aria-label=\"Open tab (Enter or Space) | Return (Escape)\" style=\"--n-tabs-title-order: 3;\"><br \/>\n\t\t\t\t\tEnlaces y bibliograf\u00eda<br \/>\n\t\t\t<\/button><br \/>\n\t\t\t\t\t<button id=\"e-n-tabs-title-1744\" aria-selected=\"false\" data-tab-index=\"4\" role=\"tab\" tabindex=\"-1\" aria-controls=\"e-n-tab-content-1744\" aria-label=\"Open tab (Enter or Space) | Return (Escape)\" style=\"--n-tabs-title-order: 4;\"><br \/>\n\t\t\t\t\tGaleria de fotos<br \/>\n\t\t\t<\/button><\/p>\n<p><b>Autora:<\/b> Cynthia Folquer<\/p>\n<p><b>Nombre de la Ficha: <\/b>\u00a0Elmina Paz Gallo (breve biografia)<\/p>\n<p><b>Datos cronol\u00f3gicos:<\/b>\u00a0 Fallecimiento 1 noviembre de 1911.<\/p>\n<p><b>Lugar:<\/b> San Miguel de Tucum\u00e1n, Argentina<\/p>\n<p>Nicolasa Elmina Paz de Gallo naci\u00f3 en la ciudad de Tucum\u00e1n (Argentina) el 10 de Septiembre de 1833, hija de Manuel Paz y Dorotea Ter\u00e1n. Contrajo matrimonio a la edad de 24 a\u00f1os en 1857, con Napole\u00f3n Gallo, hombre de fuerte militancia pol\u00edtica, nacido en la provincia de Santiago del Estero, ciudad en la que vivieron durante siete a\u00f1os. Fruto de este matrimonio, fue su hija Mar\u00eda Jes\u00fas, quien muri\u00f3 a los tres a\u00f1os de edad en 1864.<\/p>\n<p>Acompa\u00f1\u00f3 a su esposo en las vicisitudes de la inestable vida pol\u00edtica de la segunda mitad del siglo XIX. Napole\u00f3n Gallo, muri\u00f3 el 1 de Junio de 1886, a la edad de sesenta y siete a\u00f1os, luego de una larga y penosa enfermedad.<\/p>\n<p>Se comprometi\u00f3 en numerosas asociaciones caritativas, espacios en donde asumi\u00f3 un gran protagonismo. En Santiago del Estero por encontrarse su casa muy cercana al convento Santo Domingo, particip\u00f3 en las asociaciones ligadas a la Orden Dominica, especialmente la Tercera Orden Seglar. Al trasladarse a Tucum\u00e1n, colabor\u00f3 con la Sociedad de Beneficencia, llegando a ser presidenta de la misma entre 1876 y 1877, lo que le permiti\u00f3 asumir responsabilidades con los m\u00e1s desprotegidos de la sociedad, gestionando el Hogar de Mendigos y el Hospital de la ciudad. A su vez integr\u00f3 la Tercera Orden Seglar dominicana de Tucum\u00e1n, espacio en el que interactu\u00f3 con Fray \u00c1ngel Mar\u00eda Boisdron quien se convertir\u00eda en su confesor y director espiritual y luego co-fundador de la congregaci\u00f3n religiosa que fundaron en Tucum\u00e1n.<\/p>\n<p>El verano de 1886-87 encontr\u00f3 a Tucum\u00e1n en una crisis sanitaria provocada por una epidemia del c\u00f3lera que afect\u00f3 a toda la poblaci\u00f3n, especialmente a los sectores m\u00e1s vulnerables. La magnitud del flagelo super\u00f3 las posibilidades de control del Estado provincial, la Iglesia local y diversas asociaciones se abocaron a la tarea de asistencia de los damnificados, sin que se pudiera resolver el problema de atenci\u00f3n de las v\u00edctimas peque\u00f1as.<\/p>\n<p>La urgencia por solucionar el vac\u00edo institucional y encontrar un lugar adecuado para atender a los hu\u00e9rfanos, motiv\u00f3 al fraile dominico \u00c1ngel Mar\u00eda Boisdron, a solicitar ayuda para los ni\u00f1os, a Elmina Paz de Gallo, quien a pesar de su reciente viudez no dud\u00f3 en disponer de sus bienes, transformar su vivienda para acoger a los necesitados y a\u00fan m\u00e1s, asumir personalmente el cuidado de los hu\u00e9rfanos.<\/p>\n<p>Cuando Elmina Paz dio inicio a su obra y transform\u00f3 su vivienda en asilo el 28 de diciembre de 1886, respondi\u00f3 mucho m\u00e1s de lo esperado. \u201cNo s\u00f3lo con mi dinero sino con mi vida toda ayudar\u00e9 a estos ni\u00f1os hu\u00e9rfanos. Mi casa ser\u00e1 la de ellos\u201d, fueron las palabras que dirigi\u00f3 a Fr. \u00c1ngel Mar\u00eda Boisdron, expresando el deseo m\u00e1s profundo de su coraz\u00f3n. La resoluci\u00f3n de Elmina Paz de hacerse cargo de la atenci\u00f3n de los hu\u00e9rfanos, despert\u00f3 la adhesi\u00f3n de un grupo de j\u00f3venes mujeres que se incorporaron a las cada vez m\u00e1s exigentes tareas que demandaba la obra. El acelerado incremento del n\u00famero de hu\u00e9rfanos \u2013en febrero de 1887 sumaban casi un centenar\u2013 plante\u00f3 la necesidad de mejorar las condiciones del improvisado asilo y asegurar el futuro de los ni\u00f1os una vez superada la crisis, circunstancia que provoc\u00f3 un giro en la vida de estas mujeres, quienes comenzaron a plantearse la necesidad de entregar toda su vida al servicio de los \u201cdolientes\u201d como as\u00ed lo expresaron en una carta dirigida al Obispo de Salta.<\/p>\n<p>La experiencia caritativa de estas mujeres las llev\u00f3 entonces a tomar la decisi\u00f3n de optar por una vida consagrada a Dios y los m\u00e1s necesitados, esto dio origen a la fundaci\u00f3n de la congregaci\u00f3n de Hermanas Dominicas del Sant\u00edsimo Nombre de Jes\u00fas.<\/p>\n<p>En menos de seis meses de fundado el primer Asilo de Hu\u00e9rfanos de la provincia, se solicitaron los permisos eclesi\u00e1sticos para fundar la congregaci\u00f3n y, el 17 de junio de 1887 comenz\u00f3 la formaci\u00f3n de las 12 postulantes bajo la direcci\u00f3n del P. Boisdron. La Congregaci\u00f3n fue afiliada a la Orden Dominicana el 4 de Julio de 1888 y aprobada por la Santa Sede el 7 de septiembre de 1910.<\/p>\n<p>En todo el proceso fundacional, Elmina Paz cont\u00f3 con el apoyo y asesoramiento de su hermano Benjam\u00edn Paz, quien siendo senador por Tucuman y luego presidente de la Corte Suprema de Justicia, colabor\u00f3 desde Buenos Aires con todo tipo de tr\u00e1mites que permitieron establecer los cimientos de la congregaci\u00f3n y sus obras.<\/p>\n<p>2017 Folquer, Cynthia, \u201cCuidar, exhortar y abrir el coraz\u00f3n. El Epistolario de Elmina Paz-Gallo\u201d, <i>Relaciones Estudios de Historia y Sociedad<\/i> 150, primavera 2017, El Colegio de Michoac\u00e1n, pp. 127-158, ISSN 0185-3929.<\/p>\n<p><a href=\"https:\/\/www.revistarelaciones.com\/index.php\/relaciones\/article\/view\/REHS15005\" style=\"font-style: inherit; font-weight: inherit; font-family: var( --e-global-typography-text-font-family ), Sans-serif; text-align: var(--text-align); background-color: rgb(27, 37, 47); color: rgb(255, 255, 255);\">https:\/\/www.revistarelaciones.com\/index.php\/relaciones\/article\/view\/REHS15005<\/a><\/p>\n<p>2008 \u201cOlvidarme de mi: Elmina Paz o la cuesti\u00f3n del otro\u201d. <i>Revista Duoda<\/i>, Estudios de la Diferencia Sexual, N\u00ba34, Universidad de Barcelona, Barcelona, ISSN 1132-6751, pp.33-54.<\/p>\n<p><a style=\"color: #ffffff;\" href=\"http:\/\/www.raco.cat\/index.php\/DUODA\/article\/viewFile\/138685\/189706\">http:\/\/www.raco.cat\/index.php\/DUODA\/article\/viewFile\/138685\/189706<\/a><\/p>\n<\/p>\n<p>\t\t\t\t\t\t\t<a href=\"https:\/\/www.unsta.edu.ar\/panoramaseclesiales\/wp-content\/uploads\/sites\/33\/2024\/02\/Figura-1-Elmina-Paz-de-Gallo.jpg\" data-elementor-open-lightbox=\"yes\" data-elementor-lightbox-slideshow=\"all-592aadf\" data-elementor-lightbox-title=\"Elmina Paz de Gallo\" data-elementor-lightbox-description=\"Elmina Paz de Gallo 1857\" data-e-action-hash=\"#elementor-action%3Aaction%3Dlightbox%26settings%3DeyJpZCI6MjQ4LCJ1cmwiOiJodHRwczpcL1wvd3d3LnVuc3RhLmVkdS5hclwvcGFub3JhbWFzZWNsZXNpYWxlc1wvd3AtY29udGVudFwvdXBsb2Fkc1wvc2l0ZXNcLzMzXC8yMDI0XC8wMlwvRmlndXJhLTEtRWxtaW5hLVBhei1kZS1HYWxsby5qcGciLCJzbGlkZXNob3ciOiJhbGwtNTkyYWFkZiJ9\"><br \/>\n\t\t\t\t\t\t\t\t\t\t\t\t\t\t<\/a><br \/>\n\t\t\t\t\t\t\t<a href=\"https:\/\/www.unsta.edu.ar\/panoramaseclesiales\/wp-content\/uploads\/sites\/33\/2024\/02\/Figura-2-Elmina-y-su-madre.jpg\" data-elementor-open-lightbox=\"yes\" data-elementor-lightbox-slideshow=\"all-592aadf\" data-elementor-lightbox-title=\"Elmina y su madre\" data-elementor-lightbox-description=\"Elmina Paz y su madre Dorotea Ter\u00e1n\" data-e-action-hash=\"#elementor-action%3Aaction%3Dlightbox%26settings%3DeyJpZCI6MjQ3LCJ1cmwiOiJodHRwczpcL1wvd3d3LnVuc3RhLmVkdS5hclwvcGFub3JhbWFzZWNsZXNpYWxlc1wvd3AtY29udGVudFwvdXBsb2Fkc1wvc2l0ZXNcLzMzXC8yMDI0XC8wMlwvRmlndXJhLTItRWxtaW5hLXktc3UtbWFkcmUuanBnIiwic2xpZGVzaG93IjoiYWxsLTU5MmFhZGYifQ%3D%3D\"><br \/>\n\t\t\t\t\t\t\t\t\t\t\t\t\t\t<\/a><br \/>\n\t\t\t\t\t\t\t<a href=\"https:\/\/www.unsta.edu.ar\/panoramaseclesiales\/wp-content\/uploads\/sites\/33\/2024\/02\/Figura-3-Napoleon-Gallo-estos-de-Elmina.jpg\" data-elementor-open-lightbox=\"yes\" data-elementor-lightbox-slideshow=\"all-592aadf\" data-elementor-lightbox-title=\"Napoleon Gallo esposo de Elmina\" data-elementor-lightbox-description=\"Napole\u00f3n Gallo esposo de Elmina Paz\" data-e-action-hash=\"#elementor-action%3Aaction%3Dlightbox%26settings%3DeyJpZCI6MjQ2LCJ1cmwiOiJodHRwczpcL1wvd3d3LnVuc3RhLmVkdS5hclwvcGFub3JhbWFzZWNsZXNpYWxlc1wvd3AtY29udGVudFwvdXBsb2Fkc1wvc2l0ZXNcLzMzXC8yMDI0XC8wMlwvRmlndXJhLTMtTmFwb2xlb24tR2FsbG8tZXN0b3MtZGUtRWxtaW5hLmpwZyIsInNsaWRlc2hvdyI6ImFsbC01OTJhYWRmIn0%3D\"><br \/>\n\t\t\t\t\t\t\t\t\t\t\t\t\t\t<\/a><br \/>\n\t\t\t\t\t\t\t<a href=\"https:\/\/www.unsta.edu.ar\/panoramaseclesiales\/wp-content\/uploads\/sites\/33\/2024\/02\/Figura-4-Elmina-y-sy-hermano-y-amigo-Benjamin.jpg\" data-elementor-open-lightbox=\"yes\" data-elementor-lightbox-slideshow=\"all-592aadf\" data-elementor-lightbox-title=\"Elmina y su hermano Benjamin\" data-elementor-lightbox-description=\"Elmina Paz y su hermano Benjam\u00edn\" data-e-action-hash=\"#elementor-action%3Aaction%3Dlightbox%26settings%3DeyJpZCI6MjQ1LCJ1cmwiOiJodHRwczpcL1wvd3d3LnVuc3RhLmVkdS5hclwvcGFub3JhbWFzZWNsZXNpYWxlc1wvd3AtY29udGVudFwvdXBsb2Fkc1wvc2l0ZXNcLzMzXC8yMDI0XC8wMlwvRmlndXJhLTQtRWxtaW5hLXktc3ktaGVybWFuby15LWFtaWdvLUJlbmphbWluLmpwZyIsInNsaWRlc2hvdyI6ImFsbC01OTJhYWRmIn0%3D\"><br \/>\n\t\t\t\t\t\t\t\t\t\t\t\t\t\t<\/a><\/p>\n<p><b>Autora:<\/b> Cynthia Folquer<\/p>\n<p><b>Nombre de la Ficha: <\/b>\u00a0Elmina Paz Gallo (breve biografia)<\/p>\n<p><b>Datos cronol\u00f3gicos:<\/b>\u00a0 Fallecimiento 1 noviembre de 1911.<\/p>\n<p><b>Lugar:<\/b> San Miguel de Tucum\u00e1n, Argentina<\/p>\n<p>Nicolasa Elmina Paz de Gallo naci\u00f3 en la ciudad de Tucum\u00e1n (Argentina) el 10 de Septiembre de 1833, hija de Manuel Paz y Dorotea Ter\u00e1n. Contrajo matrimonio a la edad de 24 a\u00f1os en 1857, con Napole\u00f3n Gallo, hombre de fuerte militancia pol\u00edtica, nacido en la provincia de Santiago del Estero, ciudad en la que vivieron durante siete a\u00f1os. Fruto de este matrimonio, fue su hija Mar\u00eda Jes\u00fas, quien muri\u00f3 a los tres a\u00f1os de edad en 1864.<\/p>\n<p>Acompa\u00f1\u00f3 a su esposo en las vicisitudes de la inestable vida pol\u00edtica de la segunda mitad del siglo XIX. Napole\u00f3n Gallo, muri\u00f3 el 1 de Junio de 1886, a la edad de sesenta y siete a\u00f1os, luego de una larga y penosa enfermedad.<\/p>\n<p>Se comprometi\u00f3 en numerosas asociaciones caritativas, espacios en donde asumi\u00f3 un gran protagonismo. En Santiago del Estero por encontrarse su casa muy cercana al convento Santo Domingo, particip\u00f3 en las asociaciones ligadas a la Orden Dominica, especialmente la Tercera Orden Seglar. Al trasladarse a Tucum\u00e1n, colabor\u00f3 con la Sociedad de Beneficencia, llegando a ser presidenta de la misma entre 1876 y 1877, lo que le permiti\u00f3 asumir responsabilidades con los m\u00e1s desprotegidos de la sociedad, gestionando el Hogar de Mendigos y el Hospital de la ciudad. A su vez integr\u00f3 la Tercera Orden Seglar dominicana de Tucum\u00e1n, espacio en el que interactu\u00f3 con Fray \u00c1ngel Mar\u00eda Boisdron quien se convertir\u00eda en su confesor y director espiritual y luego co-fundador de la congregaci\u00f3n religiosa que fundaron en Tucum\u00e1n.<\/p>\n<p>El verano de 1886-87 encontr\u00f3 a Tucum\u00e1n en una crisis sanitaria provocada por una epidemia del c\u00f3lera que afect\u00f3 a toda la poblaci\u00f3n, especialmente a los sectores m\u00e1s vulnerables. La magnitud del flagelo super\u00f3 las posibilidades de control del Estado provincial, la Iglesia local y diversas asociaciones se abocaron a la tarea de asistencia de los damnificados, sin que se pudiera resolver el problema de atenci\u00f3n de las v\u00edctimas peque\u00f1as.<\/p>\n<p>La urgencia por solucionar el vac\u00edo institucional y encontrar un lugar adecuado para atender a los hu\u00e9rfanos, motiv\u00f3 al fraile dominico \u00c1ngel Mar\u00eda Boisdron, a solicitar ayuda para los ni\u00f1os, a Elmina Paz de Gallo, quien a pesar de su reciente viudez no dud\u00f3 en disponer de sus bienes, transformar su vivienda para acoger a los necesitados y a\u00fan m\u00e1s, asumir personalmente el cuidado de los hu\u00e9rfanos.<\/p>\n<p>Cuando Elmina Paz dio inicio a su obra y transform\u00f3 su vivienda en asilo el 28 de diciembre de 1886, respondi\u00f3 mucho m\u00e1s de lo esperado. \u201cNo s\u00f3lo con mi dinero sino con mi vida toda ayudar\u00e9 a estos ni\u00f1os hu\u00e9rfanos. Mi casa ser\u00e1 la de ellos\u201d, fueron las palabras que dirigi\u00f3 a Fr. \u00c1ngel Mar\u00eda Boisdron, expresando el deseo m\u00e1s profundo de su coraz\u00f3n. La resoluci\u00f3n de Elmina Paz de hacerse cargo de la atenci\u00f3n de los hu\u00e9rfanos, despert\u00f3 la adhesi\u00f3n de un grupo de j\u00f3venes mujeres que se incorporaron a las cada vez m\u00e1s exigentes tareas que demandaba la obra. El acelerado incremento del n\u00famero de hu\u00e9rfanos \u2013en febrero de 1887 sumaban casi un centenar\u2013 plante\u00f3 la necesidad de mejorar las condiciones del improvisado asilo y asegurar el futuro de los ni\u00f1os una vez superada la crisis, circunstancia que provoc\u00f3 un giro en la vida de estas mujeres, quienes comenzaron a plantearse la necesidad de entregar toda su vida al servicio de los \u201cdolientes\u201d como as\u00ed lo expresaron en una carta dirigida al Obispo de Salta.<\/p>\n<p>La experiencia caritativa de estas mujeres las llev\u00f3 entonces a tomar la decisi\u00f3n de optar por una vida consagrada a Dios y los m\u00e1s necesitados, esto dio origen a la fundaci\u00f3n de la congregaci\u00f3n de Hermanas Dominicas del Sant\u00edsimo Nombre de Jes\u00fas.<\/p>\n<p>En menos de seis meses de fundado el primer Asilo de Hu\u00e9rfanos de la provincia, se solicitaron los permisos eclesi\u00e1sticos para fundar la congregaci\u00f3n y, el 17 de junio de 1887 comenz\u00f3 la formaci\u00f3n de las 12 postulantes bajo la direcci\u00f3n del P. Boisdron. La Congregaci\u00f3n fue afiliada a la Orden Dominicana el 4 de Julio de 1888 y aprobada por la Santa Sede el 7 de septiembre de 1910.<\/p>\n<p>En todo el proceso fundacional, Elmina Paz cont\u00f3 con el apoyo y asesoramiento de su hermano Benjam\u00edn Paz, quien siendo senador por Tucuman y luego presidente de la Corte Suprema de Justicia, colabor\u00f3 desde Buenos Aires con todo tipo de tr\u00e1mites que permitieron establecer los cimientos de la congregaci\u00f3n y sus obras.<\/p>\n<p>2017 Folquer, Cynthia, \u201cCuidar, exhortar y abrir el coraz\u00f3n. El Epistolario de Elmina Paz-Gallo\u201d, <i>Relaciones Estudios de Historia y Sociedad<\/i> 150, primavera 2017, El Colegio de Michoac\u00e1n, pp. 127-158, ISSN 0185-3929.<\/p>\n<p><a href=\"https:\/\/www.revistarelaciones.com\/index.php\/relaciones\/article\/view\/REHS15005\" style=\"font-style: inherit; font-weight: inherit; font-family: var( --e-global-typography-text-font-family ), Sans-serif; text-align: var(--text-align); background-color: rgb(27, 37, 47); color: rgb(255, 255, 255);\">https:\/\/www.revistarelaciones.com\/index.php\/relaciones\/article\/view\/REHS15005<\/a><\/p>\n<p>2008 \u201cOlvidarme de mi: Elmina Paz o la cuesti\u00f3n del otro\u201d. <i>Revista Duoda<\/i>, Estudios de la Diferencia Sexual, N\u00ba34, Universidad de Barcelona, Barcelona, ISSN 1132-6751, pp.33-54.<\/p>\n<p><a style=\"color: #ffffff;\" href=\"http:\/\/www.raco.cat\/index.php\/DUODA\/article\/viewFile\/138685\/189706\">http:\/\/www.raco.cat\/index.php\/DUODA\/article\/viewFile\/138685\/189706<\/a><\/p>\n<\/p>\n<p>\t\t\t\t\t\t\t<a href=\"https:\/\/www.unsta.edu.ar\/panoramaseclesiales\/wp-content\/uploads\/sites\/33\/2024\/02\/Figura-1-Elmina-Paz-de-Gallo.jpg\" data-elementor-open-lightbox=\"yes\" data-elementor-lightbox-slideshow=\"all-592aadf\" data-elementor-lightbox-title=\"Elmina Paz de Gallo\" data-elementor-lightbox-description=\"Elmina Paz de Gallo 1857\" data-e-action-hash=\"#elementor-action%3Aaction%3Dlightbox%26settings%3DeyJpZCI6MjQ4LCJ1cmwiOiJodHRwczpcL1wvd3d3LnVuc3RhLmVkdS5hclwvcGFub3JhbWFzZWNsZXNpYWxlc1wvd3AtY29udGVudFwvdXBsb2Fkc1wvc2l0ZXNcLzMzXC8yMDI0XC8wMlwvRmlndXJhLTEtRWxtaW5hLVBhei1kZS1HYWxsby5qcGciLCJzbGlkZXNob3ciOiJhbGwtNTkyYWFkZiJ9\"><br \/>\n\t\t\t\t\t\t\t\t\t\t\t\t\t\t<\/a><br \/>\n\t\t\t\t\t\t\t<a href=\"https:\/\/www.unsta.edu.ar\/panoramaseclesiales\/wp-content\/uploads\/sites\/33\/2024\/02\/Figura-2-Elmina-y-su-madre.jpg\" data-elementor-open-lightbox=\"yes\" data-elementor-lightbox-slideshow=\"all-592aadf\" data-elementor-lightbox-title=\"Elmina y su madre\" data-elementor-lightbox-description=\"Elmina Paz y su madre Dorotea Ter\u00e1n\" data-e-action-hash=\"#elementor-action%3Aaction%3Dlightbox%26settings%3DeyJpZCI6MjQ3LCJ1cmwiOiJodHRwczpcL1wvd3d3LnVuc3RhLmVkdS5hclwvcGFub3JhbWFzZWNsZXNpYWxlc1wvd3AtY29udGVudFwvdXBsb2Fkc1wvc2l0ZXNcLzMzXC8yMDI0XC8wMlwvRmlndXJhLTItRWxtaW5hLXktc3UtbWFkcmUuanBnIiwic2xpZGVzaG93IjoiYWxsLTU5MmFhZGYifQ%3D%3D\"><br \/>\n\t\t\t\t\t\t\t\t\t\t\t\t\t\t<\/a><br \/>\n\t\t\t\t\t\t\t<a href=\"https:\/\/www.unsta.edu.ar\/panoramaseclesiales\/wp-content\/uploads\/sites\/33\/2024\/02\/Figura-3-Napoleon-Gallo-estos-de-Elmina.jpg\" data-elementor-open-lightbox=\"yes\" data-elementor-lightbox-slideshow=\"all-592aadf\" data-elementor-lightbox-title=\"Napoleon Gallo esposo de Elmina\" data-elementor-lightbox-description=\"Napole\u00f3n Gallo esposo de Elmina Paz\" data-e-action-hash=\"#elementor-action%3Aaction%3Dlightbox%26settings%3DeyJpZCI6MjQ2LCJ1cmwiOiJodHRwczpcL1wvd3d3LnVuc3RhLmVkdS5hclwvcGFub3JhbWFzZWNsZXNpYWxlc1wvd3AtY29udGVudFwvdXBsb2Fkc1wvc2l0ZXNcLzMzXC8yMDI0XC8wMlwvRmlndXJhLTMtTmFwb2xlb24tR2FsbG8tZXN0b3MtZGUtRWxtaW5hLmpwZyIsInNsaWRlc2hvdyI6ImFsbC01OTJhYWRmIn0%3D\"><br \/>\n\t\t\t\t\t\t\t\t\t\t\t\t\t\t<\/a><br \/>\n\t\t\t\t\t\t\t<a href=\"https:\/\/www.unsta.edu.ar\/panoramaseclesiales\/wp-content\/uploads\/sites\/33\/2024\/02\/Figura-4-Elmina-y-sy-hermano-y-amigo-Benjamin.jpg\" data-elementor-open-lightbox=\"yes\" data-elementor-lightbox-slideshow=\"all-592aadf\" data-elementor-lightbox-title=\"Elmina y su hermano Benjamin\" data-elementor-lightbox-description=\"Elmina Paz y su hermano Benjam\u00edn\" data-e-action-hash=\"#elementor-action%3Aaction%3Dlightbox%26settings%3DeyJpZCI6MjQ1LCJ1cmwiOiJodHRwczpcL1wvd3d3LnVuc3RhLmVkdS5hclwvcGFub3JhbWFzZWNsZXNpYWxlc1wvd3AtY29udGVudFwvdXBsb2Fkc1wvc2l0ZXNcLzMzXC8yMDI0XC8wMlwvRmlndXJhLTQtRWxtaW5hLXktc3ktaGVybWFuby15LWFtaWdvLUJlbmphbWluLmpwZyIsInNsaWRlc2hvdyI6ImFsbC01OTJhYWRmIn0%3D\"><br \/>\n\t\t\t\t\t\t\t\t\t\t\t\t\t\t<\/a><\/p>\n","protected":false},"excerpt":{"rendered":"<p>fichas Instituto de Investigaciones Hist\u00f3ricas UNSTA Ficha N\u00ba7: Elmina Paz Gallo Identificaci\u00f3n Rese\u00f1a Enlaces y bibliograf\u00eda Galeria de fotos Autora: Cynthia Folquer Nombre de la Ficha: \u00a0Elmina Paz Gallo (breve biografia) Datos cronol\u00f3gicos:\u00a0 Fallecimiento 1 noviembre de 1911. Lugar: San Miguel de Tucum\u00e1n, Argentina Nicolasa Elmina Paz de Gallo naci\u00f3 en la ciudad de Tucum\u00e1n [&hellip;]<\/p>\n","protected":false},"author":1,"featured_media":0,"parent":0,"menu_order":0,"comment_status":"closed","ping_status":"closed","template":"elementor_header_footer","meta":{"_acf_changed":false,"_angie_page":false,"site-sidebar-layout":"no-sidebar","site-content-layout":"page-builder","ast-site-content-layout":"full-width-container","site-content-style":"unboxed","site-sidebar-style":"unboxed","ast-global-header-display":"","ast-banner-title-visibility":"","ast-main-header-display":"","ast-hfb-above-header-display":"","ast-hfb-below-header-display":"","ast-hfb-mobile-header-display":"","site-post-title":"disabled","ast-breadcrumbs-content":"","ast-featured-img":"disabled","footer-sml-layout":"","ast-disable-related-posts":"","theme-transparent-header-meta":"","adv-header-id-meta":"","stick-header-meta":"","header-above-stick-meta":"","header-main-stick-meta":"","header-below-stick-meta":"","astra-migrate-meta-layouts":"set","ast-page-background-enabled":"default","ast-page-background-meta":{"desktop":{"background-color":"var(--ast-global-color-4)","background-image":"","background-repeat":"repeat","background-position":"center center","background-size":"auto","background-attachment":"scroll","background-type":"","background-media":"","overlay-type":"","overlay-color":"","overlay-opacity":"","overlay-gradient":""},"tablet":{"background-color":"","background-image":"","background-repeat":"repeat","background-position":"center center","background-size":"auto","background-attachment":"scroll","background-type":"","background-media":"","overlay-type":"","overlay-color":"","overlay-opacity":"","overlay-gradient":""},"mobile":{"background-color":"","background-image":"","background-repeat":"repeat","background-position":"center center","background-size":"auto","background-attachment":"scroll","background-type":"","background-media":"","overlay-type":"","overlay-color":"","overlay-opacity":"","overlay-gradient":""}},"ast-content-background-meta":{"desktop":{"background-color":"var(--ast-global-color-5)","background-image":"","background-repeat":"repeat","background-position":"center center","background-size":"auto","background-attachment":"scroll","background-type":"","background-media":"","overlay-type":"","overlay-color":"","overlay-opacity":"","overlay-gradient":""},"tablet":{"background-color":"var(--ast-global-color-5)","background-image":"","background-repeat":"repeat","background-position":"center center","background-size":"auto","background-attachment":"scroll","background-type":"","background-media":"","overlay-type":"","overlay-color":"","overlay-opacity":"","overlay-gradient":""},"mobile":{"background-color":"var(--ast-global-color-5)","background-image":"","background-repeat":"repeat","background-position":"center center","background-size":"auto","background-attachment":"scroll","background-type":"","background-media":"","overlay-type":"","overlay-color":"","overlay-opacity":"","overlay-gradient":""}},"footnotes":""},"class_list":["post-317","page","type-page","status-publish","hentry"],"acf":[],"_links":{"self":[{"href":"https:\/\/www.unsta.edu.ar\/panoramaseclesiales\/wp-json\/wp\/v2\/pages\/317","targetHints":{"allow":["GET"]}}],"collection":[{"href":"https:\/\/www.unsta.edu.ar\/panoramaseclesiales\/wp-json\/wp\/v2\/pages"}],"about":[{"href":"https:\/\/www.unsta.edu.ar\/panoramaseclesiales\/wp-json\/wp\/v2\/types\/page"}],"author":[{"embeddable":true,"href":"https:\/\/www.unsta.edu.ar\/panoramaseclesiales\/wp-json\/wp\/v2\/users\/1"}],"replies":[{"embeddable":true,"href":"https:\/\/www.unsta.edu.ar\/panoramaseclesiales\/wp-json\/wp\/v2\/comments?post=317"}],"version-history":[{"count":32,"href":"https:\/\/www.unsta.edu.ar\/panoramaseclesiales\/wp-json\/wp\/v2\/pages\/317\/revisions"}],"predecessor-version":[{"id":865,"href":"https:\/\/www.unsta.edu.ar\/panoramaseclesiales\/wp-json\/wp\/v2\/pages\/317\/revisions\/865"}],"wp:attachment":[{"href":"https:\/\/www.unsta.edu.ar\/panoramaseclesiales\/wp-json\/wp\/v2\/media?parent=317"}],"curies":[{"name":"wp","href":"https:\/\/api.w.org\/{rel}","templated":true}]}}