{"id":304,"date":"2024-02-29T11:52:03","date_gmt":"2024-02-29T14:52:03","guid":{"rendered":"https:\/\/www.unsta.edu.ar\/investigaciones\/?page_id=304"},"modified":"2024-03-13T15:39:39","modified_gmt":"2024-03-13T18:39:39","slug":"ficha02","status":"publish","type":"page","link":"https:\/\/www.unsta.edu.ar\/panoramaseclesiales\/ficha02\/","title":{"rendered":"Ficha 02"},"content":{"rendered":"<h2>fichas<\/h2>\n<h2>Instituto de Investigaciones Hist\u00f3ricas UNSTA<\/h2>\n<h4>Congregaci\u00f3n Hermanas  Dominicas<\/h4>\n<p>\t\t\t\t\t\t\t<button id=\"e-n-tabs-title-1751\" aria-selected=\"true\" data-tab-index=\"1\" role=\"tab\" tabindex=\"0\" aria-controls=\"e-n-tab-content-1751\" aria-label=\"Open tab (Enter or Space) | Return (Escape)\" style=\"--n-tabs-title-order: 1;\"><br \/>\n\t\t\t\t\tIdentificaci\u00f3n<br \/>\n\t\t\t<\/button><br \/>\n\t\t\t\t\t<button id=\"e-n-tabs-title-1752\" aria-selected=\"false\" data-tab-index=\"2\" role=\"tab\" tabindex=\"-1\" aria-controls=\"e-n-tab-content-1752\" aria-label=\"Open tab (Enter or Space) | Return (Escape)\" style=\"--n-tabs-title-order: 2;\"><br \/>\n\t\t\t\t\tRese\u00f1a<br \/>\n\t\t\t<\/button><br \/>\n\t\t\t\t\t<button id=\"e-n-tabs-title-1753\" aria-selected=\"false\" data-tab-index=\"3\" role=\"tab\" tabindex=\"-1\" aria-controls=\"e-n-tab-content-1753\" aria-label=\"Open tab (Enter or Space) | Return (Escape)\" style=\"--n-tabs-title-order: 3;\"><br \/>\n\t\t\t\t\tEnlaces y bibliograf\u00eda<br \/>\n\t\t\t<\/button><br \/>\n\t\t\t\t\t<button id=\"e-n-tabs-title-1754\" aria-selected=\"false\" data-tab-index=\"4\" role=\"tab\" tabindex=\"-1\" aria-controls=\"e-n-tab-content-1754\" aria-label=\"Open tab (Enter or Space) | Return (Escape)\" style=\"--n-tabs-title-order: 4;\"><br \/>\n\t\t\t\t\tGaler\u00eda de fotos<br \/>\n\t\t\t<\/button><\/p>\n<p>Autora:&nbsp;Cynthia Folquer<b><br \/><\/b><\/p>\n<p><b>Nombre: <\/b>Congregaci\u00f3n Hermanas Dominicas<\/p>\n<p><b>Datos cronol\u00f3gicos: <\/b>Fundada el 17 de junio de 1887<\/p>\n<p><b>Lugar: <\/b>San Miguel de Tucum\u00e1n, Tucum\u00e1n, Argentina<\/p>\n<p><font color=\"#ffffff\"><b>Direcci\u00f3n: <\/b>Avenida Sarmiento al 200<\/font><\/p>\n<p>Elmina Paz de Gallo junto a un grupo de colaboradoras luego de organizar el primer asilo de hu\u00e9rfanos de la provincia de Tucum\u00e1n, para acoger a las v\u00edctimas del colera, decidieron consagrarse a Dios fundando una congregaci\u00f3n religiosa, las Hermanas Dominicas del Sant\u00edsimo Nombre de Jes\u00fas.<\/p>\n<p>Luego por la necesidad de contar con un espacio m\u00e1s grande, compr\u00f3 en la actual Avenida Sarmiento al 200 de la ciudad de San Miguel de Tucum\u00e1n, una hect\u00e1rea, donde construy\u00f3 el asilo, la escuela y el convento.<\/p>\n<p>La Congregaci\u00f3n continu\u00f3 fundado conventos y escuelas en diferentes localidades de Tucum\u00e1n y en otras provincias de Argentina.<\/p>\n<p>1895: Colegio y Convento Sant\u00edsimo Rosario. Monteros (Tucum\u00e1n)<br \/>1898: Convento y Asilo-Escuela La Asunci\u00f3n (Santiago del Estero)<br \/>1902: Colegio y Convento Santa Rosa (San Miguel de Tucum\u00e1n)<br \/>1908: Convento y Asilo-Escuela Sagrada Familia (Santa Fe)<br \/>1909: Convento y Asilo-Escuela Sant\u00edsimo Rosario (Rosario, Santa Fe)<\/p>\n<p>2020 Folquer, Cynthia, \u201cDel cuerpo anonadado al cuerpo social. Mujeres religiosas en la bisagra de los siglos XIX y XX en el actual territorio argentino\u201d en Ana Lourdes Su\u00e1rez et al (ed.) Religiosas en Am\u00e9rica Latina: memorias y contextos. Buenos Aires, Universidad Cat\u00f3lica Argentina, pp.81-95, Libro digital ISBN 987-950-44106-3<\/p>\n<p><a href=\"https:\/\/www.academia.edu\/43939675\/Del_cuerpo_anonadado_al_cuerpo_social_Mujeres_religiosas_en_la_bisagra_de_los_siglos_XIX_y_XX_en_el_actual_territorio_argentino\" target=\"_blank\" rel=\"noopener\">https:\/\/www.academia.edu\/43939675\/Del_cuerpo_anonadado_al_cuerpo_social_Mujeres_religiosas_en_la_bisagra_de_los_siglos_XIX_y_XX_en_el_actual_territorio_argentino<\/a><\/p>\n<\/p>\n<p>2018 Folquer, Cynthia. El poder de dar: el apoyo econ\u00f3mico laical a las dominicas de Tucum\u00e1n. Roberto Di Stefano y Aliocha Maldavsky (Comps.), Invertir en lo sagrado. Salvaci\u00f3n y dominaci\u00f3n territorial (siglos XVI-XX), Santa Rosa: Universidad Nacional de La Pampa, pp. 481-517. E-book ISBN 978-950-863-327-9.<\/p>\n<p><a style=\"color: #ffffff;\" href=\"https:\/\/www.academia.edu\/36697752\/El_poder_de_dar_el_apoyo_econ%C3%B3mico_laical_a_las_dominicas_de_Tucum%C3%A1n\">https:\/\/www.academia.edu\/36697752\/El_poder_de_dar_el_apoyo_econ\u00f3mico_laical_a_las_dominicas_de_Tucum\u00e1n<\/a>&nbsp;<\/p>\n<\/p>\n<p>2013 Folquer, Cynthia, \u201cPol\u00edtica y religiosidad en las mujeres de Tucum\u00e1n (Argentina) a fines del siglo XIX\u201d. Pilar Garc\u00eda Jord\u00e1n, La articulaci\u00f3n del estado en Am\u00e9rica Latina. Barcelona: Universitat de Barcelona. 2013. p77 -106. ISBN 978-84-475-3700-6<\/p>\n<p><a style=\"color: #ffffff;\" href=\"https:\/\/www.academia.edu\/9469867\/Pol%C3%ADtica_y_religiosidad_en_las_mujeres_de_Tucum%C3%A1n_Argentina_a_fines_del_siglo_XIX\">https:\/\/www.academia.edu\/9469867\/Pol\u00edtica_y_religiosidad_en_las_mujeres_de_Tucum\u00e1n_Argentina_a_fines_del_siglo_XIX<\/a><\/p>\n<\/p>\n<p><i>2012 Viajeras hacia el fondo del alma. Sociabilidad, pol\u00edtica y religiosidad en las Dominicas de Tucum\u00e1n, 1886-1910<\/i>. Tesis de Doctorado en Historia. Universidad de Barcelona. 2012. <a style=\"color: #ffffff;\" href=\"http:\/\/www.tesisenred.net\/handle\/10803\/96263\">http:\/\/www.tesisenred.net\/handle\/10803\/96263<\/a><\/p>\n<\/p>\n<p>2008 \u201cIleg\u00edtimas y sin dote: las Dominicas de Tucum\u00e1n a fines de siglo XIX\u201d, Cynthia Folquer (ed) <i>La Orden Dominicana en Argentina: Actores y pr\u00e1cticas. Desde la Colonia al siglo XX.<\/i> Unsta, Tucum\u00e1n, pp. 81-101. ISBN 978-950-9652-73-6.<\/p>\n<p><a style=\"color: #ffffff;\" href=\"https:\/\/www.academia.edu\/2450640\/Ileg%C3%ADtimas_y_sin_dote_Las_dominicas_de_Tucum%C3%A1n_a_fines_del_siglo_XIX\">https:\/\/www.academia.edu\/2450640\/Ileg\u00edtimas_y_sin_dote_Las_dominicas_de_Tucum\u00e1n_a_fines_del_siglo_XIX<\/a><\/p>\n<p>\t\t\t\t\t\t\t<a href=\"https:\/\/www.unsta.edu.ar\/panoramaseclesiales\/wp-content\/uploads\/sites\/33\/2024\/02\/Figura-1-Capilla-y-Asilo-HH-Dominicas.jpg\" data-elementor-open-lightbox=\"yes\" data-elementor-lightbox-slideshow=\"all-64bf25ba\" data-elementor-lightbox-title=\"Asilo de Hu\u00e9rfanos y primer convento de las Hermanas Dominicas (actual Avenida Sarmiento al 200, San Miguel de Tucum\u00e1n, Argentina).\" data-elementor-lightbox-description=\"Fuente: Archivo Hermanas Dominicas de Tucum\u00e1n\" data-e-action-hash=\"#elementor-action%3Aaction%3Dlightbox%26settings%3DeyJpZCI6MjM4LCJ1cmwiOiJodHRwczpcL1wvd3d3LnVuc3RhLmVkdS5hclwvcGFub3JhbWFzZWNsZXNpYWxlc1wvd3AtY29udGVudFwvdXBsb2Fkc1wvc2l0ZXNcLzMzXC8yMDI0XC8wMlwvRmlndXJhLTEtQ2FwaWxsYS15LUFzaWxvLUhILURvbWluaWNhcy5qcGciLCJzbGlkZXNob3ciOiJhbGwtNjRiZjI1YmEifQ%3D%3D\"><br \/>\n\t\t\t\t\t\t\t\t\t\t\t\t\t\t<\/a><br \/>\n\t\t\t\t\t\t\t<a href=\"https:\/\/www.unsta.edu.ar\/panoramaseclesiales\/wp-content\/uploads\/sites\/33\/2024\/02\/Figura-2-Elmina-y-Huerfanas-2.jpg\" data-elementor-open-lightbox=\"yes\" data-elementor-lightbox-slideshow=\"all-64bf25ba\" data-elementor-lightbox-title=\"Elmina Paz Gallo y un grupo de hu\u00e9rfanas\" data-elementor-lightbox-description=\"Fuente: Archivo Hermanas Dominicas de Tucum\u00e1n\" data-e-action-hash=\"#elementor-action%3Aaction%3Dlightbox%26settings%3DeyJpZCI6MjQwLCJ1cmwiOiJodHRwczpcL1wvd3d3LnVuc3RhLmVkdS5hclwvcGFub3JhbWFzZWNsZXNpYWxlc1wvd3AtY29udGVudFwvdXBsb2Fkc1wvc2l0ZXNcLzMzXC8yMDI0XC8wMlwvRmlndXJhLTItRWxtaW5hLXktSHVlcmZhbmFzLTIuanBnIiwic2xpZGVzaG93IjoiYWxsLTY0YmYyNWJhIn0%3D\"><br \/>\n\t\t\t\t\t\t\t\t\t\t\t\t\t\t<\/a><br \/>\n\t\t\t\t\t\t\t<a href=\"https:\/\/www.unsta.edu.ar\/panoramaseclesiales\/wp-content\/uploads\/sites\/33\/2024\/02\/Figura-3-Novicias-Congregacion.jpg\" data-elementor-open-lightbox=\"yes\" data-elementor-lightbox-slideshow=\"all-64bf25ba\" data-elementor-lightbox-title=\"Noviciado de las Hermanas Dominicas hacia 1900\" data-elementor-lightbox-description=\"Fuente: Archivo Hermanas Dominicas de Tucum\u00e1n\" data-e-action-hash=\"#elementor-action%3Aaction%3Dlightbox%26settings%3DeyJpZCI6MjM3LCJ1cmwiOiJodHRwczpcL1wvd3d3LnVuc3RhLmVkdS5hclwvcGFub3JhbWFzZWNsZXNpYWxlc1wvd3AtY29udGVudFwvdXBsb2Fkc1wvc2l0ZXNcLzMzXC8yMDI0XC8wMlwvRmlndXJhLTMtTm92aWNpYXMtQ29uZ3JlZ2FjaW9uLmpwZyIsInNsaWRlc2hvdyI6ImFsbC02NGJmMjViYSJ9\"><br \/>\n\t\t\t\t\t\t\t\t\t\t\t\t\t\t<\/a><\/p>\n<p>Autora:&nbsp;Cynthia Folquer<b><br \/><\/b><\/p>\n<p><b>Nombre: <\/b>Congregaci\u00f3n Hermanas Dominicas<\/p>\n<p><b>Datos cronol\u00f3gicos: <\/b>Fundada el 17 de junio de 1887<\/p>\n<p><b>Lugar: <\/b>San Miguel de Tucum\u00e1n, Tucum\u00e1n, Argentina<\/p>\n<p><font color=\"#ffffff\"><b>Direcci\u00f3n: <\/b>Avenida Sarmiento al 200<\/font><\/p>\n<p>Elmina Paz de Gallo junto a un grupo de colaboradoras luego de organizar el primer asilo de hu\u00e9rfanos de la provincia de Tucum\u00e1n, para acoger a las v\u00edctimas del colera, decidieron consagrarse a Dios fundando una congregaci\u00f3n religiosa, las Hermanas Dominicas del Sant\u00edsimo Nombre de Jes\u00fas.<\/p>\n<p>Luego por la necesidad de contar con un espacio m\u00e1s grande, compr\u00f3 en la actual Avenida Sarmiento al 200 de la ciudad de San Miguel de Tucum\u00e1n, una hect\u00e1rea, donde construy\u00f3 el asilo, la escuela y el convento.<\/p>\n<p>La Congregaci\u00f3n continu\u00f3 fundado conventos y escuelas en diferentes localidades de Tucum\u00e1n y en otras provincias de Argentina.<\/p>\n<p>1895: Colegio y Convento Sant\u00edsimo Rosario. Monteros (Tucum\u00e1n)<br \/>1898: Convento y Asilo-Escuela La Asunci\u00f3n (Santiago del Estero)<br \/>1902: Colegio y Convento Santa Rosa (San Miguel de Tucum\u00e1n)<br \/>1908: Convento y Asilo-Escuela Sagrada Familia (Santa Fe)<br \/>1909: Convento y Asilo-Escuela Sant\u00edsimo Rosario (Rosario, Santa Fe)<\/p>\n<p>2020 Folquer, Cynthia, \u201cDel cuerpo anonadado al cuerpo social. Mujeres religiosas en la bisagra de los siglos XIX y XX en el actual territorio argentino\u201d en Ana Lourdes Su\u00e1rez et al (ed.) Religiosas en Am\u00e9rica Latina: memorias y contextos. Buenos Aires, Universidad Cat\u00f3lica Argentina, pp.81-95, Libro digital ISBN 987-950-44106-3<\/p>\n<p><a href=\"https:\/\/www.academia.edu\/43939675\/Del_cuerpo_anonadado_al_cuerpo_social_Mujeres_religiosas_en_la_bisagra_de_los_siglos_XIX_y_XX_en_el_actual_territorio_argentino\" target=\"_blank\" rel=\"noopener\">https:\/\/www.academia.edu\/43939675\/Del_cuerpo_anonadado_al_cuerpo_social_Mujeres_religiosas_en_la_bisagra_de_los_siglos_XIX_y_XX_en_el_actual_territorio_argentino<\/a><\/p>\n<\/p>\n<p>2018 Folquer, Cynthia. El poder de dar: el apoyo econ\u00f3mico laical a las dominicas de Tucum\u00e1n. Roberto Di Stefano y Aliocha Maldavsky (Comps.), Invertir en lo sagrado. Salvaci\u00f3n y dominaci\u00f3n territorial (siglos XVI-XX), Santa Rosa: Universidad Nacional de La Pampa, pp. 481-517. E-book ISBN 978-950-863-327-9.<\/p>\n<p><a style=\"color: #ffffff;\" href=\"https:\/\/www.academia.edu\/36697752\/El_poder_de_dar_el_apoyo_econ%C3%B3mico_laical_a_las_dominicas_de_Tucum%C3%A1n\">https:\/\/www.academia.edu\/36697752\/El_poder_de_dar_el_apoyo_econ\u00f3mico_laical_a_las_dominicas_de_Tucum\u00e1n<\/a>&nbsp;<\/p>\n<\/p>\n<p>2013 Folquer, Cynthia, \u201cPol\u00edtica y religiosidad en las mujeres de Tucum\u00e1n (Argentina) a fines del siglo XIX\u201d. Pilar Garc\u00eda Jord\u00e1n, La articulaci\u00f3n del estado en Am\u00e9rica Latina. Barcelona: Universitat de Barcelona. 2013. p77 -106. ISBN 978-84-475-3700-6<\/p>\n<p><a style=\"color: #ffffff;\" href=\"https:\/\/www.academia.edu\/9469867\/Pol%C3%ADtica_y_religiosidad_en_las_mujeres_de_Tucum%C3%A1n_Argentina_a_fines_del_siglo_XIX\">https:\/\/www.academia.edu\/9469867\/Pol\u00edtica_y_religiosidad_en_las_mujeres_de_Tucum\u00e1n_Argentina_a_fines_del_siglo_XIX<\/a><\/p>\n<\/p>\n<p><i>2012 Viajeras hacia el fondo del alma. Sociabilidad, pol\u00edtica y religiosidad en las Dominicas de Tucum\u00e1n, 1886-1910<\/i>. Tesis de Doctorado en Historia. Universidad de Barcelona. 2012. <a style=\"color: #ffffff;\" href=\"http:\/\/www.tesisenred.net\/handle\/10803\/96263\">http:\/\/www.tesisenred.net\/handle\/10803\/96263<\/a><\/p>\n<\/p>\n<p>2008 \u201cIleg\u00edtimas y sin dote: las Dominicas de Tucum\u00e1n a fines de siglo XIX\u201d, Cynthia Folquer (ed) <i>La Orden Dominicana en Argentina: Actores y pr\u00e1cticas. Desde la Colonia al siglo XX.<\/i> Unsta, Tucum\u00e1n, pp. 81-101. ISBN 978-950-9652-73-6.<\/p>\n<p><a style=\"color: #ffffff;\" href=\"https:\/\/www.academia.edu\/2450640\/Ileg%C3%ADtimas_y_sin_dote_Las_dominicas_de_Tucum%C3%A1n_a_fines_del_siglo_XIX\">https:\/\/www.academia.edu\/2450640\/Ileg\u00edtimas_y_sin_dote_Las_dominicas_de_Tucum\u00e1n_a_fines_del_siglo_XIX<\/a><\/p>\n<p>\t\t\t\t\t\t\t<a href=\"https:\/\/www.unsta.edu.ar\/panoramaseclesiales\/wp-content\/uploads\/sites\/33\/2024\/02\/Figura-1-Capilla-y-Asilo-HH-Dominicas.jpg\" data-elementor-open-lightbox=\"yes\" data-elementor-lightbox-slideshow=\"all-64bf25ba\" data-elementor-lightbox-title=\"Asilo de Hu\u00e9rfanos y primer convento de las Hermanas Dominicas (actual Avenida Sarmiento al 200, San Miguel de Tucum\u00e1n, Argentina).\" data-elementor-lightbox-description=\"Fuente: Archivo Hermanas Dominicas de Tucum\u00e1n\" data-e-action-hash=\"#elementor-action%3Aaction%3Dlightbox%26settings%3DeyJpZCI6MjM4LCJ1cmwiOiJodHRwczpcL1wvd3d3LnVuc3RhLmVkdS5hclwvcGFub3JhbWFzZWNsZXNpYWxlc1wvd3AtY29udGVudFwvdXBsb2Fkc1wvc2l0ZXNcLzMzXC8yMDI0XC8wMlwvRmlndXJhLTEtQ2FwaWxsYS15LUFzaWxvLUhILURvbWluaWNhcy5qcGciLCJzbGlkZXNob3ciOiJhbGwtNjRiZjI1YmEifQ%3D%3D\"><br \/>\n\t\t\t\t\t\t\t\t\t\t\t\t\t\t<\/a><br \/>\n\t\t\t\t\t\t\t<a href=\"https:\/\/www.unsta.edu.ar\/panoramaseclesiales\/wp-content\/uploads\/sites\/33\/2024\/02\/Figura-2-Elmina-y-Huerfanas-2.jpg\" data-elementor-open-lightbox=\"yes\" data-elementor-lightbox-slideshow=\"all-64bf25ba\" data-elementor-lightbox-title=\"Elmina Paz Gallo y un grupo de hu\u00e9rfanas\" data-elementor-lightbox-description=\"Fuente: Archivo Hermanas Dominicas de Tucum\u00e1n\" data-e-action-hash=\"#elementor-action%3Aaction%3Dlightbox%26settings%3DeyJpZCI6MjQwLCJ1cmwiOiJodHRwczpcL1wvd3d3LnVuc3RhLmVkdS5hclwvcGFub3JhbWFzZWNsZXNpYWxlc1wvd3AtY29udGVudFwvdXBsb2Fkc1wvc2l0ZXNcLzMzXC8yMDI0XC8wMlwvRmlndXJhLTItRWxtaW5hLXktSHVlcmZhbmFzLTIuanBnIiwic2xpZGVzaG93IjoiYWxsLTY0YmYyNWJhIn0%3D\"><br \/>\n\t\t\t\t\t\t\t\t\t\t\t\t\t\t<\/a><br \/>\n\t\t\t\t\t\t\t<a href=\"https:\/\/www.unsta.edu.ar\/panoramaseclesiales\/wp-content\/uploads\/sites\/33\/2024\/02\/Figura-3-Novicias-Congregacion.jpg\" data-elementor-open-lightbox=\"yes\" data-elementor-lightbox-slideshow=\"all-64bf25ba\" data-elementor-lightbox-title=\"Noviciado de las Hermanas Dominicas hacia 1900\" data-elementor-lightbox-description=\"Fuente: Archivo Hermanas Dominicas de Tucum\u00e1n\" data-e-action-hash=\"#elementor-action%3Aaction%3Dlightbox%26settings%3DeyJpZCI6MjM3LCJ1cmwiOiJodHRwczpcL1wvd3d3LnVuc3RhLmVkdS5hclwvcGFub3JhbWFzZWNsZXNpYWxlc1wvd3AtY29udGVudFwvdXBsb2Fkc1wvc2l0ZXNcLzMzXC8yMDI0XC8wMlwvRmlndXJhLTMtTm92aWNpYXMtQ29uZ3JlZ2FjaW9uLmpwZyIsInNsaWRlc2hvdyI6ImFsbC02NGJmMjViYSJ9\"><br \/>\n\t\t\t\t\t\t\t\t\t\t\t\t\t\t<\/a><\/p>\n","protected":false},"excerpt":{"rendered":"<p>fichas Instituto de Investigaciones Hist\u00f3ricas UNSTA Congregaci\u00f3n Hermanas Dominicas Identificaci\u00f3n Rese\u00f1a Enlaces y bibliograf\u00eda Galer\u00eda de fotos Autora:&nbsp;Cynthia Folquer Nombre: Congregaci\u00f3n Hermanas Dominicas Datos cronol\u00f3gicos: Fundada el 17 de junio de 1887 Lugar: San Miguel de Tucum\u00e1n, Tucum\u00e1n, Argentina Direcci\u00f3n: Avenida Sarmiento al 200 Elmina Paz de Gallo junto a un grupo de colaboradoras luego [&hellip;]<\/p>\n","protected":false},"author":1,"featured_media":0,"parent":0,"menu_order":0,"comment_status":"closed","ping_status":"closed","template":"elementor_header_footer","meta":{"_acf_changed":false,"_angie_page":false,"site-sidebar-layout":"no-sidebar","site-content-layout":"page-builder","ast-site-content-layout":"full-width-container","site-content-style":"default","site-sidebar-style":"default","ast-global-header-display":"","ast-banner-title-visibility":"","ast-main-header-display":"","ast-hfb-above-header-display":"","ast-hfb-below-header-display":"","ast-hfb-mobile-header-display":"","site-post-title":"disabled","ast-breadcrumbs-content":"","ast-featured-img":"disabled","footer-sml-layout":"","ast-disable-related-posts":"","theme-transparent-header-meta":"","adv-header-id-meta":"","stick-header-meta":"","header-above-stick-meta":"","header-main-stick-meta":"","header-below-stick-meta":"","astra-migrate-meta-layouts":"set","ast-page-background-enabled":"default","ast-page-background-meta":{"desktop":{"background-color":"var(--ast-global-color-4)","background-image":"","background-repeat":"repeat","background-position":"center center","background-size":"auto","background-attachment":"scroll","background-type":"","background-media":"","overlay-type":"","overlay-color":"","overlay-opacity":"","overlay-gradient":""},"tablet":{"background-color":"","background-image":"","background-repeat":"repeat","background-position":"center center","background-size":"auto","background-attachment":"scroll","background-type":"","background-media":"","overlay-type":"","overlay-color":"","overlay-opacity":"","overlay-gradient":""},"mobile":{"background-color":"","background-image":"","background-repeat":"repeat","background-position":"center center","background-size":"auto","background-attachment":"scroll","background-type":"","background-media":"","overlay-type":"","overlay-color":"","overlay-opacity":"","overlay-gradient":""}},"ast-content-background-meta":{"desktop":{"background-color":"var(--ast-global-color-5)","background-image":"","background-repeat":"repeat","background-position":"center center","background-size":"auto","background-attachment":"scroll","background-type":"","background-media":"","overlay-type":"","overlay-color":"","overlay-opacity":"","overlay-gradient":""},"tablet":{"background-color":"var(--ast-global-color-5)","background-image":"","background-repeat":"repeat","background-position":"center center","background-size":"auto","background-attachment":"scroll","background-type":"","background-media":"","overlay-type":"","overlay-color":"","overlay-opacity":"","overlay-gradient":""},"mobile":{"background-color":"var(--ast-global-color-5)","background-image":"","background-repeat":"repeat","background-position":"center center","background-size":"auto","background-attachment":"scroll","background-type":"","background-media":"","overlay-type":"","overlay-color":"","overlay-opacity":"","overlay-gradient":""}},"footnotes":""},"class_list":["post-304","page","type-page","status-publish","hentry"],"acf":[],"_links":{"self":[{"href":"https:\/\/www.unsta.edu.ar\/panoramaseclesiales\/wp-json\/wp\/v2\/pages\/304","targetHints":{"allow":["GET"]}}],"collection":[{"href":"https:\/\/www.unsta.edu.ar\/panoramaseclesiales\/wp-json\/wp\/v2\/pages"}],"about":[{"href":"https:\/\/www.unsta.edu.ar\/panoramaseclesiales\/wp-json\/wp\/v2\/types\/page"}],"author":[{"embeddable":true,"href":"https:\/\/www.unsta.edu.ar\/panoramaseclesiales\/wp-json\/wp\/v2\/users\/1"}],"replies":[{"embeddable":true,"href":"https:\/\/www.unsta.edu.ar\/panoramaseclesiales\/wp-json\/wp\/v2\/comments?post=304"}],"version-history":[{"count":82,"href":"https:\/\/www.unsta.edu.ar\/panoramaseclesiales\/wp-json\/wp\/v2\/pages\/304\/revisions"}],"predecessor-version":[{"id":575,"href":"https:\/\/www.unsta.edu.ar\/panoramaseclesiales\/wp-json\/wp\/v2\/pages\/304\/revisions\/575"}],"wp:attachment":[{"href":"https:\/\/www.unsta.edu.ar\/panoramaseclesiales\/wp-json\/wp\/v2\/media?parent=304"}],"curies":[{"name":"wp","href":"https:\/\/api.w.org\/{rel}","templated":true}]}}