{"id":19,"date":"2025-06-04T09:29:39","date_gmt":"2025-06-04T12:29:39","guid":{"rendered":"https:\/\/www.unsta.edu.ar\/investigacionydesarrollo\/?page_id=19"},"modified":"2025-06-12T16:09:33","modified_gmt":"2025-06-12T19:09:33","slug":"home","status":"publish","type":"page","link":"https:\/\/www.unsta.edu.ar\/investigacionydesarrollo\/","title":{"rendered":"Home"},"content":{"rendered":"<p dir=\"ltr\">El Servicio de Investigaci\u00f3n y Desarrollo de la UNSTA tiene a su cargo la gesti\u00f3n integral de las actividades de la Universidad vinculadas con Investigaci\u00f3n, Desarrollo e Innovaci\u00f3n.<\/p>\n<p dir=\"ltr\">Fue creado en agosto del a\u00f1o 2015, a trav\u00e9s de la RR N\u00b0 386\/15, con los siguientes Alcances:<\/p>\n<ol>\n<li dir=\"ltr\">\n<p dir=\"ltr\" role=\"presentation\">Coordinar los proyectos de investigaci\u00f3n y desarrollo en el \u00e1mbito de la UNSTA;<\/p>\n<\/li>\n<li dir=\"ltr\">\n<p dir=\"ltr\" role=\"presentation\">Articular con el Consejo de Investigaci\u00f3n de la Universidad todo lo referido a la planificaci\u00f3n, ejecuci\u00f3n y evaluaci\u00f3n de actividades de investigaci\u00f3n y desarrollo.<\/p>\n<\/li>\n<\/ol>\n<p dir=\"ltr\">En el a\u00f1o 2020, como parte del proceso de Jerarquizaci\u00f3n de la Investigaci\u00f3n previsto en el Plan Estrat\u00e9gico Institucional, se crea la Direcci\u00f3n General del Servicio de Investigaci\u00f3n y Desarrollo, dotando a esta Unidad Funcional de mayor autonom\u00eda y responsabilidades para gestionar las actividades de Investigaci\u00f3n y Desarrollo en la Universidad.<\/p>\n<h2>Nuestro Equipo<\/h2>\n<p dir=\"ltr\"><strong>SERVICIO DE INVESTIGACI\u00d3N Y DESARROLLO<\/strong><\/p>\n<p dir=\"ltr\"><strong>CIEDH\u00a0(Centro de Investigaciones Econ\u00f3micas para el Desarrollo Humano)<\/strong><\/p>\n<h2>Redes<\/h2>\n<h4>Red UC OC &#8211; Banco de Evaluadores<\/h4>\n<p dir=\"ltr\">Con el objetivo de seguir construyendo puentes y fortaleciendo v\u00ednculos con otras Instituciones de Educaci\u00f3n Superior Cat\u00f3licas, en julio DE 2021 se realiz\u00f3 la Primera Convocatoria para integrar el Banco de Evaluadores de la Red de Universidades Cat\u00f3licas y de Orientaci\u00f3n Cat\u00f3lica (Red UC-OC).<\/p>\n<p dir=\"ltr\">Esta red, de la cual UNSTA ahora forma parte, nace como un espacio para la reflexi\u00f3n, el di\u00e1logo y el acuerdo entre sus miembros, tendiente a promover la cooperaci\u00f3n cient\u00edfica, tecnol\u00f3gica, educativa, cultural y el di\u00e1logo permanente con la sociedad y el Estado.<\/p>\n<p dir=\"ltr\">En ese marco, se conform\u00f3 un banco de evaluadores para los proyectos de investigaci\u00f3n que se llevan a cabo en las diferentes Universidades miembros de la Red, cuya impronta cat\u00f3lica y human\u00edstica est\u00e1 siempre presente.<\/p>\n<p dir=\"ltr\">Luego de un cuidado proceso de selecci\u00f3n se eligieron a 20 docentes e investigadores de nuestra instituci\u00f3n que demostraron de manera fehaciente su experiencia en el \u00e1rea de investigaci\u00f3n, con perfiles diversos que incluyen especialistas en econom\u00eda, filosof\u00eda, historia, teolog\u00eda y otras disciplinas.<\/p>\n<p dir=\"ltr\">Para conocer m\u00e1s sobre la Red:\u00a0<a href=\"http:\/\/www.reducoc.org\/\" target=\"_blank\" rel=\"noopener\">http:\/\/www.reducoc.org\/<\/a>\u00a0<\/p>\n<p>\t\t\t\t\t\t\t\t\t\t\t\t\t\t\t<img loading=\"lazy\" decoding=\"async\" width=\"1024\" height=\"724\" src=\"http:\/\/www.unsta.edu.ar\/investigacionydesarrollo\/wp-content\/uploads\/sites\/42\/2025\/06\/REDUOC-1024x724.jpg\" alt=\"\" srcset=\"https:\/\/www.unsta.edu.ar\/investigacionydesarrollo\/wp-content\/uploads\/sites\/42\/2025\/06\/REDUOC-1024x724.jpg 1024w, https:\/\/www.unsta.edu.ar\/investigacionydesarrollo\/wp-content\/uploads\/sites\/42\/2025\/06\/REDUOC-300x212.jpg 300w, https:\/\/www.unsta.edu.ar\/investigacionydesarrollo\/wp-content\/uploads\/sites\/42\/2025\/06\/REDUOC-768x543.jpg 768w, https:\/\/www.unsta.edu.ar\/investigacionydesarrollo\/wp-content\/uploads\/sites\/42\/2025\/06\/REDUOC-600x424.jpg 600w, https:\/\/www.unsta.edu.ar\/investigacionydesarrollo\/wp-content\/uploads\/sites\/42\/2025\/06\/REDUOC.jpg 1280w\" sizes=\"auto, (max-width: 1024px) 100vw, 1024px\" \/>\t\t\t\t\t\t\t\t\t\t\t\t\t\t\t<\/p>\n<h2>SIGEVA<\/h2>\n<p>\t\t\t\t\t<a href=\"https:\/\/unsta.sigeva.gob.ar\/auth\/index.jsp\"><br \/>\n\t\t\t\t\t\t\t\t\tIngreso SIGEVA<br \/>\n\t\t\t\t\t<\/a><br \/>\n\t\t<div class=\"_3d-flip-book  fb3d-thumbnail-lightbox-mode\" data-id=\"169\" data-mode=\"thumbnail-lightbox\" data-title=\"true\" data-template=\"short-white-book-view\" data-lightbox=\"dark\" data-urlparam=\"fb3d-page\" data-page-n=\"0\" data-pdf=\"\" data-tax=\"null\" data-thumbnail=\"\" data-cols=\"3\" data-book-template=\"default\" data-trigger=\"\"><\/div><script type=\"text\/javascript\">window.FB3D_CLIENT_DATA = window.FB3D_CLIENT_DATA || [];FB3D_CLIENT_DATA.push('eyJwb3N0cyI6eyIxNjkiOnsiSUQiOjE2OSwidGl0bGUiOiJTSUdFVkFfVU5TVEFfUE9TVFVMQUNJXHUwMGQzTiBERSBQUk9ZRUNUT1MgREUgSU5WRVNUSUdBQ0lcdTAwZDNOIiwidHlwZSI6InBkZiIsInJlYWR5X2Z1bmN0aW9uIjoiIiwiYm9va19zdHlsZSI6ImZsYXQiLCJib29rX3RlbXBsYXRlIjoibm9uZSIsIm91dGxpbmUiOltdLCJkYXRhIjp7InBvc3RfSUQiOiIxNzIiLCJndWlkIjoiaHR0cDpcL1wvd3d3LnVuc3RhLmVkdS5hclwvaW52ZXN0aWdhY2lvbnlkZXNhcnJvbGxvXC93cC1jb250ZW50XC91cGxvYWRzXC9zaXRlc1wvNDJcLzIwMjVcLzA2XC9TSUdFVkFfVU5TVEFfUE9TVFVMQUNJT04tREUtUFJPWUVDVE9TLURFLUlOVkVTVElHQUNJT04ucGRmIiwicGRmX3BhZ2VzIjoiMTYiLCJwYWdlc19jdXN0b21pemF0aW9uIjoibm9uZSJ9LCJ0aHVtYm5haWwiOnsiZGF0YSI6eyJwb3N0X0lEIjoiMCJ9LCJ0eXBlIjoiYXV0byJ9LCJwcm9wcyI6eyJiYWNrZ3JvdW5kQ29sb3IiOiJhdXRvIiwiYmFja2dyb3VuZEltYWdlIjoiYXV0byIsImJhY2tncm91bmRTdHlsZSI6ImF1dG8iLCJoaWdobGlnaHRMaW5rcyI6ImF1dG8iLCJsaWdodGluZyI6ImF1dG8iLCJzaW5nbGVQYWdlTW9kZSI6ImF1dG8iLCJjYWNoZWRQYWdlcyI6ImF1dG8iLCJyZW5kZXJJbmFjdGl2ZVBhZ2VzIjoiYXV0byIsInJlbmRlckluYWN0aXZlUGFnZXNPbk1vYmlsZSI6ImF1dG8iLCJyZW5kZXJXaGlsZUZsaXBwaW5nIjoiYXV0byIsInByZWxvYWRQYWdlcyI6ImF1dG8iLCJhdXRvUGxheUR1cmF0aW9uIjoiYXV0byIsInJ0bCI6ImF1dG8iLCJpbnRlcmFjdGl2ZUNvcm5lcnMiOiJhdXRvIiwibWF4RGVwdGgiOiJhdXRvIiwic2hlZXQiOnsic3RhcnRWZWxvY2l0eSI6ImF1dG8iLCJ3YXZlIjoiYXV0byIsInNoYXBlIjoiYXV0byIsIndpZHRoVGV4ZWxzIjoiYXV0byIsImNvbG9yIjoiYXV0byIsInNpZGUiOiJhdXRvIiwic3RyZXRjaEltYWdlcyI6ImF1dG8iLCJjb3JuZXJEZXZpYXRpb24iOiJhdXRvIiwiZmxleGliaWxpdHkiOiJhdXRvIiwiZmxleGlibGVDb3JuZXIiOiJhdXRvIiwiYmVuZGluZyI6ImF1dG8iLCJoZWlnaHRUZXhlbHMiOiJhdXRvIn0sImNvdmVyIjp7IndhdmUiOiJhdXRvIiwiY29sb3IiOiJhdXRvIiwic2lkZSI6ImF1dG8iLCJzdHJldGNoSW1hZ2VzIjoiYXV0byIsImJpbmRlclRleHR1cmUiOiJhdXRvIiwiZGVwdGgiOiJhdXRvIiwicGFkZGluZyI6ImF1dG8iLCJzdGFydFZlbG9jaXR5IjoiYXV0byIsImZsZXhpYmlsaXR5IjoiYXV0byIsImZsZXhpYmxlQ29ybmVyIjoiYXV0byIsImJlbmRpbmciOiJhdXRvIiwid2lkdGhUZXhlbHMiOiJhdXRvIiwiaGVpZ2h0VGV4ZWxzIjoiYXV0byIsIm1hc3MiOiJhdXRvIiwic2hhcGUiOiJhdXRvIn0sInBhZ2UiOnsid2F2ZSI6ImF1dG8iLCJjb2xvciI6ImF1dG8iLCJzaWRlIjoiYXV0byIsInN0cmV0Y2hJbWFnZXMiOiJhdXRvIiwiZGVwdGgiOiJhdXRvIiwic3RhcnRWZWxvY2l0eSI6ImF1dG8iLCJmbGV4aWJpbGl0eSI6ImF1dG8iLCJmbGV4aWJsZUNvcm5lciI6ImF1dG8iLCJiZW5kaW5nIjoiYXV0byIsIndpZHRoVGV4ZWxzIjoiYXV0byIsImhlaWdodFRleGVscyI6ImF1dG8iLCJtYXNzIjoiYXV0byIsInNoYXBlIjoiYXV0byJ9LCJoZWlnaHQiOiJhdXRvIiwid2lkdGgiOiJhdXRvIiwiZ3Jhdml0eSI6ImF1dG8iLCJwYWdlc0ZvclByZWRpY3RpbmciOiJhdXRvIn0sImNvbnRyb2xQcm9wcyI6eyJhY3Rpb25zIjp7ImNtZFRvYyI6eyJlbmFibGVkIjoiYXV0byIsImVuYWJsZWRJbk5hcnJvdyI6ImF1dG8iLCJhY3RpdmUiOiJhdXRvIiwiZGVmYXVsdFRhYiI6ImF1dG8ifSwiY21kQXV0b1BsYXkiOnsiZW5hYmxlZCI6ImF1dG8iLCJlbmFibGVkSW5OYXJyb3ciOiJhdXRvIiwiYWN0aXZlIjoiYXV0byJ9LCJjbWRTYXZlIjp7ImVuYWJsZWQiOiJhdXRvIiwiZW5hYmxlZEluTmFycm93IjoiYXV0byJ9LCJjbWRQcmludCI6eyJlbmFibGVkIjoiYXV0byIsImVuYWJsZWRJbk5hcnJvdyI6ImF1dG8ifSwiY21kU2luZ2xlUGFnZSI6eyJlbmFibGVkIjoiYXV0byIsImVuYWJsZWRJbk5hcnJvdyI6ImF1dG8iLCJhY3RpdmUiOiJhdXRvIiwiYWN0aXZlRm9yTW9iaWxlIjoiYXV0byJ9LCJ3aWRUb29sYmFyIjp7ImVuYWJsZWQiOiJhdXRvIiwiZW5hYmxlZEluTmFycm93IjoiYXV0byJ9fX0sImF1dG9UaHVtYm5haWwiOiJodHRwOlwvXC93d3cudW5zdGEuZWR1LmFyXC9pbnZlc3RpZ2FjaW9ueWRlc2Fycm9sbG9cL3dwLWNvbnRlbnRcL3VwbG9hZHNcL3NpdGVzXC80MlwvM2QtZmxpcC1ib29rXC9hdXRvLXRodW1ibmFpbHNcLzE2OS5wbmciLCJwb3N0X25hbWUiOiJzaWdldmFfdW5zdGFfcG9zdHVsYWNpb24tZGUtcHJveWVjdG9zLWRlLWludmVzdGlnYWNpb24iLCJwb3N0X3R5cGUiOiIzZC1mbGlwLWJvb2sifX0sInBhZ2VzIjpbXSwiZmlyc3RQYWdlcyI6W119');window.FB3D_CLIENT_LOCALE && FB3D_CLIENT_LOCALE.render && FB3D_CLIENT_LOCALE.render();<\/script><div class=\"_3d-flip-book  fb3d-thumbnail-lightbox-mode\" data-id=\"173\" data-mode=\"thumbnail-lightbox\" data-title=\"true\" data-template=\"short-white-book-view\" data-lightbox=\"dark\" data-urlparam=\"fb3d-page\" data-page-n=\"0\" data-pdf=\"\" data-tax=\"null\" data-thumbnail=\"\" data-cols=\"3\" data-book-template=\"default\" data-trigger=\"\"><\/div><script type=\"text\/javascript\">window.FB3D_CLIENT_DATA = window.FB3D_CLIENT_DATA || [];FB3D_CLIENT_DATA.push('eyJwb3N0cyI6eyIxNzMiOnsiSUQiOjE3MywidGl0bGUiOiJNYW51YWwgTUlHUkFDSVx1MDBkM04gREUgREFUT1MiLCJ0eXBlIjoicGRmIiwicmVhZHlfZnVuY3Rpb24iOiIiLCJib29rX3N0eWxlIjoiZmxhdCIsImJvb2tfdGVtcGxhdGUiOiJub25lIiwib3V0bGluZSI6W10sImRhdGEiOnsicG9zdF9JRCI6IjE3MSIsImd1aWQiOiJodHRwOlwvXC93d3cudW5zdGEuZWR1LmFyXC9pbnZlc3RpZ2FjaW9ueWRlc2Fycm9sbG9cL3dwLWNvbnRlbnRcL3VwbG9hZHNcL3NpdGVzXC80MlwvMjAyNVwvMDZcL1NJR0VWQS1VTlNUQV9NSUdSQUNJT04tREUtREFUT1MucGRmIiwicGRmX3BhZ2VzIjoiOSIsInBhZ2VzX2N1c3RvbWl6YXRpb24iOiJub25lIn0sInRodW1ibmFpbCI6eyJkYXRhIjp7InBvc3RfSUQiOiIwIn0sInR5cGUiOiJhdXRvIn0sInByb3BzIjp7ImJhY2tncm91bmRDb2xvciI6ImF1dG8iLCJiYWNrZ3JvdW5kSW1hZ2UiOiJhdXRvIiwiYmFja2dyb3VuZFN0eWxlIjoiYXV0byIsImhpZ2hsaWdodExpbmtzIjoiYXV0byIsImxpZ2h0aW5nIjoiYXV0byIsInNpbmdsZVBhZ2VNb2RlIjoiYXV0byIsImNhY2hlZFBhZ2VzIjoiYXV0byIsInJlbmRlckluYWN0aXZlUGFnZXMiOiJhdXRvIiwicmVuZGVySW5hY3RpdmVQYWdlc09uTW9iaWxlIjoiYXV0byIsInJlbmRlcldoaWxlRmxpcHBpbmciOiJhdXRvIiwicHJlbG9hZFBhZ2VzIjoiYXV0byIsImF1dG9QbGF5RHVyYXRpb24iOiJhdXRvIiwicnRsIjoiYXV0byIsImludGVyYWN0aXZlQ29ybmVycyI6ImF1dG8iLCJtYXhEZXB0aCI6ImF1dG8iLCJzaGVldCI6eyJzdGFydFZlbG9jaXR5IjoiYXV0byIsIndhdmUiOiJhdXRvIiwic2hhcGUiOiJhdXRvIiwid2lkdGhUZXhlbHMiOiJhdXRvIiwiY29sb3IiOiJhdXRvIiwic2lkZSI6ImF1dG8iLCJzdHJldGNoSW1hZ2VzIjoiYXV0byIsImNvcm5lckRldmlhdGlvbiI6ImF1dG8iLCJmbGV4aWJpbGl0eSI6ImF1dG8iLCJmbGV4aWJsZUNvcm5lciI6ImF1dG8iLCJiZW5kaW5nIjoiYXV0byIsImhlaWdodFRleGVscyI6ImF1dG8ifSwiY292ZXIiOnsid2F2ZSI6ImF1dG8iLCJjb2xvciI6ImF1dG8iLCJzaWRlIjoiYXV0byIsInN0cmV0Y2hJbWFnZXMiOiJhdXRvIiwiYmluZGVyVGV4dHVyZSI6ImF1dG8iLCJkZXB0aCI6ImF1dG8iLCJwYWRkaW5nIjoiYXV0byIsInN0YXJ0VmVsb2NpdHkiOiJhdXRvIiwiZmxleGliaWxpdHkiOiJhdXRvIiwiZmxleGlibGVDb3JuZXIiOiJhdXRvIiwiYmVuZGluZyI6ImF1dG8iLCJ3aWR0aFRleGVscyI6ImF1dG8iLCJoZWlnaHRUZXhlbHMiOiJhdXRvIiwibWFzcyI6ImF1dG8iLCJzaGFwZSI6ImF1dG8ifSwicGFnZSI6eyJ3YXZlIjoiYXV0byIsImNvbG9yIjoiYXV0byIsInNpZGUiOiJhdXRvIiwic3RyZXRjaEltYWdlcyI6ImF1dG8iLCJkZXB0aCI6ImF1dG8iLCJzdGFydFZlbG9jaXR5IjoiYXV0byIsImZsZXhpYmlsaXR5IjoiYXV0byIsImZsZXhpYmxlQ29ybmVyIjoiYXV0byIsImJlbmRpbmciOiJhdXRvIiwid2lkdGhUZXhlbHMiOiJhdXRvIiwiaGVpZ2h0VGV4ZWxzIjoiYXV0byIsIm1hc3MiOiJhdXRvIiwic2hhcGUiOiJhdXRvIn0sImhlaWdodCI6ImF1dG8iLCJ3aWR0aCI6ImF1dG8iLCJncmF2aXR5IjoiYXV0byIsInBhZ2VzRm9yUHJlZGljdGluZyI6ImF1dG8ifSwiY29udHJvbFByb3BzIjp7ImFjdGlvbnMiOnsiY21kVG9jIjp7ImVuYWJsZWQiOiJhdXRvIiwiZW5hYmxlZEluTmFycm93IjoiYXV0byIsImFjdGl2ZSI6ImF1dG8iLCJkZWZhdWx0VGFiIjoiYXV0byJ9LCJjbWRBdXRvUGxheSI6eyJlbmFibGVkIjoiYXV0byIsImVuYWJsZWRJbk5hcnJvdyI6ImF1dG8iLCJhY3RpdmUiOiJhdXRvIn0sImNtZFNhdmUiOnsiZW5hYmxlZCI6ImF1dG8iLCJlbmFibGVkSW5OYXJyb3ciOiJhdXRvIn0sImNtZFByaW50Ijp7ImVuYWJsZWQiOiJhdXRvIiwiZW5hYmxlZEluTmFycm93IjoiYXV0byJ9LCJjbWRTaW5nbGVQYWdlIjp7ImVuYWJsZWQiOiJhdXRvIiwiZW5hYmxlZEluTmFycm93IjoiYXV0byIsImFjdGl2ZSI6ImF1dG8iLCJhY3RpdmVGb3JNb2JpbGUiOiJhdXRvIn0sIndpZFRvb2xiYXIiOnsiZW5hYmxlZCI6ImF1dG8iLCJlbmFibGVkSW5OYXJyb3ciOiJhdXRvIn19fSwiYXV0b1RodW1ibmFpbCI6Imh0dHA6XC9cL3d3dy51bnN0YS5lZHUuYXJcL2ludmVzdGlnYWNpb255ZGVzYXJyb2xsb1wvd3AtY29udGVudFwvdXBsb2Fkc1wvc2l0ZXNcLzQyXC8zZC1mbGlwLWJvb2tcL2F1dG8tdGh1bWJuYWlsc1wvMTczLnBuZyIsInBvc3RfbmFtZSI6Im1hbnVhbC1taWdyYWNpb24tZGUtZGF0b3MiLCJwb3N0X3R5cGUiOiIzZC1mbGlwLWJvb2sifX0sInBhZ2VzIjpbXSwiZmlyc3RQYWdlcyI6W119');window.FB3D_CLIENT_LOCALE && FB3D_CLIENT_LOCALE.render && FB3D_CLIENT_LOCALE.render();<\/script><div class=\"_3d-flip-book  fb3d-thumbnail-lightbox-mode\" data-id=\"174\" data-mode=\"thumbnail-lightbox\" data-title=\"true\" data-template=\"short-white-book-view\" data-lightbox=\"dark\" data-urlparam=\"fb3d-page\" data-page-n=\"0\" data-pdf=\"\" data-tax=\"null\" data-thumbnail=\"\" data-cols=\"3\" data-book-template=\"default\" data-trigger=\"\"><\/div><script type=\"text\/javascript\">window.FB3D_CLIENT_DATA = window.FB3D_CLIENT_DATA || [];FB3D_CLIENT_DATA.push('eyJwb3N0cyI6eyIxNzQiOnsiSUQiOjE3NCwidGl0bGUiOiJNYW51YWwgQ1JFQUNJXHUwMGQzTiBERSBVU1VBUklPIiwidHlwZSI6InBkZiIsInJlYWR5X2Z1bmN0aW9uIjoiIiwiYm9va19zdHlsZSI6ImZsYXQiLCJib29rX3RlbXBsYXRlIjoibm9uZSIsIm91dGxpbmUiOltdLCJkYXRhIjp7InBvc3RfSUQiOiIxNzAiLCJndWlkIjoiaHR0cDpcL1wvd3d3LnVuc3RhLmVkdS5hclwvaW52ZXN0aWdhY2lvbnlkZXNhcnJvbGxvXC93cC1jb250ZW50XC91cGxvYWRzXC9zaXRlc1wvNDJcLzIwMjVcLzA2XC9TSUdFVkEtVU5TVEFfQ1JFQUNJT04tREUtVVNVQVJJTy5wZGYiLCJwZGZfcGFnZXMiOiI1IiwicGFnZXNfY3VzdG9taXphdGlvbiI6Im5vbmUifSwidGh1bWJuYWlsIjp7ImRhdGEiOnsicG9zdF9JRCI6IjAifSwidHlwZSI6ImF1dG8ifSwicHJvcHMiOnsiYmFja2dyb3VuZENvbG9yIjoiYXV0byIsImJhY2tncm91bmRJbWFnZSI6ImF1dG8iLCJiYWNrZ3JvdW5kU3R5bGUiOiJhdXRvIiwiaGlnaGxpZ2h0TGlua3MiOiJhdXRvIiwibGlnaHRpbmciOiJhdXRvIiwic2luZ2xlUGFnZU1vZGUiOiJhdXRvIiwiY2FjaGVkUGFnZXMiOiJhdXRvIiwicmVuZGVySW5hY3RpdmVQYWdlcyI6ImF1dG8iLCJyZW5kZXJJbmFjdGl2ZVBhZ2VzT25Nb2JpbGUiOiJhdXRvIiwicmVuZGVyV2hpbGVGbGlwcGluZyI6ImF1dG8iLCJwcmVsb2FkUGFnZXMiOiJhdXRvIiwiYXV0b1BsYXlEdXJhdGlvbiI6ImF1dG8iLCJydGwiOiJhdXRvIiwiaW50ZXJhY3RpdmVDb3JuZXJzIjoiYXV0byIsIm1heERlcHRoIjoiYXV0byIsInNoZWV0Ijp7InN0YXJ0VmVsb2NpdHkiOiJhdXRvIiwid2F2ZSI6ImF1dG8iLCJzaGFwZSI6ImF1dG8iLCJ3aWR0aFRleGVscyI6ImF1dG8iLCJjb2xvciI6ImF1dG8iLCJzaWRlIjoiYXV0byIsInN0cmV0Y2hJbWFnZXMiOiJhdXRvIiwiY29ybmVyRGV2aWF0aW9uIjoiYXV0byIsImZsZXhpYmlsaXR5IjoiYXV0byIsImZsZXhpYmxlQ29ybmVyIjoiYXV0byIsImJlbmRpbmciOiJhdXRvIiwiaGVpZ2h0VGV4ZWxzIjoiYXV0byJ9LCJjb3ZlciI6eyJ3YXZlIjoiYXV0byIsImNvbG9yIjoiYXV0byIsInNpZGUiOiJhdXRvIiwic3RyZXRjaEltYWdlcyI6ImF1dG8iLCJiaW5kZXJUZXh0dXJlIjoiYXV0byIsImRlcHRoIjoiYXV0byIsInBhZGRpbmciOiJhdXRvIiwic3RhcnRWZWxvY2l0eSI6ImF1dG8iLCJmbGV4aWJpbGl0eSI6ImF1dG8iLCJmbGV4aWJsZUNvcm5lciI6ImF1dG8iLCJiZW5kaW5nIjoiYXV0byIsIndpZHRoVGV4ZWxzIjoiYXV0byIsImhlaWdodFRleGVscyI6ImF1dG8iLCJtYXNzIjoiYXV0byIsInNoYXBlIjoiYXV0byJ9LCJwYWdlIjp7IndhdmUiOiJhdXRvIiwiY29sb3IiOiJhdXRvIiwic2lkZSI6ImF1dG8iLCJzdHJldGNoSW1hZ2VzIjoiYXV0byIsImRlcHRoIjoiYXV0byIsInN0YXJ0VmVsb2NpdHkiOiJhdXRvIiwiZmxleGliaWxpdHkiOiJhdXRvIiwiZmxleGlibGVDb3JuZXIiOiJhdXRvIiwiYmVuZGluZyI6ImF1dG8iLCJ3aWR0aFRleGVscyI6ImF1dG8iLCJoZWlnaHRUZXhlbHMiOiJhdXRvIiwibWFzcyI6ImF1dG8iLCJzaGFwZSI6ImF1dG8ifSwiaGVpZ2h0IjoiYXV0byIsIndpZHRoIjoiYXV0byIsImdyYXZpdHkiOiJhdXRvIiwicGFnZXNGb3JQcmVkaWN0aW5nIjoiYXV0byJ9LCJjb250cm9sUHJvcHMiOnsiYWN0aW9ucyI6eyJjbWRUb2MiOnsiZW5hYmxlZCI6ImF1dG8iLCJlbmFibGVkSW5OYXJyb3ciOiJhdXRvIiwiYWN0aXZlIjoiYXV0byIsImRlZmF1bHRUYWIiOiJhdXRvIn0sImNtZEF1dG9QbGF5Ijp7ImVuYWJsZWQiOiJhdXRvIiwiZW5hYmxlZEluTmFycm93IjoiYXV0byIsImFjdGl2ZSI6ImF1dG8ifSwiY21kU2F2ZSI6eyJlbmFibGVkIjoiYXV0byIsImVuYWJsZWRJbk5hcnJvdyI6ImF1dG8ifSwiY21kUHJpbnQiOnsiZW5hYmxlZCI6ImF1dG8iLCJlbmFibGVkSW5OYXJyb3ciOiJhdXRvIn0sImNtZFNpbmdsZVBhZ2UiOnsiZW5hYmxlZCI6ImF1dG8iLCJlbmFibGVkSW5OYXJyb3ciOiJhdXRvIiwiYWN0aXZlIjoiYXV0byIsImFjdGl2ZUZvck1vYmlsZSI6ImF1dG8ifSwid2lkVG9vbGJhciI6eyJlbmFibGVkIjoiYXV0byIsImVuYWJsZWRJbk5hcnJvdyI6ImF1dG8ifX19LCJhdXRvVGh1bWJuYWlsIjoiaHR0cDpcL1wvd3d3LnVuc3RhLmVkdS5hclwvaW52ZXN0aWdhY2lvbnlkZXNhcnJvbGxvXC93cC1jb250ZW50XC91cGxvYWRzXC9zaXRlc1wvNDJcLzNkLWZsaXAtYm9va1wvYXV0by10aHVtYm5haWxzXC8xNzQucG5nIiwicG9zdF9uYW1lIjoibWFudWFsLWNyZWFjaW9uLWRlLXVzdWFyaW8iLCJwb3N0X3R5cGUiOiIzZC1mbGlwLWJvb2sifX0sInBhZ2VzIjpbXSwiZmlyc3RQYWdlcyI6W119');window.FB3D_CLIENT_LOCALE && FB3D_CLIENT_LOCALE.render && FB3D_CLIENT_LOCALE.render();<\/script>\t\t<\/p>\n<h6>Manual POSTULACION DE PROYECTO<\/h6>\n<h6>\nManual MIGRACI\u00d3N DE DATOS<\/h6>\n<h6>\nManual CREACI\u00d3N DE USUARIO<\/h6>\n<h2>Noticias<\/h2>\n<h2>Envianos tu consulta<\/h2>\n<p>\t\t\t\t<svg aria-hidden=\"true\" viewBox=\"0 0 512 512\" xmlns=\"http:\/\/www.w3.org\/2000\/svg\"><path d=\"M497.39 361.8l-112-48a24 24 0 0 0-28 6.9l-49.6 60.6A370.66 370.66 0 0 1 130.6 204.11l60.6-49.6a23.94 23.94 0 0 0 6.9-28l-48-112A24.16 24.16 0 0 0 122.6.61l-104 24A24 24 0 0 0 0 48c0 256.5 207.9 464 464 464a24 24 0 0 0 23.4-18.6l24-104a24.29 24.29 0 0 0-14.01-27.6z\"><\/path><\/svg>\t\t\t\t<\/p>\n<h3>\n\t\t\t\t\t\t\tTel\u00e9fono:<br \/>\n\t\t\t\t\t<\/h3>\n<p>\n\t\t\t\t\t\t(381) 4101127\t\t\t\t\t<\/p>\n<p>\t\t\t\t<svg aria-hidden=\"true\" viewBox=\"0 0 512 512\" xmlns=\"http:\/\/www.w3.org\/2000\/svg\"><path d=\"M256,8C119,8,8,119,8,256S119,504,256,504,504,393,504,256,393,8,256,8Zm92.49,313h0l-20,25a16,16,0,0,1-22.49,2.5h0l-67-49.72a40,40,0,0,1-15-31.23V112a16,16,0,0,1,16-16h32a16,16,0,0,1,16,16V256l58,42.5A16,16,0,0,1,348.49,321Z\"><\/path><\/svg>\t\t\t\t<\/p>\n<h3>\n\t\t\t\t\t\t\tHorarios de atenci\u00f3n:\u00a0<br \/>\n\t\t\t\t\t<\/h3>\n<p>\n\t\t\t\t\t\tLunes a viernes de 8:30 a 16:30 Hs.\t\t\t\t\t<\/p>\n","protected":false},"excerpt":{"rendered":"<p>El Servicio de Investigaci\u00f3n y Desarrollo de la UNSTA tiene a su cargo la gesti\u00f3n integral de las actividades de la Universidad vinculadas con Investigaci\u00f3n, Desarrollo e Innovaci\u00f3n. Fue creado en agosto del a\u00f1o 2015, a trav\u00e9s de la RR N\u00b0 386\/15, con los siguientes Alcances: Coordinar los proyectos de investigaci\u00f3n y desarrollo en el [&hellip;]<\/p>\n","protected":false},"author":1,"featured_media":0,"parent":0,"menu_order":0,"comment_status":"closed","ping_status":"closed","template":"","meta":{"_acf_changed":false,"site-sidebar-layout":"no-sidebar","site-content-layout":"","ast-site-content-layout":"full-width-container","site-content-style":"default","site-sidebar-style":"default","ast-global-header-display":"","ast-banner-title-visibility":"","ast-main-header-display":"","ast-hfb-above-header-display":"","ast-hfb-below-header-display":"","ast-hfb-mobile-header-display":"","site-post-title":"disabled","ast-breadcrumbs-content":"","ast-featured-img":"disabled","footer-sml-layout":"","ast-disable-related-posts":"","theme-transparent-header-meta":"","adv-header-id-meta":"","stick-header-meta":"","header-above-stick-meta":"","header-main-stick-meta":"","header-below-stick-meta":"","astra-migrate-meta-layouts":"default","ast-page-background-enabled":"default","ast-page-background-meta":{"desktop":{"background-color":"var(--ast-global-color-4)","background-image":"","background-repeat":"repeat","background-position":"center center","background-size":"auto","background-attachment":"scroll","background-type":"","background-media":"","overlay-type":"","overlay-color":"","overlay-opacity":"","overlay-gradient":""},"tablet":{"background-color":"","background-image":"","background-repeat":"repeat","background-position":"center center","background-size":"auto","background-attachment":"scroll","background-type":"","background-media":"","overlay-type":"","overlay-color":"","overlay-opacity":"","overlay-gradient":""},"mobile":{"background-color":"","background-image":"","background-repeat":"repeat","background-position":"center center","background-size":"auto","background-attachment":"scroll","background-type":"","background-media":"","overlay-type":"","overlay-color":"","overlay-opacity":"","overlay-gradient":""}},"ast-content-background-meta":{"desktop":{"background-color":"var(--ast-global-color-5)","background-image":"","background-repeat":"repeat","background-position":"center center","background-size":"auto","background-attachment":"scroll","background-type":"","background-media":"","overlay-type":"","overlay-color":"","overlay-opacity":"","overlay-gradient":""},"tablet":{"background-color":"var(--ast-global-color-5)","background-image":"","background-repeat":"repeat","background-position":"center center","background-size":"auto","background-attachment":"scroll","background-type":"","background-media":"","overlay-type":"","overlay-color":"","overlay-opacity":"","overlay-gradient":""},"mobile":{"background-color":"var(--ast-global-color-5)","background-image":"","background-repeat":"repeat","background-position":"center center","background-size":"auto","background-attachment":"scroll","background-type":"","background-media":"","overlay-type":"","overlay-color":"","overlay-opacity":"","overlay-gradient":""}},"footnotes":""},"class_list":["post-19","page","type-page","status-publish","hentry"],"acf":[],"_links":{"self":[{"href":"https:\/\/www.unsta.edu.ar\/investigacionydesarrollo\/wp-json\/wp\/v2\/pages\/19","targetHints":{"allow":["GET"]}}],"collection":[{"href":"https:\/\/www.unsta.edu.ar\/investigacionydesarrollo\/wp-json\/wp\/v2\/pages"}],"about":[{"href":"https:\/\/www.unsta.edu.ar\/investigacionydesarrollo\/wp-json\/wp\/v2\/types\/page"}],"author":[{"embeddable":true,"href":"https:\/\/www.unsta.edu.ar\/investigacionydesarrollo\/wp-json\/wp\/v2\/users\/1"}],"replies":[{"embeddable":true,"href":"https:\/\/www.unsta.edu.ar\/investigacionydesarrollo\/wp-json\/wp\/v2\/comments?post=19"}],"version-history":[{"count":76,"href":"https:\/\/www.unsta.edu.ar\/investigacionydesarrollo\/wp-json\/wp\/v2\/pages\/19\/revisions"}],"predecessor-version":[{"id":384,"href":"https:\/\/www.unsta.edu.ar\/investigacionydesarrollo\/wp-json\/wp\/v2\/pages\/19\/revisions\/384"}],"wp:attachment":[{"href":"https:\/\/www.unsta.edu.ar\/investigacionydesarrollo\/wp-json\/wp\/v2\/media?parent=19"}],"curies":[{"name":"wp","href":"https:\/\/api.w.org\/{rel}","templated":true}]}}