{"id":179,"date":"2025-06-06T10:08:50","date_gmt":"2025-06-06T13:08:50","guid":{"rendered":"https:\/\/www.unsta.edu.ar\/investigacionydesarrollo\/?page_id=179"},"modified":"2025-06-06T10:12:59","modified_gmt":"2025-06-06T13:12:59","slug":"redes","status":"publish","type":"page","link":"https:\/\/www.unsta.edu.ar\/investigacionydesarrollo\/redes\/","title":{"rendered":"Redes"},"content":{"rendered":"<h4>Red UC OC &#8211; Banco de Evaluadores<\/h4>\n<p dir=\"ltr\">Con el objetivo de seguir construyendo puentes y fortaleciendo v\u00ednculos con otras Instituciones de Educaci\u00f3n Superior Cat\u00f3licas, en julio DE 2021 se realiz\u00f3 la Primera Convocatoria para integrar el Banco de Evaluadores de la Red de Universidades Cat\u00f3licas y de Orientaci\u00f3n Cat\u00f3lica (Red UC-OC).<\/p>\n<p dir=\"ltr\">Esta red, de la cual UNSTA ahora forma parte, nace como un espacio para la reflexi\u00f3n, el di\u00e1logo y el acuerdo entre sus miembros, tendiente a promover la cooperaci\u00f3n cient\u00edfica, tecnol\u00f3gica, educativa, cultural y el di\u00e1logo permanente con la sociedad y el Estado.<\/p>\n<p dir=\"ltr\">En ese marco, se conform\u00f3 un banco de evaluadores para los proyectos de investigaci\u00f3n que se llevan a cabo en las diferentes Universidades miembros de la Red, cuya impronta cat\u00f3lica y human\u00edstica est\u00e1 siempre presente.<\/p>\n<p dir=\"ltr\">Luego de un cuidado proceso de selecci\u00f3n se eligieron a 20 docentes e investigadores de nuestra instituci\u00f3n que demostraron de manera fehaciente su experiencia en el \u00e1rea de investigaci\u00f3n, con perfiles diversos que incluyen especialistas en econom\u00eda, filosof\u00eda, historia, teolog\u00eda y otras disciplinas.<\/p>\n<p dir=\"ltr\">Para conocer m\u00e1s sobre la Red:\u00a0<a href=\"http:\/\/www.reducoc.org\/\" target=\"_blank\" rel=\"noopener\">http:\/\/www.reducoc.org\/<\/a>\u00a0<\/p>\n<p>\t\t\t\t\t\t\t\t\t\t\t\t\t\t\t<img loading=\"lazy\" decoding=\"async\" width=\"1024\" height=\"724\" src=\"http:\/\/www.unsta.edu.ar\/investigacionydesarrollo\/wp-content\/uploads\/sites\/42\/2025\/06\/REDUOC-1024x724.jpg\" alt=\"\" srcset=\"https:\/\/www.unsta.edu.ar\/investigacionydesarrollo\/wp-content\/uploads\/sites\/42\/2025\/06\/REDUOC-1024x724.jpg 1024w, https:\/\/www.unsta.edu.ar\/investigacionydesarrollo\/wp-content\/uploads\/sites\/42\/2025\/06\/REDUOC-300x212.jpg 300w, https:\/\/www.unsta.edu.ar\/investigacionydesarrollo\/wp-content\/uploads\/sites\/42\/2025\/06\/REDUOC-768x543.jpg 768w, https:\/\/www.unsta.edu.ar\/investigacionydesarrollo\/wp-content\/uploads\/sites\/42\/2025\/06\/REDUOC-600x424.jpg 600w, https:\/\/www.unsta.edu.ar\/investigacionydesarrollo\/wp-content\/uploads\/sites\/42\/2025\/06\/REDUOC.jpg 1280w\" sizes=\"auto, (max-width: 1024px) 100vw, 1024px\" \/><\/p>\n","protected":false},"excerpt":{"rendered":"<p>Red UC OC &#8211; Banco de Evaluadores Con el objetivo de seguir construyendo puentes y fortaleciendo v\u00ednculos con otras Instituciones de Educaci\u00f3n Superior Cat\u00f3licas, en julio DE 2021 se realiz\u00f3 la Primera Convocatoria para integrar el Banco de Evaluadores de la Red de Universidades Cat\u00f3licas y de Orientaci\u00f3n Cat\u00f3lica (Red UC-OC). Esta red, de la [&hellip;]<\/p>\n","protected":false},"author":1,"featured_media":0,"parent":0,"menu_order":0,"comment_status":"closed","ping_status":"closed","template":"","meta":{"_acf_changed":false,"site-sidebar-layout":"no-sidebar","site-content-layout":"","ast-site-content-layout":"full-width-container","site-content-style":"default","site-sidebar-style":"default","ast-global-header-display":"","ast-banner-title-visibility":"","ast-main-header-display":"","ast-hfb-above-header-display":"","ast-hfb-below-header-display":"","ast-hfb-mobile-header-display":"","site-post-title":"disabled","ast-breadcrumbs-content":"","ast-featured-img":"disabled","footer-sml-layout":"","ast-disable-related-posts":"","theme-transparent-header-meta":"","adv-header-id-meta":"","stick-header-meta":"","header-above-stick-meta":"","header-main-stick-meta":"","header-below-stick-meta":"","astra-migrate-meta-layouts":"default","ast-page-background-enabled":"default","ast-page-background-meta":{"desktop":{"background-color":"var(--ast-global-color-4)","background-image":"","background-repeat":"repeat","background-position":"center center","background-size":"auto","background-attachment":"scroll","background-type":"","background-media":"","overlay-type":"","overlay-color":"","overlay-opacity":"","overlay-gradient":""},"tablet":{"background-color":"","background-image":"","background-repeat":"repeat","background-position":"center center","background-size":"auto","background-attachment":"scroll","background-type":"","background-media":"","overlay-type":"","overlay-color":"","overlay-opacity":"","overlay-gradient":""},"mobile":{"background-color":"","background-image":"","background-repeat":"repeat","background-position":"center center","background-size":"auto","background-attachment":"scroll","background-type":"","background-media":"","overlay-type":"","overlay-color":"","overlay-opacity":"","overlay-gradient":""}},"ast-content-background-meta":{"desktop":{"background-color":"var(--ast-global-color-5)","background-image":"","background-repeat":"repeat","background-position":"center center","background-size":"auto","background-attachment":"scroll","background-type":"","background-media":"","overlay-type":"","overlay-color":"","overlay-opacity":"","overlay-gradient":""},"tablet":{"background-color":"var(--ast-global-color-5)","background-image":"","background-repeat":"repeat","background-position":"center center","background-size":"auto","background-attachment":"scroll","background-type":"","background-media":"","overlay-type":"","overlay-color":"","overlay-opacity":"","overlay-gradient":""},"mobile":{"background-color":"var(--ast-global-color-5)","background-image":"","background-repeat":"repeat","background-position":"center center","background-size":"auto","background-attachment":"scroll","background-type":"","background-media":"","overlay-type":"","overlay-color":"","overlay-opacity":"","overlay-gradient":""}},"footnotes":""},"class_list":["post-179","page","type-page","status-publish","hentry"],"acf":[],"_links":{"self":[{"href":"https:\/\/www.unsta.edu.ar\/investigacionydesarrollo\/wp-json\/wp\/v2\/pages\/179","targetHints":{"allow":["GET"]}}],"collection":[{"href":"https:\/\/www.unsta.edu.ar\/investigacionydesarrollo\/wp-json\/wp\/v2\/pages"}],"about":[{"href":"https:\/\/www.unsta.edu.ar\/investigacionydesarrollo\/wp-json\/wp\/v2\/types\/page"}],"author":[{"embeddable":true,"href":"https:\/\/www.unsta.edu.ar\/investigacionydesarrollo\/wp-json\/wp\/v2\/users\/1"}],"replies":[{"embeddable":true,"href":"https:\/\/www.unsta.edu.ar\/investigacionydesarrollo\/wp-json\/wp\/v2\/comments?post=179"}],"version-history":[{"count":4,"href":"https:\/\/www.unsta.edu.ar\/investigacionydesarrollo\/wp-json\/wp\/v2\/pages\/179\/revisions"}],"predecessor-version":[{"id":184,"href":"https:\/\/www.unsta.edu.ar\/investigacionydesarrollo\/wp-json\/wp\/v2\/pages\/179\/revisions\/184"}],"wp:attachment":[{"href":"https:\/\/www.unsta.edu.ar\/investigacionydesarrollo\/wp-json\/wp\/v2\/media?parent=179"}],"curies":[{"name":"wp","href":"https:\/\/api.w.org\/{rel}","templated":true}]}}