{"id":674,"date":"2024-05-22T15:34:03","date_gmt":"2024-05-22T18:34:03","guid":{"rendered":"https:\/\/www.unsta.edu.ar\/internacionales\/?page_id=674"},"modified":"2024-05-23T10:49:13","modified_gmt":"2024-05-23T13:49:13","slug":"incoming","status":"publish","type":"page","link":"https:\/\/www.unsta.edu.ar\/internacionales\/incoming\/","title":{"rendered":"Incoming"},"content":{"rendered":"<h3>Incoming<br \/> Students<\/h3>\n<h2>Tucum\u00e1n<\/h2>\n<p>\t\t\t<a href=\"https:\/\/www.movilidadoducal.com\/index_mobilitas.php\" target=\"_blank\" rel=\"noopener\"><br \/>\n\t\t\t\t\t\tInformaci\u00f3n<br \/>\n\t\t\t\t\t<\/a><\/p>\n<p>Tucum\u00e1n, la cuna de la independencia Argentina, es una provincia rica en historia y cultura. Situada a 1.311 kil\u00f3metros de Buenos Aires, es la m\u00e1s peque\u00f1a del pa\u00eds en t\u00e9rminos de superficie, pero la m\u00e1s densamente poblada. Esta caracter\u00edstica \u00fanica se debe a la combinaci\u00f3n de su vibrante ciudad y hermosas monta\u00f1as, que ofrecen un entorno natural impresionante.<\/p>\n<p>La provincia de Tucum\u00e1n es un destino tur\u00edstico ideal por su variada oferta. Desde los animados centros urbanos, llenos de vida nocturna y eventos culturales, hasta los tranquilos paisajes monta\u00f1osos que brindan oportunidades para actividades al aire libre como el senderismo y la observaci\u00f3n de la flora y fauna aut\u00f3ctonas.<\/p>\n<p><em>Tucum\u00e1n, the cradle of Argentine independence, is a province rich in history and culture. Located 1,311 kilometers from Buenos Aires, it is the smallest province in the country in terms of area, but the most densely populated. This unique characteristic is due to the combination of its vibrant city and beautiful mountains, which offer an impressive natural environment.<\/em><\/p>\n<p><em>Tucum\u00e1n province is an ideal tourist destination because of its varied offerings. From lively urban centers, full of nightlife and cultural events, to peaceful mountainous landscapes that provide opportunities for outdoor activities such as hiking and observing the native flora and fauna.<\/em><\/p>\n<h2>Vivir en Tucum\u00e1n<\/h2>\n<p>Se puede arribar en avi\u00f3n, en auto, en colectivo y en tren. El aeropuerto de Tucum\u00e1n est\u00e1 muy cerca del centro de la ciudad y es el punto de conexi\u00f3n de vuelos desde y hacia las ciudades de Buenos Aires y C\u00f3rdoba.\u00a0<\/p>\n<p>Debajo puedes ver un estimado de los precios en Tucum\u00e1n. Ten\u00e9 en cuenta que pueden variar de mes a mes y van a depender de la zona en la que te encuentres.<\/p>\n<p><em>You can arrive by plane, car, bus, and train. The Tucum\u00e1n airport is very close to the city center and it\u2019s a connection point for flights to and from Buenos Aires and C\u00f3rdoba.<\/em><\/p>\n<p><em>Below this text, you can see an estimate of prices in Tucum\u00e1n. Keep in mind that these can vary from month to month and will depend on the area you are in.<\/em><\/p>\n<p>\t\t\t\t\t\t\t\t\t\t\t\t\t\t\t<img decoding=\"async\" src=\"https:\/\/www.unsta.edu.ar\/internacionales\/wp-content\/uploads\/sites\/30\/elementor\/thumbs\/Mesa-de-trabajo-1-qol4s6vttxmtb328vjy1kuvsjmrtkj405zsxwtjce8.png\" title=\"Mesa de trabajo 1\" alt=\"Mesa de trabajo 1\" loading=\"lazy\" \/>\t\t\t\t\t\t\t\t\t\t\t\t\t\t\t<\/p>\n<p style=\"text-align: center;\">Transporte<br \/>Transport<br \/>$1000<\/p>\n<p>\t\t\t\t\t\t\t\t\t\t\t\t\t\t\t<img decoding=\"async\" src=\"https:\/\/www.unsta.edu.ar\/internacionales\/wp-content\/uploads\/sites\/30\/elementor\/thumbs\/Mesa-de-trabajo-1-copia-qol4s5xzn3lizh3m11jf0d4by8wgcu09tv5gfjkqkg.png\" title=\"Mesa de trabajo 1 copia\" alt=\"Mesa de trabajo 1 copia\" loading=\"lazy\" \/>\t\t\t\t\t\t\t\t\t\t\t\t\t\t\t<\/p>\n<p style=\"text-align: center;\">Men\u00fa en la ciudad <br \/>Menu in the city<br \/>$5000<\/p>\n<p>\t\t\t\t\t\t\t\t\t\t\t\t\t\t\t<img decoding=\"async\" src=\"https:\/\/www.unsta.edu.ar\/internacionales\/wp-content\/uploads\/sites\/30\/elementor\/thumbs\/Mesa-de-trabajo-1-copia-2-qol4s34h2lho0n7phibjavty63acpqp2th6zzpox34.png\" title=\"Mesa de trabajo 1 copia 2\" alt=\"Mesa de trabajo 1 copia 2\" loading=\"lazy\" \/>\t\t\t\t\t\t\t\t\t\t\t\t\t\t\t<\/p>\n<p style=\"text-align: center;\">Caf\u00e9 con medialunas<br \/>Coffee with medialunas<br \/>$2500<\/p>\n<p>\t\t\t\t\t\t\t\t\t\t\t\t\t\t\t<img decoding=\"async\" src=\"https:\/\/www.unsta.edu.ar\/internacionales\/wp-content\/uploads\/sites\/30\/elementor\/thumbs\/Mesa-de-trabajo-1-copia-4-qol4s505g9k8nv4z6j4sfvcvcv1354wjhqhyy9m4qo.png\" title=\"Mesa de trabajo 1 copia 4\" alt=\"Mesa de trabajo 1 copia 4\" loading=\"lazy\" \/>\t\t\t\t\t\t\t\t\t\t\t\t\t\t\t<\/p>\n<p style=\"text-align: center;\">Alquiler de monoambiente amoblado<br \/>Furnished studio apartment rental<br \/>$300000<\/p>\n<p><strong>* Los precios estan representados en la moneda oficial de Argentina, PESOS ARGENTINOS.<\/strong><\/p>\n<p><strong>Para ver todas las actividades que puedes realizar en Tucum\u00e1n ingres\u00e1 en:\u00a0<\/strong><\/p>\n<p>\t\t\t<a href=\"https:\/\/www.tucumanturismo.gob.ar\/\" target=\"_blank\" rel=\"noopener\"><br \/>\n\t\t\t\t\t\tTucuman Turismo<br \/>\n\t\t\t\t\t<\/a><\/p>\n<h3>Incoming teachers and researchers<\/h3>\n<h2>Convenios y Redes internacionales<br \/>\n<\/h2>\n<p dir=\"ltr\" style=\"line-height: 1.38; text-align: justify; margin-top: 0pt; margin-bottom: 0pt;\">Si est\u00e1s interesado en realizar un intercambio docente o realizar tu investigaci\u00f3n en nuestra Universidad, podes contactarte con la oficina de Relaciones Institucionales de tu Universidad para ver los convenios disponibles con UNSTA.\u00a0\u00a0<\/p>\n<p>Si tu Universidad forma parte de alguna de estas redes, pod\u00e9s realizar un intercambio en nuestra Universidad!<\/p>\n<p>\t\t\t\t\t\t\t\t\t\t\t\t\t\t\t<img decoding=\"async\" width=\"525\" height=\"176\" src=\"https:\/\/www.unsta.edu.ar\/internacionales\/wp-content\/uploads\/sites\/30\/2023\/02\/Mesa-de-trabajo-1-copia-15-1.png\" alt=\"\" loading=\"lazy\" srcset=\"https:\/\/www.unsta.edu.ar\/internacionales\/wp-content\/uploads\/sites\/30\/2023\/02\/Mesa-de-trabajo-1-copia-15-1.png 600w, https:\/\/www.unsta.edu.ar\/internacionales\/wp-content\/uploads\/sites\/30\/2023\/02\/Mesa-de-trabajo-1-copia-15-1-300x101.png 300w\" sizes=\"auto, 100vw\" \/><br \/>\n\t\t\t\t\t\t\t\t\t\t\t\t\t\t\t<img decoding=\"async\" width=\"525\" height=\"176\" src=\"https:\/\/www.unsta.edu.ar\/internacionales\/wp-content\/uploads\/sites\/30\/2023\/02\/Mesa-de-trabajo-1-copia-14-1.png\" alt=\"\" loading=\"lazy\" srcset=\"https:\/\/www.unsta.edu.ar\/internacionales\/wp-content\/uploads\/sites\/30\/2023\/02\/Mesa-de-trabajo-1-copia-14-1.png 600w, https:\/\/www.unsta.edu.ar\/internacionales\/wp-content\/uploads\/sites\/30\/2023\/02\/Mesa-de-trabajo-1-copia-14-1-300x101.png 300w\" sizes=\"auto, 100vw\" \/><br \/>\n\t\t\t\t\t\t\t\t\t\t\t\t\t\t\t<img decoding=\"async\" width=\"525\" height=\"176\" src=\"https:\/\/www.unsta.edu.ar\/internacionales\/wp-content\/uploads\/sites\/30\/2023\/02\/Mesa-de-trabajo-1-copia-16-1.png\" alt=\"\" loading=\"lazy\" srcset=\"https:\/\/www.unsta.edu.ar\/internacionales\/wp-content\/uploads\/sites\/30\/2023\/02\/Mesa-de-trabajo-1-copia-16-1.png 600w, https:\/\/www.unsta.edu.ar\/internacionales\/wp-content\/uploads\/sites\/30\/2023\/02\/Mesa-de-trabajo-1-copia-16-1-300x101.png 300w\" sizes=\"auto, 100vw\" \/><br \/>\n\t\t\t<a href=\"https:\/\/docs.google.com\/spreadsheets\/d\/1TYzFGFckdmcEwGr3wsf5y5iVlOHTPhn0934-UtzRAUo\/edit#gid=0\"><br \/>\n\t\t\t\t\t\tListado de convenios especificos<br \/>\n\t\t\t\t\t<\/a><\/p>\n","protected":false},"excerpt":{"rendered":"<p>Incoming Students Tucum\u00e1n Informaci\u00f3n Tucum\u00e1n, la cuna de la independencia Argentina, es una provincia rica en historia y cultura. Situada a 1.311 kil\u00f3metros de Buenos Aires, es la m\u00e1s peque\u00f1a del pa\u00eds en t\u00e9rminos de superficie, pero la m\u00e1s densamente poblada. Esta caracter\u00edstica \u00fanica se debe a la combinaci\u00f3n de su vibrante ciudad y hermosas &hellip; <\/p>\n<p class=\"link-more\"><a href=\"https:\/\/www.unsta.edu.ar\/internacionales\/incoming\/\" class=\"more-link\">Segu\u00ed leyendo<span class=\"screen-reader-text\"> &#8220;Incoming&#8221;<\/span><\/a><\/p>\n","protected":false},"author":1,"featured_media":0,"parent":0,"menu_order":0,"comment_status":"closed","ping_status":"closed","template":"elementor_header_footer","meta":{"footnotes":""},"class_list":["post-674","page","type-page","status-publish","hentry"],"_links":{"self":[{"href":"https:\/\/www.unsta.edu.ar\/internacionales\/wp-json\/wp\/v2\/pages\/674","targetHints":{"allow":["GET"]}}],"collection":[{"href":"https:\/\/www.unsta.edu.ar\/internacionales\/wp-json\/wp\/v2\/pages"}],"about":[{"href":"https:\/\/www.unsta.edu.ar\/internacionales\/wp-json\/wp\/v2\/types\/page"}],"author":[{"embeddable":true,"href":"https:\/\/www.unsta.edu.ar\/internacionales\/wp-json\/wp\/v2\/users\/1"}],"replies":[{"embeddable":true,"href":"https:\/\/www.unsta.edu.ar\/internacionales\/wp-json\/wp\/v2\/comments?post=674"}],"version-history":[{"count":11,"href":"https:\/\/www.unsta.edu.ar\/internacionales\/wp-json\/wp\/v2\/pages\/674\/revisions"}],"predecessor-version":[{"id":718,"href":"https:\/\/www.unsta.edu.ar\/internacionales\/wp-json\/wp\/v2\/pages\/674\/revisions\/718"}],"wp:attachment":[{"href":"https:\/\/www.unsta.edu.ar\/internacionales\/wp-json\/wp\/v2\/media?parent=674"}],"curies":[{"name":"wp","href":"https:\/\/api.w.org\/{rel}","templated":true}]}}