{"id":1608,"date":"2026-04-22T12:14:35","date_gmt":"2026-04-22T15:14:35","guid":{"rendered":"https:\/\/www.unsta.edu.ar\/extension\/?page_id=1608"},"modified":"2026-04-24T11:03:10","modified_gmt":"2026-04-24T14:03:10","slug":"internacionales","status":"publish","type":"page","link":"https:\/\/www.unsta.edu.ar\/extension\/internacionales\/","title":{"rendered":"Internacionales"},"content":{"rendered":"\t\t<div data-elementor-type=\"wp-page\" data-elementor-id=\"1608\" class=\"elementor elementor-1608\" data-elementor-post-type=\"page\">\n\t\t\t\t\t\t<section class=\"elementor-section elementor-top-section elementor-element elementor-element-5d7b309 elementor-section-boxed elementor-section-height-default elementor-section-height-default\" data-id=\"5d7b309\" data-element_type=\"section\" data-e-type=\"section\" data-settings=\"{&quot;background_background&quot;:&quot;classic&quot;}\">\n\t\t\t\t\t\t<div class=\"elementor-container elementor-column-gap-default\">\n\t\t\t\t\t<div class=\"elementor-column elementor-col-100 elementor-top-column elementor-element elementor-element-fb65c15\" data-id=\"fb65c15\" data-element_type=\"column\" data-e-type=\"column\">\n\t\t\t<div class=\"elementor-widget-wrap elementor-element-populated\">\n\t\t\t\t\t\t<section class=\"elementor-section elementor-inner-section elementor-element elementor-element-6bfddc6 elementor-section-full_width elementor-section-height-default elementor-section-height-default\" data-id=\"6bfddc6\" data-element_type=\"section\" data-e-type=\"section\">\n\t\t\t\t\t\t<div class=\"elementor-container elementor-column-gap-default\">\n\t\t\t\t\t<div class=\"elementor-column elementor-col-100 elementor-inner-column elementor-element elementor-element-f757331\" data-id=\"f757331\" data-element_type=\"column\" data-e-type=\"column\">\n\t\t\t<div class=\"elementor-widget-wrap elementor-element-populated\">\n\t\t\t\t\t\t<div class=\"elementor-element elementor-element-6c8de64 elementor-widget elementor-widget-menu-anchor\" data-id=\"6c8de64\" data-element_type=\"widget\" data-e-type=\"widget\" data-widget_type=\"menu-anchor.default\">\n\t\t\t\t\t\t\t<div class=\"elementor-menu-anchor\" id=\"internacionales\"><\/div>\n\t\t\t\t\t\t<\/div>\n\t\t\t\t<div class=\"elementor-element elementor-element-d92ee74 elementor-widget elementor-widget-heading\" data-id=\"d92ee74\" data-element_type=\"widget\" data-e-type=\"widget\" data-widget_type=\"heading.default\">\n\t\t\t\t\t<h3 class=\"elementor-heading-title elementor-size-default\"><a href=\"https:\/\/www.unsta.edu.ar\/alumni-unsta\/quienes-somos\/\">Internacionales<\/a><\/h3>\t\t\t\t<\/div>\n\t\t<div class=\"elementor-element elementor-element-f57e8b1 e-flex e-con-boxed e-con e-parent\" data-id=\"f57e8b1\" data-element_type=\"container\" data-e-type=\"container\" data-settings=\"{&quot;background_background&quot;:&quot;classic&quot;}\">\n\t\t\t\t\t<div class=\"e-con-inner\">\n\t\t<div class=\"elementor-element elementor-element-2e1e25a e-con-full e-flex e-con e-child\" data-id=\"2e1e25a\" data-element_type=\"container\" data-e-type=\"container\" data-settings=\"{&quot;background_background&quot;:&quot;classic&quot;}\">\n\t\t\t\t<div class=\"elementor-element elementor-element-99535a4 elementor-widget elementor-widget-text-editor\" data-id=\"99535a4\" data-element_type=\"widget\" data-e-type=\"widget\" data-widget_type=\"text-editor.default\">\n\t\t\t\t\t\t\t\t\t<p>La internacionalizaci\u00f3n se concibe como un proceso abierto al di\u00e1logo intercultural y la cooperaci\u00f3n acad\u00e9mica, que ampl\u00eda oportunidades de investigaci\u00f3n, movilidad y formaci\u00f3n, siempre desde la identidad cat\u00f3lica y dominicana de la UNSTA.<\/p><p><b>Objetivo<\/b><\/p><p>Impulsar acciones de internacionalizaci\u00f3n con sentido y prop\u00f3sito, que fortalezcan el perfil acad\u00e9mico de la UNSTA sin perder sus ra\u00edces locales, beneficiando a la comunidad de alumnos y docentes.<\/p>\t\t\t\t\t\t\t\t<\/div>\n\t\t\t\t<\/div>\n\t\t<div class=\"elementor-element elementor-element-cd93d8c e-con-full e-flex e-con e-child\" data-id=\"cd93d8c\" data-element_type=\"container\" data-e-type=\"container\" data-settings=\"{&quot;background_background&quot;:&quot;classic&quot;}\">\n\t\t\t\t<div class=\"elementor-element elementor-element-77e7408 elementor-widget elementor-widget-image\" data-id=\"77e7408\" data-element_type=\"widget\" data-e-type=\"widget\" data-widget_type=\"image.default\">\n\t\t\t\t\t\t\t\t\t\t\t\t\t\t\t<img decoding=\"async\" width=\"300\" height=\"145\" src=\"https:\/\/www.unsta.edu.ar\/extension\/wp-content\/uploads\/sites\/28\/2026\/04\/relaciones-internacionales-300x145.jpg\" class=\"attachment-medium size-medium wp-image-1680\" alt=\"\" srcset=\"https:\/\/www.unsta.edu.ar\/extension\/wp-content\/uploads\/sites\/28\/2026\/04\/relaciones-internacionales-300x145.jpg 300w, https:\/\/www.unsta.edu.ar\/extension\/wp-content\/uploads\/sites\/28\/2026\/04\/relaciones-internacionales.jpg 737w\" sizes=\"100vw\" \/>\t\t\t\t\t\t\t\t\t\t\t\t\t\t\t<\/div>\n\t\t\t\t<\/div>\n\t\t\t\t\t<\/div>\n\t\t\t\t<\/div>\n\t\t\t\t\t<\/div>\n\t\t<\/div>\n\t\t\t\t\t<\/div>\n\t\t<\/section>\n\t\t\t\t\t<\/div>\n\t\t<\/div>\n\t\t\t\t\t<\/div>\n\t\t<\/section>\n\t\t<div class=\"elementor-element elementor-element-1b6acdc e-flex e-con-boxed e-con e-parent\" data-id=\"1b6acdc\" data-element_type=\"container\" data-e-type=\"container\">\n\t\t\t\t\t<div class=\"e-con-inner\">\n\t\t\t\t<div class=\"elementor-element elementor-element-454cba9 elementor-widget elementor-widget-image\" data-id=\"454cba9\" data-element_type=\"widget\" data-e-type=\"widget\" data-widget_type=\"image.default\">\n\t\t\t\t\t\t\t\t\t\t\t\t\t\t\t<img fetchpriority=\"high\" decoding=\"async\" width=\"525\" height=\"472\" src=\"https:\/\/www.unsta.edu.ar\/extension\/wp-content\/uploads\/sites\/28\/2026\/04\/Mesa-de-trabajo-8.png\" class=\"attachment-large size-large wp-image-1640\" alt=\"\" srcset=\"https:\/\/www.unsta.edu.ar\/extension\/wp-content\/uploads\/sites\/28\/2026\/04\/Mesa-de-trabajo-8.png 714w, https:\/\/www.unsta.edu.ar\/extension\/wp-content\/uploads\/sites\/28\/2026\/04\/Mesa-de-trabajo-8-300x270.png 300w\" sizes=\"100vw\" \/>\t\t\t\t\t\t\t\t\t\t\t\t\t\t\t<\/div>\n\t\t\t\t<div class=\"elementor-element elementor-element-57445f1 elementor-widget elementor-widget-image\" data-id=\"57445f1\" data-element_type=\"widget\" data-e-type=\"widget\" data-widget_type=\"image.default\">\n\t\t\t\t\t\t\t\t\t\t\t\t\t\t\t<img decoding=\"async\" width=\"525\" height=\"259\" src=\"https:\/\/www.unsta.edu.ar\/extension\/wp-content\/uploads\/sites\/28\/2026\/04\/Mesa-de-trabajo-9.png\" class=\"attachment-large size-large wp-image-1641\" alt=\"\" srcset=\"https:\/\/www.unsta.edu.ar\/extension\/wp-content\/uploads\/sites\/28\/2026\/04\/Mesa-de-trabajo-9.png 718w, https:\/\/www.unsta.edu.ar\/extension\/wp-content\/uploads\/sites\/28\/2026\/04\/Mesa-de-trabajo-9-300x148.png 300w\" sizes=\"100vw\" \/>\t\t\t\t\t\t\t\t\t\t\t\t\t\t\t<\/div>\n\t\t\t\t\t<\/div>\n\t\t\t\t<\/div>\n\t\t<div class=\"elementor-element elementor-element-c9000b2 e-flex e-con-boxed e-con e-child\" data-id=\"c9000b2\" data-element_type=\"container\" data-e-type=\"container\">\n\t\t\t\t\t<div class=\"e-con-inner\">\n\t\t<div class=\"elementor-element elementor-element-47b1e1b e-con-full e-flex e-con e-child\" data-id=\"47b1e1b\" data-element_type=\"container\" data-e-type=\"container\">\n\t\t\t\t<div class=\"elementor-element elementor-element-9349a31 elementor-widget elementor-widget-image\" data-id=\"9349a31\" data-element_type=\"widget\" data-e-type=\"widget\" data-widget_type=\"image.default\">\n\t\t\t\t\t\t\t\t\t\t\t\t\t\t\t<img loading=\"lazy\" decoding=\"async\" width=\"525\" height=\"263\" src=\"https:\/\/www.unsta.edu.ar\/extension\/wp-content\/uploads\/sites\/28\/2026\/04\/send-mail.png\" class=\"attachment-large size-large wp-image-1659\" alt=\"\" srcset=\"https:\/\/www.unsta.edu.ar\/extension\/wp-content\/uploads\/sites\/28\/2026\/04\/send-mail.png 899w, https:\/\/www.unsta.edu.ar\/extension\/wp-content\/uploads\/sites\/28\/2026\/04\/send-mail-300x150.png 300w, https:\/\/www.unsta.edu.ar\/extension\/wp-content\/uploads\/sites\/28\/2026\/04\/send-mail-768x384.png 768w\" sizes=\"100vw\" \/>\t\t\t\t\t\t\t\t\t\t\t\t\t\t\t<\/div>\n\t\t\t\t<\/div>\n\t\t<div class=\"elementor-element elementor-element-e0ca394 e-con-full e-flex e-con e-child\" data-id=\"e0ca394\" data-element_type=\"container\" data-e-type=\"container\">\n\t\t\t\t<div class=\"elementor-element elementor-element-bc3ceb1 elementor-widget elementor-widget-heading\" data-id=\"bc3ceb1\" data-element_type=\"widget\" data-e-type=\"widget\" data-widget_type=\"heading.default\">\n\t\t\t\t\t<h2 class=\"elementor-heading-title elementor-size-default\">Por cualquier inquietud escribinos a:<\/h2>\t\t\t\t<\/div>\n\t\t\t\t<div class=\"elementor-element elementor-element-d7fcec1 elementor-align-center elementor-widget elementor-widget-button\" data-id=\"d7fcec1\" data-element_type=\"widget\" data-e-type=\"widget\" data-widget_type=\"button.default\">\n\t\t\t\t\t\t\t\t\t\t<a class=\"elementor-button elementor-button-link elementor-size-sm\" href=\"http:\/\/internacionales@unsta.edu.ar\">\n\t\t\t\t\t\t<span class=\"elementor-button-content-wrapper\">\n\t\t\t\t\t\t\t\t\t<span class=\"elementor-button-text\">internacionales@unsta.edu.ar<\/span>\n\t\t\t\t\t<\/span>\n\t\t\t\t\t<\/a>\n\t\t\t\t\t\t\t\t<\/div>\n\t\t\t\t<\/div>\n\t\t\t\t\t<\/div>\n\t\t\t\t<\/div>\n\t\t\t\t<\/div>\n\t\t","protected":false},"excerpt":{"rendered":"<p>Internacionales La internacionalizaci\u00f3n se concibe como un proceso abierto al di\u00e1logo intercultural y la cooperaci\u00f3n acad\u00e9mica, que ampl\u00eda oportunidades de investigaci\u00f3n, movilidad y formaci\u00f3n, siempre desde la identidad cat\u00f3lica y dominicana de la UNSTA. Objetivo Impulsar acciones de internacionalizaci\u00f3n con sentido y prop\u00f3sito, que fortalezcan el perfil acad\u00e9mico de la UNSTA sin perder sus ra\u00edces &hellip; <\/p>\n<p class=\"link-more\"><a href=\"https:\/\/www.unsta.edu.ar\/extension\/internacionales\/\" class=\"more-link\">Segu\u00ed leyendo<span class=\"screen-reader-text\"> &#8220;Internacionales&#8221;<\/span><\/a><\/p>\n","protected":false},"author":33,"featured_media":0,"parent":0,"menu_order":0,"comment_status":"closed","ping_status":"closed","template":"elementor_header_footer","meta":{"_acf_changed":false,"_angie_page":false,"footnotes":""},"class_list":["post-1608","page","type-page","status-publish","hentry"],"acf":[],"_links":{"self":[{"href":"https:\/\/www.unsta.edu.ar\/extension\/wp-json\/wp\/v2\/pages\/1608","targetHints":{"allow":["GET"]}}],"collection":[{"href":"https:\/\/www.unsta.edu.ar\/extension\/wp-json\/wp\/v2\/pages"}],"about":[{"href":"https:\/\/www.unsta.edu.ar\/extension\/wp-json\/wp\/v2\/types\/page"}],"author":[{"embeddable":true,"href":"https:\/\/www.unsta.edu.ar\/extension\/wp-json\/wp\/v2\/users\/33"}],"replies":[{"embeddable":true,"href":"https:\/\/www.unsta.edu.ar\/extension\/wp-json\/wp\/v2\/comments?post=1608"}],"version-history":[{"count":10,"href":"https:\/\/www.unsta.edu.ar\/extension\/wp-json\/wp\/v2\/pages\/1608\/revisions"}],"predecessor-version":[{"id":1683,"href":"https:\/\/www.unsta.edu.ar\/extension\/wp-json\/wp\/v2\/pages\/1608\/revisions\/1683"}],"wp:attachment":[{"href":"https:\/\/www.unsta.edu.ar\/extension\/wp-json\/wp\/v2\/media?parent=1608"}],"curies":[{"name":"wp","href":"https:\/\/api.w.org\/{rel}","templated":true}]}}