{"id":1598,"date":"2026-04-22T12:12:41","date_gmt":"2026-04-22T15:12:41","guid":{"rendered":"https:\/\/www.unsta.edu.ar\/extension\/?page_id=1598"},"modified":"2026-04-24T10:57:42","modified_gmt":"2026-04-24T13:57:42","slug":"vinculacion-con-el-medio","status":"publish","type":"page","link":"https:\/\/www.unsta.edu.ar\/extension\/vinculacion-con-el-medio\/","title":{"rendered":"Vinculacion con el medio"},"content":{"rendered":"\t\t<div data-elementor-type=\"wp-page\" data-elementor-id=\"1598\" class=\"elementor elementor-1598\" data-elementor-post-type=\"page\">\n\t\t\t\t\t\t<section class=\"elementor-section elementor-top-section elementor-element elementor-element-d25b8da elementor-section-boxed elementor-section-height-default elementor-section-height-default\" data-id=\"d25b8da\" data-element_type=\"section\" data-e-type=\"section\" data-settings=\"{&quot;background_background&quot;:&quot;classic&quot;}\">\n\t\t\t\t\t\t<div class=\"elementor-container elementor-column-gap-default\">\n\t\t\t\t\t<div class=\"elementor-column elementor-col-100 elementor-top-column elementor-element elementor-element-6030ca6\" data-id=\"6030ca6\" data-element_type=\"column\" data-e-type=\"column\">\n\t\t\t<div class=\"elementor-widget-wrap elementor-element-populated\">\n\t\t\t\t\t\t<section class=\"elementor-section elementor-inner-section elementor-element elementor-element-02df571 elementor-section-full_width elementor-section-height-default elementor-section-height-default\" data-id=\"02df571\" data-element_type=\"section\" data-e-type=\"section\">\n\t\t\t\t\t\t<div class=\"elementor-container elementor-column-gap-default\">\n\t\t\t\t\t<div class=\"elementor-column elementor-col-100 elementor-inner-column elementor-element elementor-element-3541ead\" data-id=\"3541ead\" data-element_type=\"column\" data-e-type=\"column\">\n\t\t\t<div class=\"elementor-widget-wrap elementor-element-populated\">\n\t\t\t\t\t\t<div class=\"elementor-element elementor-element-508149f elementor-widget elementor-widget-menu-anchor\" data-id=\"508149f\" data-element_type=\"widget\" data-e-type=\"widget\" data-widget_type=\"menu-anchor.default\">\n\t\t\t\t\t\t\t<div class=\"elementor-menu-anchor\" id=\"vinculacion\"><\/div>\n\t\t\t\t\t\t<\/div>\n\t\t\t\t<div class=\"elementor-element elementor-element-dafd338 elementor-widget elementor-widget-heading\" data-id=\"dafd338\" data-element_type=\"widget\" data-e-type=\"widget\" data-widget_type=\"heading.default\">\n\t\t\t\t\t<h3 class=\"elementor-heading-title elementor-size-default\"><a href=\"https:\/\/www.unsta.edu.ar\/alumni-unsta\/quienes-somos\/\">Vinculaci\u00f3n con el Medio<\/a><\/h3>\t\t\t\t<\/div>\n\t\t<div class=\"elementor-element elementor-element-6c4c9b4 e-flex e-con-boxed e-con e-parent\" data-id=\"6c4c9b4\" data-element_type=\"container\" data-e-type=\"container\" data-settings=\"{&quot;background_background&quot;:&quot;classic&quot;}\">\n\t\t\t\t\t<div class=\"e-con-inner\">\n\t\t<div class=\"elementor-element elementor-element-0fb748c e-con-full e-flex e-con e-child\" data-id=\"0fb748c\" data-element_type=\"container\" data-e-type=\"container\" data-settings=\"{&quot;background_background&quot;:&quot;classic&quot;}\">\n\t\t\t\t<div class=\"elementor-element elementor-element-7931fa9 elementor-widget elementor-widget-text-editor\" data-id=\"7931fa9\" data-element_type=\"widget\" data-e-type=\"widget\" data-widget_type=\"text-editor.default\">\n\t\t\t\t\t\t\t\t\t<p>Nuestro objetivo es fortalecer lazos con empresas, ONGs y gobiernos, generando valor compartido y potenciando la misi\u00f3n de la UNSTA.<\/p><p><b>Explicaci\u00f3n del eje<\/b><\/p><p>La vinculaci\u00f3n con el medio conecta a la UNSTA con empresas, organismos p\u00fablicos y ONGs, promoviendo el bien com\u00fan mediante alianzas estrat\u00e9gicas que generan oportunidades de convenios, fortaleciendo la cooperaci\u00f3n institucional, trasferencia tecnol\u00f3gica y del conocimiento en el territorio.<\/p>\t\t\t\t\t\t\t\t<\/div>\n\t\t\t\t<\/div>\n\t\t<div class=\"elementor-element elementor-element-30c0948 e-con-full e-flex e-con e-child\" data-id=\"30c0948\" data-element_type=\"container\" data-e-type=\"container\" data-settings=\"{&quot;background_background&quot;:&quot;classic&quot;}\">\n\t\t\t\t<div class=\"elementor-element elementor-element-deebe83 elementor-widget elementor-widget-image\" data-id=\"deebe83\" data-element_type=\"widget\" data-e-type=\"widget\" data-widget_type=\"image.default\">\n\t\t\t\t\t\t\t\t\t\t\t\t\t\t\t<img fetchpriority=\"high\" decoding=\"async\" width=\"300\" height=\"199\" src=\"https:\/\/www.unsta.edu.ar\/extension\/wp-content\/uploads\/sites\/28\/2026\/04\/ONG-ODS-300x199.jpg\" class=\"attachment-medium size-medium wp-image-1672\" alt=\"\" srcset=\"https:\/\/www.unsta.edu.ar\/extension\/wp-content\/uploads\/sites\/28\/2026\/04\/ONG-ODS-300x199.jpg 300w, https:\/\/www.unsta.edu.ar\/extension\/wp-content\/uploads\/sites\/28\/2026\/04\/ONG-ODS.jpg 763w\" sizes=\"100vw\" \/>\t\t\t\t\t\t\t\t\t\t\t\t\t\t\t<\/div>\n\t\t\t\t<\/div>\n\t\t\t\t\t<\/div>\n\t\t\t\t<\/div>\n\t\t\t\t\t<\/div>\n\t\t<\/div>\n\t\t\t\t\t<\/div>\n\t\t<\/section>\n\t\t\t\t\t<\/div>\n\t\t<\/div>\n\t\t\t\t\t<\/div>\n\t\t<\/section>\n\t\t<div class=\"elementor-element elementor-element-d09fc42 e-flex e-con-boxed e-con e-parent\" data-id=\"d09fc42\" data-element_type=\"container\" data-e-type=\"container\">\n\t\t\t\t\t<div class=\"e-con-inner\">\n\t\t\t\t<div class=\"elementor-element elementor-element-511ca3a elementor-widget elementor-widget-image\" data-id=\"511ca3a\" data-element_type=\"widget\" data-e-type=\"widget\" data-widget_type=\"image.default\">\n\t\t\t\t\t\t\t\t\t\t\t\t\t\t\t<img decoding=\"async\" width=\"525\" height=\"487\" src=\"https:\/\/www.unsta.edu.ar\/extension\/wp-content\/uploads\/sites\/28\/2026\/04\/Mesa-de-trabajo-6.png\" class=\"attachment-large size-large wp-image-1633\" alt=\"\" srcset=\"https:\/\/www.unsta.edu.ar\/extension\/wp-content\/uploads\/sites\/28\/2026\/04\/Mesa-de-trabajo-6.png 699w, https:\/\/www.unsta.edu.ar\/extension\/wp-content\/uploads\/sites\/28\/2026\/04\/Mesa-de-trabajo-6-300x279.png 300w\" sizes=\"100vw\" \/>\t\t\t\t\t\t\t\t\t\t\t\t\t\t\t<\/div>\n\t\t\t\t<div class=\"elementor-element elementor-element-e49e50d elementor-widget elementor-widget-image\" data-id=\"e49e50d\" data-element_type=\"widget\" data-e-type=\"widget\" data-widget_type=\"image.default\">\n\t\t\t\t\t\t\t\t\t\t\t\t\t\t\t<img decoding=\"async\" width=\"525\" height=\"460\" src=\"https:\/\/www.unsta.edu.ar\/extension\/wp-content\/uploads\/sites\/28\/2026\/04\/Mesa-de-trabajo-7-1.png\" class=\"attachment-large size-large wp-image-1635\" alt=\"\" srcset=\"https:\/\/www.unsta.edu.ar\/extension\/wp-content\/uploads\/sites\/28\/2026\/04\/Mesa-de-trabajo-7-1.png 698w, https:\/\/www.unsta.edu.ar\/extension\/wp-content\/uploads\/sites\/28\/2026\/04\/Mesa-de-trabajo-7-1-300x263.png 300w\" sizes=\"100vw\" \/>\t\t\t\t\t\t\t\t\t\t\t\t\t\t\t<\/div>\n\t\t\t\t\t<\/div>\n\t\t\t\t<\/div>\n\t\t<div class=\"elementor-element elementor-element-3850def e-flex e-con-boxed e-con e-child\" data-id=\"3850def\" data-element_type=\"container\" data-e-type=\"container\">\n\t\t\t\t\t<div class=\"e-con-inner\">\n\t\t<div class=\"elementor-element elementor-element-ed1cc16 e-con-full e-flex e-con e-child\" data-id=\"ed1cc16\" data-element_type=\"container\" data-e-type=\"container\">\n\t\t\t\t<div class=\"elementor-element elementor-element-e2654bd elementor-widget elementor-widget-image\" data-id=\"e2654bd\" data-element_type=\"widget\" data-e-type=\"widget\" data-widget_type=\"image.default\">\n\t\t\t\t\t\t\t\t\t\t\t\t\t\t\t<img loading=\"lazy\" decoding=\"async\" width=\"525\" height=\"263\" src=\"https:\/\/www.unsta.edu.ar\/extension\/wp-content\/uploads\/sites\/28\/2026\/04\/send-mail.png\" class=\"attachment-large size-large wp-image-1659\" alt=\"\" srcset=\"https:\/\/www.unsta.edu.ar\/extension\/wp-content\/uploads\/sites\/28\/2026\/04\/send-mail.png 899w, https:\/\/www.unsta.edu.ar\/extension\/wp-content\/uploads\/sites\/28\/2026\/04\/send-mail-300x150.png 300w, https:\/\/www.unsta.edu.ar\/extension\/wp-content\/uploads\/sites\/28\/2026\/04\/send-mail-768x384.png 768w\" sizes=\"100vw\" \/>\t\t\t\t\t\t\t\t\t\t\t\t\t\t\t<\/div>\n\t\t\t\t<\/div>\n\t\t<div class=\"elementor-element elementor-element-1a090d8 e-con-full e-flex e-con e-child\" data-id=\"1a090d8\" data-element_type=\"container\" data-e-type=\"container\">\n\t\t\t\t<div class=\"elementor-element elementor-element-73cada7 elementor-widget elementor-widget-heading\" data-id=\"73cada7\" data-element_type=\"widget\" data-e-type=\"widget\" data-widget_type=\"heading.default\">\n\t\t\t\t\t<h2 class=\"elementor-heading-title elementor-size-default\">Por cualquier inquietud escribinos a:<\/h2>\t\t\t\t<\/div>\n\t\t\t\t<div class=\"elementor-element elementor-element-33dfc03 elementor-align-center elementor-widget elementor-widget-button\" data-id=\"33dfc03\" data-element_type=\"widget\" data-e-type=\"widget\" data-widget_type=\"button.default\">\n\t\t\t\t\t\t\t\t\t\t<a class=\"elementor-button elementor-button-link elementor-size-sm\" href=\"http:\/\/pasantias@unsta.edu.ar\">\n\t\t\t\t\t\t<span class=\"elementor-button-content-wrapper\">\n\t\t\t\t\t\t\t\t\t<span class=\"elementor-button-text\">pasantias@unsta.edu.ar<\/span>\n\t\t\t\t\t<\/span>\n\t\t\t\t\t<\/a>\n\t\t\t\t\t\t\t\t<\/div>\n\t\t\t\t<\/div>\n\t\t\t\t\t<\/div>\n\t\t\t\t<\/div>\n\t\t\t\t<\/div>\n\t\t","protected":false},"excerpt":{"rendered":"<p>Vinculaci\u00f3n con el Medio Nuestro objetivo es fortalecer lazos con empresas, ONGs y gobiernos, generando valor compartido y potenciando la misi\u00f3n de la UNSTA. Explicaci\u00f3n del eje La vinculaci\u00f3n con el medio conecta a la UNSTA con empresas, organismos p\u00fablicos y ONGs, promoviendo el bien com\u00fan mediante alianzas estrat\u00e9gicas que generan oportunidades de convenios, fortaleciendo &hellip; <\/p>\n<p class=\"link-more\"><a href=\"https:\/\/www.unsta.edu.ar\/extension\/vinculacion-con-el-medio\/\" class=\"more-link\">Segu\u00ed leyendo<span class=\"screen-reader-text\"> &#8220;Vinculacion con el medio&#8221;<\/span><\/a><\/p>\n","protected":false},"author":33,"featured_media":0,"parent":0,"menu_order":0,"comment_status":"closed","ping_status":"closed","template":"elementor_header_footer","meta":{"_acf_changed":false,"_angie_page":false,"footnotes":""},"class_list":["post-1598","page","type-page","status-publish","hentry"],"acf":[],"_links":{"self":[{"href":"https:\/\/www.unsta.edu.ar\/extension\/wp-json\/wp\/v2\/pages\/1598","targetHints":{"allow":["GET"]}}],"collection":[{"href":"https:\/\/www.unsta.edu.ar\/extension\/wp-json\/wp\/v2\/pages"}],"about":[{"href":"https:\/\/www.unsta.edu.ar\/extension\/wp-json\/wp\/v2\/types\/page"}],"author":[{"embeddable":true,"href":"https:\/\/www.unsta.edu.ar\/extension\/wp-json\/wp\/v2\/users\/33"}],"replies":[{"embeddable":true,"href":"https:\/\/www.unsta.edu.ar\/extension\/wp-json\/wp\/v2\/comments?post=1598"}],"version-history":[{"count":16,"href":"https:\/\/www.unsta.edu.ar\/extension\/wp-json\/wp\/v2\/pages\/1598\/revisions"}],"predecessor-version":[{"id":1678,"href":"https:\/\/www.unsta.edu.ar\/extension\/wp-json\/wp\/v2\/pages\/1598\/revisions\/1678"}],"wp:attachment":[{"href":"https:\/\/www.unsta.edu.ar\/extension\/wp-json\/wp\/v2\/media?parent=1598"}],"curies":[{"name":"wp","href":"https:\/\/api.w.org\/{rel}","templated":true}]}}