{"id":99,"date":"2019-03-28T10:26:28","date_gmt":"2019-03-28T13:26:28","guid":{"rendered":"http:\/\/www.unsta.edu.ar\/ceop\/?page_id=99"},"modified":"2021-10-05T16:31:41","modified_gmt":"2021-10-05T19:31:41","slug":"nuestra-historia-ceop","status":"publish","type":"page","link":"https:\/\/www.unsta.edu.ar\/ceop\/nuestra-historia-ceop\/","title":{"rendered":"Nuestra Historia"},"content":{"rendered":"\t\t<div data-elementor-type=\"wp-post\" data-elementor-id=\"99\" class=\"elementor elementor-99\" data-elementor-post-type=\"page\">\n\t\t\t\t\t\t<section class=\"elementor-section elementor-top-section elementor-element elementor-element-c7c3e20 elementor-section-full_width elementor-section-height-default elementor-section-height-default\" data-id=\"c7c3e20\" data-element_type=\"section\" data-e-type=\"section\">\n\t\t\t\t\t\t<div class=\"elementor-container elementor-column-gap-default\">\n\t\t\t\t\t<div class=\"elementor-column elementor-col-100 elementor-top-column elementor-element elementor-element-f61c611\" data-id=\"f61c611\" data-element_type=\"column\" data-e-type=\"column\">\n\t\t\t<div class=\"elementor-widget-wrap elementor-element-populated\">\n\t\t\t\t\t\t<section class=\"elementor-section elementor-inner-section elementor-element elementor-element-2d22b5e elementor-section-boxed elementor-section-height-default elementor-section-height-default\" data-id=\"2d22b5e\" data-element_type=\"section\" data-e-type=\"section\">\n\t\t\t\t\t\t<div class=\"elementor-container elementor-column-gap-default\">\n\t\t\t\t\t<div class=\"elementor-column elementor-col-100 elementor-inner-column elementor-element elementor-element-b0e66d6\" data-id=\"b0e66d6\" data-element_type=\"column\" data-e-type=\"column\">\n\t\t\t<div class=\"elementor-widget-wrap elementor-element-populated\">\n\t\t\t\t\t\t<div class=\"elementor-element elementor-element-0776cc8 elementor-widget elementor-widget-heading\" data-id=\"0776cc8\" data-element_type=\"widget\" data-e-type=\"widget\" data-widget_type=\"heading.default\">\n\t\t\t\t\t<h3 class=\"elementor-heading-title elementor-size-default\">Nuestra g\u00e9nesis<\/h3>\t\t\t\t<\/div>\n\t\t\t\t\t<\/div>\n\t\t<\/div>\n\t\t\t\t\t<\/div>\n\t\t<\/section>\n\t\t\t\t<section class=\"elementor-section elementor-inner-section elementor-element elementor-element-4e17758 elementor-section-boxed elementor-section-height-default elementor-section-height-default\" data-id=\"4e17758\" data-element_type=\"section\" data-e-type=\"section\">\n\t\t\t\t\t\t<div class=\"elementor-container elementor-column-gap-default\">\n\t\t\t\t\t<div class=\"elementor-column elementor-col-100 elementor-inner-column elementor-element elementor-element-8ca3546\" data-id=\"8ca3546\" data-element_type=\"column\" data-e-type=\"column\">\n\t\t\t<div class=\"elementor-widget-wrap elementor-element-populated\">\n\t\t\t\t\t\t<div class=\"elementor-element elementor-element-86f2435 elementor-widget elementor-widget-text-editor\" data-id=\"86f2435\" data-element_type=\"widget\" data-e-type=\"widget\" data-widget_type=\"text-editor.default\">\n\t\t\t\t\t\t\t\t\t<p><span style=\"font-weight: 400;\"><strong>Santo Domingo de Guzm\u00e1n insert\u00f3 en el ideal de su Orden el estudio orientado al ministerio de la salvaci\u00f3n.<\/strong> Eso explica que en el libro de las Constituciones, exprese que \u201cel estudio siempre debe estar dirigido principal, ardientemente y ante todo para poder ser \u00fatiles al pr\u00f3jimo\u201d.<\/span><\/p><p><span style=\"font-weight: 400;\">Los primeros dominicos hicieron de algunos de sus <strong>conventos escuelas de Filosof\u00eda y Teolog\u00eda<\/strong>, en que se consagraban al estudio de manera constante y met\u00f3dica. En el medioevo los principales centros en que se cultivaban las ciencias de la \u00e9poca eran llamados Estudios Generales y hacia fines del siglo XII, algunos de ellos adoptaron el nombre de \u201cUniversidad\u201d, para designar el conjunto de profesores y alumnos.<\/span><\/p>\t\t\t\t\t\t\t\t<\/div>\n\t\t\t\t\t<\/div>\n\t\t<\/div>\n\t\t\t\t\t<\/div>\n\t\t<\/section>\n\t\t\t\t<section class=\"elementor-section elementor-inner-section elementor-element elementor-element-fc21765 elementor-section-full_width elementor-section-height-default elementor-section-height-default\" data-id=\"fc21765\" data-element_type=\"section\" data-e-type=\"section\">\n\t\t\t\t\t\t<div class=\"elementor-container elementor-column-gap-default\">\n\t\t\t\t\t<div class=\"elementor-column elementor-col-100 elementor-inner-column elementor-element elementor-element-dc57f25\" data-id=\"dc57f25\" data-element_type=\"column\" data-e-type=\"column\">\n\t\t\t<div class=\"elementor-widget-wrap elementor-element-populated\">\n\t\t\t\t\t\t<div class=\"elementor-element elementor-element-a4696b0 elementor-widget-divider--view-line elementor-widget elementor-widget-divider\" data-id=\"a4696b0\" data-element_type=\"widget\" data-e-type=\"widget\" data-widget_type=\"divider.default\">\n\t\t\t\t\t\t\t<div class=\"elementor-divider\">\n\t\t\t<span class=\"elementor-divider-separator\">\n\t\t\t\t\t\t<\/span>\n\t\t<\/div>\n\t\t\t\t\t\t<\/div>\n\t\t\t\t<div class=\"elementor-element elementor-element-cb91a96 elementor-widget elementor-widget-heading\" data-id=\"cb91a96\" data-element_type=\"widget\" data-e-type=\"widget\" data-widget_type=\"heading.default\">\n\t\t\t\t\t<h3 class=\"elementor-heading-title elementor-size-default\">La \u201cCasa de Estudios\u201d o \u201cEstudios\u201d<\/h3>\t\t\t\t<\/div>\n\t\t\t\t\t<\/div>\n\t\t<\/div>\n\t\t\t\t\t<\/div>\n\t\t<\/section>\n\t\t\t\t<section class=\"elementor-section elementor-inner-section elementor-element elementor-element-aaf4c4d elementor-section-boxed elementor-section-height-default elementor-section-height-default\" data-id=\"aaf4c4d\" data-element_type=\"section\" data-e-type=\"section\">\n\t\t\t\t\t\t<div class=\"elementor-container elementor-column-gap-default\">\n\t\t\t\t\t<div class=\"elementor-column elementor-col-100 elementor-inner-column elementor-element elementor-element-505d7b7\" data-id=\"505d7b7\" data-element_type=\"column\" data-e-type=\"column\">\n\t\t\t<div class=\"elementor-widget-wrap elementor-element-populated\">\n\t\t\t\t\t\t<div class=\"elementor-element elementor-element-80d208f elementor-widget elementor-widget-text-editor\" data-id=\"80d208f\" data-element_type=\"widget\" data-e-type=\"widget\" data-widget_type=\"text-editor.default\">\n\t\t\t\t\t\t\t\t\t<p><span style=\"font-weight: 400;\">Significa lugar en donde\u00a0 se realizan los estudios de la carrera eclesi\u00e1stica. Hoy seg\u00fan el nuevo C\u00f3digo de Derecho Can\u00f3nico se utiliza el t\u00e9rmino \u201cformaci\u00f3n\u201d.\u00a0 <\/span><span style=\"font-weight: 400;\">No todos los conventos pueden tener un estudio, sino \u00fanicamente aquellos que llenan las condiciones requeridas de local, biblioteca, profesores, alumnos, etc.<\/span><\/p>\t\t\t\t\t\t\t\t<\/div>\n\t\t\t\t\t<\/div>\n\t\t<\/div>\n\t\t\t\t\t<\/div>\n\t\t<\/section>\n\t\t\t\t<section class=\"elementor-section elementor-inner-section elementor-element elementor-element-df22298 elementor-section-boxed elementor-section-height-default elementor-section-height-default\" data-id=\"df22298\" data-element_type=\"section\" data-e-type=\"section\">\n\t\t\t\t\t\t<div class=\"elementor-container elementor-column-gap-default\">\n\t\t\t\t\t<div class=\"elementor-column elementor-col-100 elementor-inner-column elementor-element elementor-element-c1aadf0\" data-id=\"c1aadf0\" data-element_type=\"column\" data-e-type=\"column\">\n\t\t\t<div class=\"elementor-widget-wrap elementor-element-populated\">\n\t\t\t\t\t\t<div class=\"elementor-element elementor-element-d125a9f elementor-blockquote--align-left elementor-blockquote--skin-border elementor-widget elementor-widget-blockquote\" data-id=\"d125a9f\" data-element_type=\"widget\" data-e-type=\"widget\" data-widget_type=\"blockquote.default\">\n\t\t\t\t\t\t\t<blockquote class=\"elementor-blockquote\">\n\t\t\t<p class=\"elementor-blockquote__content\">\n\t\t\t\tEn Argentina se funda en el convento de C\u00f3rdoba el primer Estudio General. \n\t\t\t<\/p>\n\t\t\t\t\t\t\t<div class=\"e-q-footer\">\n\t\t\t\t\t\t\t\t\t\t\t<cite class=\"elementor-blockquote__author\">1650<\/cite>\n\t\t\t\t\t\t\t\t\t\t\t\t\t\t<\/div>\n\t\t\t\t\t<\/blockquote>\n\t\t\t\t\t\t<\/div>\n\t\t\t\t<div class=\"elementor-element elementor-element-a18001b elementor-blockquote--align-left elementor-blockquote--skin-border elementor-widget elementor-widget-blockquote\" data-id=\"a18001b\" data-element_type=\"widget\" data-e-type=\"widget\" data-widget_type=\"blockquote.default\">\n\t\t\t\t\t\t\t<blockquote class=\"elementor-blockquote\">\n\t\t\t<p class=\"elementor-blockquote__content\">\n\t\t\t\tEn Buenos Aires se estableci\u00f3 en el convento dominicano, el Estudio de Filosof\u00eda. Al fundarse en 1724, la nueva Provincia dominicana de Buenos Aires, Tucum\u00e1n y Paraguay, el Estudio se transform\u00f3 en Estudio General de Filosof\u00eda y Teolog\u00eda.\n\t\t\t<\/p>\n\t\t\t\t\t\t\t<div class=\"e-q-footer\">\n\t\t\t\t\t\t\t\t\t\t\t<cite class=\"elementor-blockquote__author\">1713<\/cite>\n\t\t\t\t\t\t\t\t\t\t\t\t\t\t<\/div>\n\t\t\t\t\t<\/blockquote>\n\t\t\t\t\t\t<\/div>\n\t\t\t\t<div class=\"elementor-element elementor-element-e852970 elementor-blockquote--align-left elementor-blockquote--skin-border elementor-widget elementor-widget-blockquote\" data-id=\"e852970\" data-element_type=\"widget\" data-e-type=\"widget\" data-widget_type=\"blockquote.default\">\n\t\t\t\t\t\t\t<blockquote class=\"elementor-blockquote\">\n\t\t\t<p class=\"elementor-blockquote__content\">\n\t\t\t\tComienzan a dictarse sistem\u00e1ticamente cursos de filosof\u00eda y de teolog\u00eda ordenados a la formaci\u00f3n acad\u00e9mica de los candidatos al sacerdocio y con la participaci\u00f3n de estudiantes externos como oyentes.\t\t\t<\/p>\n\t\t\t\t\t\t\t<div class=\"e-q-footer\">\n\t\t\t\t\t\t\t\t\t\t\t<cite class=\"elementor-blockquote__author\">1797<\/cite>\n\t\t\t\t\t\t\t\t\t\t\t\t\t\t<\/div>\n\t\t\t\t\t<\/blockquote>\n\t\t\t\t\t\t<\/div>\n\t\t\t\t<div class=\"elementor-element elementor-element-be61c23 elementor-blockquote--align-left elementor-blockquote--skin-border elementor-widget elementor-widget-blockquote\" data-id=\"be61c23\" data-element_type=\"widget\" data-e-type=\"widget\" data-widget_type=\"blockquote.default\">\n\t\t\t\t\t\t\t<blockquote class=\"elementor-blockquote\">\n\t\t\t<p class=\"elementor-blockquote__content\">\n\t\t\t\tLas Orden religiosas sufri\u00f3 la expoliaci\u00f3n de algunos de sus conventos por los gobiernos civiles. \t\t\t<\/p>\n\t\t\t\t\t\t\t<div class=\"e-q-footer\">\n\t\t\t\t\t\t\t\t\t\t\t<cite class=\"elementor-blockquote__author\">1820<\/cite>\n\t\t\t\t\t\t\t\t\t\t\t\t\t\t<\/div>\n\t\t\t\t\t<\/blockquote>\n\t\t\t\t\t\t<\/div>\n\t\t\t\t<div class=\"elementor-element elementor-element-4bf416c elementor-blockquote--align-left elementor-blockquote--skin-border elementor-widget elementor-widget-blockquote\" data-id=\"4bf416c\" data-element_type=\"widget\" data-e-type=\"widget\" data-widget_type=\"blockquote.default\">\n\t\t\t\t\t\t\t<blockquote class=\"elementor-blockquote\">\n\t\t\t<p class=\"elementor-blockquote__content\">\n\t\t\t\tSe suprime el convento de Buenos Aires, manteni\u00e9ndose el Estudio solo en el de C\u00f3rdoba.\t\t\t<\/p>\n\t\t\t\t\t\t\t<div class=\"e-q-footer\">\n\t\t\t\t\t\t\t\t\t\t\t<cite class=\"elementor-blockquote__author\">1823<\/cite>\n\t\t\t\t\t\t\t\t\t\t\t\t\t\t<\/div>\n\t\t\t\t\t<\/blockquote>\n\t\t\t\t\t\t<\/div>\n\t\t\t\t<div class=\"elementor-element elementor-element-ffc874e elementor-blockquote--align-left elementor-blockquote--skin-border elementor-widget elementor-widget-blockquote\" data-id=\"ffc874e\" data-element_type=\"widget\" data-e-type=\"widget\" data-widget_type=\"blockquote.default\">\n\t\t\t\t\t\t\t<blockquote class=\"elementor-blockquote\">\n\t\t\t<p class=\"elementor-blockquote__content\">\n\t\t\t\tEl gobierno restituye el convento porte\u00f1o, que luego de 4 a\u00f1os se recuperan como Casa de noviciado y Estudios Superiores. \t\t\t<\/p>\n\t\t\t\t\t\t\t<div class=\"e-q-footer\">\n\t\t\t\t\t\t\t\t\t\t\t<cite class=\"elementor-blockquote__author\">1835<\/cite>\n\t\t\t\t\t\t\t\t\t\t\t\t\t\t<\/div>\n\t\t\t\t\t<\/blockquote>\n\t\t\t\t\t\t<\/div>\n\t\t\t\t<div class=\"elementor-element elementor-element-df03329 elementor-blockquote--align-left elementor-blockquote--skin-border elementor-widget elementor-widget-blockquote\" data-id=\"df03329\" data-element_type=\"widget\" data-e-type=\"widget\" data-widget_type=\"blockquote.default\">\n\t\t\t\t\t\t\t<blockquote class=\"elementor-blockquote\">\n\t\t\t<p class=\"elementor-blockquote__content\">\n\t\t\t\tPor una disposici\u00f3n del Visitador General, fray Segundo Fern\u00e1ndez, se centran los estudios inaugur\u00e1ndose en C\u00f3rdoba el \u201cEstudio General\u201d con los estudiantes locales y los de Buenos Aires y Tucum\u00e1n.\n\t\t\t<\/p>\n\t\t\t\t\t\t\t<div class=\"e-q-footer\">\n\t\t\t\t\t\t\t\t\t\t\t<cite class=\"elementor-blockquote__author\">1899<\/cite>\n\t\t\t\t\t\t\t\t\t\t\t\t\t\t<\/div>\n\t\t\t\t\t<\/blockquote>\n\t\t\t\t\t\t<\/div>\n\t\t\t\t<div class=\"elementor-element elementor-element-11fb6b0 elementor-blockquote--align-left elementor-blockquote--skin-border elementor-widget elementor-widget-blockquote\" data-id=\"11fb6b0\" data-element_type=\"widget\" data-e-type=\"widget\" data-widget_type=\"blockquote.default\">\n\t\t\t\t\t\t\t<blockquote class=\"elementor-blockquote\">\n\t\t\t<p class=\"elementor-blockquote__content\">\n\t\t\t\tLa Casa de Estudios y el noviciado se trasladan a Buenos Aires y una vez concluidos los estudios filos\u00f3ficos, los estudiantes eran enviados al exterior (a Europa, o a Lima, entre otras) para terminar la carrera. \nVeinte a\u00f1os m\u00e1s tarde se reiniciar\u00eda la ense\u00f1anza de la Teolog\u00eda en este convento de San Pedro Telmo.\n\t\t\t<\/p>\n\t\t\t\t\t\t\t<div class=\"e-q-footer\">\n\t\t\t\t\t\t\t\t\t\t\t<cite class=\"elementor-blockquote__author\">1937<\/cite>\n\t\t\t\t\t\t\t\t\t\t\t\t\t\t<\/div>\n\t\t\t\t\t<\/blockquote>\n\t\t\t\t\t\t<\/div>\n\t\t\t\t<div class=\"elementor-element elementor-element-c86cfa6 elementor-blockquote--align-left elementor-blockquote--skin-border elementor-widget elementor-widget-blockquote\" data-id=\"c86cfa6\" data-element_type=\"widget\" data-e-type=\"widget\" data-widget_type=\"blockquote.default\">\n\t\t\t\t\t\t\t<blockquote class=\"elementor-blockquote\">\n\t\t\t<p class=\"elementor-blockquote__content\">\n\t\t\t\tFueron creadas la Facultad de Filosof\u00eda, y el Instituto Teol\u00f3gico \u201cSanto Domingo\u201d, y el Centro de Estudios de la Orden se incorpor\u00f3 a la Universidad del Norte Santo Tom\u00e1s de Aquino (UNSTA), que tiene su sede central en la Ciudad de San Miguel de Tucum\u00e1n.\n\t\t\t<\/p>\n\t\t\t\t\t\t\t<div class=\"e-q-footer\">\n\t\t\t\t\t\t\t\t\t\t\t<cite class=\"elementor-blockquote__author\">1975<\/cite>\n\t\t\t\t\t\t\t\t\t\t\t\t\t\t<\/div>\n\t\t\t\t\t<\/blockquote>\n\t\t\t\t\t\t<\/div>\n\t\t\t\t\t<\/div>\n\t\t<\/div>\n\t\t\t\t\t<\/div>\n\t\t<\/section>\n\t\t\t\t<section class=\"elementor-section elementor-inner-section elementor-element elementor-element-9476733 elementor-section-full_width elementor-section-height-default elementor-section-height-default\" data-id=\"9476733\" data-element_type=\"section\" data-e-type=\"section\">\n\t\t\t\t\t\t<div class=\"elementor-container elementor-column-gap-default\">\n\t\t\t\t\t<div class=\"elementor-column elementor-col-100 elementor-inner-column elementor-element elementor-element-1ba76da\" data-id=\"1ba76da\" data-element_type=\"column\" data-e-type=\"column\">\n\t\t\t<div class=\"elementor-widget-wrap elementor-element-populated\">\n\t\t\t\t\t\t<div class=\"elementor-element elementor-element-1e4386b elementor-widget-divider--view-line elementor-widget elementor-widget-divider\" data-id=\"1e4386b\" data-element_type=\"widget\" data-e-type=\"widget\" data-widget_type=\"divider.default\">\n\t\t\t\t\t\t\t<div class=\"elementor-divider\">\n\t\t\t<span class=\"elementor-divider-separator\">\n\t\t\t\t\t\t<\/span>\n\t\t<\/div>\n\t\t\t\t\t\t<\/div>\n\t\t\t\t<div class=\"elementor-element elementor-element-eca3afd elementor-widget elementor-widget-heading\" data-id=\"eca3afd\" data-element_type=\"widget\" data-e-type=\"widget\" data-widget_type=\"heading.default\">\n\t\t\t\t\t<h3 class=\"elementor-heading-title elementor-size-default\">\u00bfSab\u00edas qu\u00e9...?<\/h3>\t\t\t\t<\/div>\n\t\t\t\t\t<\/div>\n\t\t<\/div>\n\t\t\t\t\t<\/div>\n\t\t<\/section>\n\t\t\t\t<section class=\"elementor-section elementor-inner-section elementor-element elementor-element-446772f elementor-section-boxed elementor-section-height-default elementor-section-height-default\" data-id=\"446772f\" data-element_type=\"section\" data-e-type=\"section\">\n\t\t\t\t\t\t<div class=\"elementor-container elementor-column-gap-default\">\n\t\t\t\t\t<div class=\"elementor-column elementor-col-100 elementor-inner-column elementor-element elementor-element-c323e7f\" data-id=\"c323e7f\" data-element_type=\"column\" data-e-type=\"column\">\n\t\t\t<div class=\"elementor-widget-wrap elementor-element-populated\">\n\t\t\t\t\t\t<div class=\"elementor-element elementor-element-3b80dd7 elementor-widget elementor-widget-text-editor\" data-id=\"3b80dd7\" data-element_type=\"widget\" data-e-type=\"widget\" data-widget_type=\"text-editor.default\">\n\t\t\t\t\t\t\t\t\t<p><span style=\"font-weight: 400;\"><strong>\u00a0Fr. Jos\u00e9 Manuel P\u00e9rez<\/strong>, ilustre tucumano, quien fue Provincial (1847) realiz\u00f3 sus estudios en el convento de Buenos Aires, siendo m\u00e1s tarde catedr\u00e1tico de Filosof\u00eda en el mismo entre los a\u00f1os 1834-1837. <\/span><i><span style=\"font-weight: 400;\">\u00a0<\/span><\/i><\/p>\t\t\t\t\t\t\t\t<\/div>\n\t\t\t\t<div class=\"elementor-element elementor-element-17906d6 elementor-widget elementor-widget-text-editor\" data-id=\"17906d6\" data-element_type=\"widget\" data-e-type=\"widget\" data-widget_type=\"text-editor.default\">\n\t\t\t\t\t\t\t\t\t<p><span style=\"font-weight: 400;\">En el atrio del templo de Santo Domingo en Buenos Aires, donde funciona la Sede del Centro de Estudios Institucionales de la Orden de Predicadores, <\/span><b>se encuentra el mausoleo que guarda los restos del General Manuel Belgrano.<\/b><\/p>\t\t\t\t\t\t\t\t<\/div>\n\t\t\t\t\t<\/div>\n\t\t<\/div>\n\t\t\t\t\t<\/div>\n\t\t<\/section>\n\t\t\t\t\t<\/div>\n\t\t<\/div>\n\t\t\t\t\t<\/div>\n\t\t<\/section>\n\t\t\t\t<\/div>\n\t\t","protected":false},"excerpt":{"rendered":"<p>Nuestra g\u00e9nesis Santo Domingo de Guzm\u00e1n insert\u00f3 en el ideal de su Orden el estudio orientado al ministerio de la salvaci\u00f3n. Eso explica que en el libro de las Constituciones, exprese que \u201cel estudio siempre debe estar dirigido principal, ardientemente y ante todo para poder ser \u00fatiles al pr\u00f3jimo\u201d. Los primeros dominicos hicieron de algunos &hellip; <\/p>\n<p class=\"link-more\"><a href=\"https:\/\/www.unsta.edu.ar\/ceop\/nuestra-historia-ceop\/\" class=\"more-link\">Segu\u00ed leyendo<span class=\"screen-reader-text\"> &#8220;Nuestra Historia&#8221;<\/span><\/a><\/p>\n","protected":false},"author":1,"featured_media":0,"parent":0,"menu_order":0,"comment_status":"closed","ping_status":"closed","template":"elementor_header_footer","meta":{"_acf_changed":false,"_angie_page":false,"footnotes":""},"class_list":["post-99","page","type-page","status-publish","hentry"],"acf":[],"_links":{"self":[{"href":"https:\/\/www.unsta.edu.ar\/ceop\/wp-json\/wp\/v2\/pages\/99","targetHints":{"allow":["GET"]}}],"collection":[{"href":"https:\/\/www.unsta.edu.ar\/ceop\/wp-json\/wp\/v2\/pages"}],"about":[{"href":"https:\/\/www.unsta.edu.ar\/ceop\/wp-json\/wp\/v2\/types\/page"}],"author":[{"embeddable":true,"href":"https:\/\/www.unsta.edu.ar\/ceop\/wp-json\/wp\/v2\/users\/1"}],"replies":[{"embeddable":true,"href":"https:\/\/www.unsta.edu.ar\/ceop\/wp-json\/wp\/v2\/comments?post=99"}],"version-history":[{"count":26,"href":"https:\/\/www.unsta.edu.ar\/ceop\/wp-json\/wp\/v2\/pages\/99\/revisions"}],"predecessor-version":[{"id":2606,"href":"https:\/\/www.unsta.edu.ar\/ceop\/wp-json\/wp\/v2\/pages\/99\/revisions\/2606"}],"wp:attachment":[{"href":"https:\/\/www.unsta.edu.ar\/ceop\/wp-json\/wp\/v2\/media?parent=99"}],"curies":[{"name":"wp","href":"https:\/\/api.w.org\/{rel}","templated":true}]}}