{"id":174,"date":"2022-02-23T20:01:28","date_gmt":"2022-02-23T23:01:28","guid":{"rendered":"https:\/\/www.unsta.edu.ar\/alumni-unsta\/?page_id=174"},"modified":"2022-02-24T14:39:10","modified_gmt":"2022-02-24T17:39:10","slug":"quienes-somos","status":"publish","type":"page","link":"https:\/\/www.unsta.edu.ar\/alumni-unsta\/quienes-somos\/","title":{"rendered":"Quienes somos"},"content":{"rendered":"<h3>Quienes somos<\/h3>\n<h4>Comunidad de alumnos y egresados de la Maestr\u00eda en Direcci\u00f3n de Empresas \u200b<\/h4>\n<p>\t\t\t\t\t<svg aria-hidden=\"true\"><use xlink:href=\"#fas-angle-down\" \/><\/svg><\/p>\n<p>La comunidad Alumni nuclea a todos los Egresados y Alumnos de la Maestr\u00eda en Direcci\u00f3n y Administraci\u00f3n de empresas que UNSTA viene dictando desde hace d\u00e9cadas. Esta comunidad busca de forma independiente a trav\u00e9s de su Comit\u00e9 Directivo, fomentar el v\u00ednculo continuo y el desarrollo actualizado de sus miembros.<\/p>\n<p><b>Directora<br \/><\/b>Lic. Micaela Martinez Luque<\/p>\n<p style=\"margin: 0cm 0cm 8pt; line-height: 15.6933px; font-size: 11pt; font-family: Calibri, sans-serif;\">\n","protected":false},"excerpt":{"rendered":"<p>Quienes somos Comunidad de alumnos y egresados de la Maestr\u00eda en Direcci\u00f3n de Empresas \u200b La comunidad Alumni nuclea a todos los Egresados y Alumnos de la Maestr\u00eda en Direcci\u00f3n y Administraci\u00f3n de empresas que UNSTA viene dictando desde hace d\u00e9cadas. Esta comunidad busca de forma independiente a trav\u00e9s de su Comit\u00e9 Directivo, fomentar el &hellip; <\/p>\n<p class=\"link-more\"><a href=\"https:\/\/www.unsta.edu.ar\/alumni-unsta\/quienes-somos\/\" class=\"more-link\">Segu\u00ed leyendo<span class=\"screen-reader-text\"> &#8220;Quienes somos&#8221;<\/span><\/a><\/p>\n","protected":false},"author":1,"featured_media":216,"parent":0,"menu_order":0,"comment_status":"closed","ping_status":"closed","template":"elementor_header_footer","meta":{"_acf_changed":false,"footnotes":""},"class_list":["post-174","page","type-page","status-publish","has-post-thumbnail","hentry"],"acf":[],"_links":{"self":[{"href":"https:\/\/www.unsta.edu.ar\/alumni-unsta\/wp-json\/wp\/v2\/pages\/174","targetHints":{"allow":["GET"]}}],"collection":[{"href":"https:\/\/www.unsta.edu.ar\/alumni-unsta\/wp-json\/wp\/v2\/pages"}],"about":[{"href":"https:\/\/www.unsta.edu.ar\/alumni-unsta\/wp-json\/wp\/v2\/types\/page"}],"author":[{"embeddable":true,"href":"https:\/\/www.unsta.edu.ar\/alumni-unsta\/wp-json\/wp\/v2\/users\/1"}],"replies":[{"embeddable":true,"href":"https:\/\/www.unsta.edu.ar\/alumni-unsta\/wp-json\/wp\/v2\/comments?post=174"}],"version-history":[{"count":8,"href":"https:\/\/www.unsta.edu.ar\/alumni-unsta\/wp-json\/wp\/v2\/pages\/174\/revisions"}],"predecessor-version":[{"id":234,"href":"https:\/\/www.unsta.edu.ar\/alumni-unsta\/wp-json\/wp\/v2\/pages\/174\/revisions\/234"}],"wp:featuredmedia":[{"embeddable":true,"href":"https:\/\/www.unsta.edu.ar\/alumni-unsta\/wp-json\/wp\/v2\/media\/216"}],"wp:attachment":[{"href":"https:\/\/www.unsta.edu.ar\/alumni-unsta\/wp-json\/wp\/v2\/media?parent=174"}],"curies":[{"name":"wp","href":"https:\/\/api.w.org\/{rel}","templated":true}]}}